{"id":1170,"date":"2020-11-08T10:50:43","date_gmt":"2020-11-08T09:50:43","guid":{"rendered":"https:\/\/3rings.eu\/?post_type=product&#038;p=1170"},"modified":"2024-10-20T20:21:32","modified_gmt":"2024-10-20T18:21:32","slug":"nescens-activador-suero-celulas-madre-cara-30ml","status":"publish","type":"product","link":"https:\/\/3rings.eu\/es\/producto\/nescens-activador-suero-celulas-madre-cara-30ml\/","title":{"rendered":"Suero activador, C\u00e9lulas madre, Cara - Nescens"},"content":{"rendered":"<p>El suero activador, la \u00faltima creaci\u00f3n de la investigaci\u00f3n antiedad de Nescens Biological, aumenta el poder regenerador de las c\u00e9lulas madre en la epidermis.<\/p>\n<p>Las capacidades regenerativas de la epidermis se reactivan de manera espectacular*. De esta forma, Nescens consigue recrear las condiciones perfectas necesarias para dar vida a las caracter\u00edsticas de una piel joven: firmeza, densidad, tersura, brillo, hidrataci\u00f3n y uniformidad. La piel se refresca en su origen, se reforma desde dentro, se rejuvenece*.<\/p>\n<p><em>*Ensayos in vitro de los ingredientes. \/ Ensayos en vivo de la f\u00f3rmula.<\/em><\/p>\n<h2>Beneficios cosmec\u00e9uticos<\/h2>\n<ul>\n<li>Aceleraci\u00f3n de la renovaci\u00f3n celular.<\/li>\n<li>Aumento de la densidad d\u00e9rmica + epid\u00e9rmica.<\/li>\n<li>Reducci\u00f3n de la aparici\u00f3n de arrugas.<\/li>\n<\/ul>\n<h2>Instrucciones de uso<\/h2>\n<p>Aplicar unas gotas en la cara y cuello por la ma\u00f1ana y por la noche, antes de la aplicaci\u00f3n de los tratamientos correctores.<\/p>\n<p class=\"translation-block\">Como parte del plan cosmec\u00e9utico de Nescens, el suero activador, c\u00e9lulas madre, est\u00e1 dise\u00f1ado para usarse dos veces al d\u00eda, antes de la aplicaci\u00f3n de la <a href=\"https:\/\/3rings.eu\/es\/categoria-producto\/cosmeceutica-2\/tratamiento-corrector\/\" target=\"_self\">gama de cuidados correctores Nescens<\/a>, para aumentar el potencial regenerativo de las c\u00e9lulas epid\u00e9rmicas.<\/p>\n<ol>\n<li class=\"translation-block\"><strong>Cuidado de preparaci\u00f3n Nescens<\/strong><br>\n<em>Paso 1<\/em>: lavar la cara y el cuello con el <a href=\"https:\/\/3rings.eu\/es\/producto\/nescens-gel-limpiador-cara-130ml\/\" target=\"_self\">gel limpiador<\/a>. Secar bien.<br>\n<em>Paso 2<\/em>: Rociar el <a href=\"https:\/\/3rings.eu\/es\/producto\/metabolic-activator-toner-face-150ml\/\" target=\"_self\">t\u00f3nico activador metab\u00f3lico<\/a> en las manos y aplicar sobre la cara y el cuello perfectamente limpios y secos. Masajear ligeramente la piel para optimizar la penetraci\u00f3n del t\u00f3nico.<\/li>\n<li><strong>Suero Nescens<\/strong><br \/>\nUna vez que el t\u00f3nico activador metab\u00f3lico se haya absorbido con \u00e9xito, continuar con la aplicaci\u00f3n del suero activador, c\u00e9lulas madre.<\/li>\n<li class=\"translation-block\"><strong>Cuidado corrector Nescens<\/strong><br>\nSeguir aplicando los <a href=\"https:\/\/3rings.eu\/es\/categoria-producto\/cosmeceutica-2\/tratamiento-corrector\/\" target=\"_self\">productos de cuidado corrector Nescens<\/a> para cara y ojos.<\/li>\n<\/ol>\n<p>El suero activador de c\u00e9lulas madre se recomienda particularmente para:<\/p>\n<ul>\n<li>Tratamientos de duraci\u00f3n larga para pieles maduras sin densidad ni firmeza.<\/li>\n<li>Tratamientos temporales para pieles finas y sensibles por condiciones espec\u00edficas (procedimiento m\u00e9dico o cirug\u00eda pl\u00e1stica). Consultar con el doctor.<\/li>\n<\/ul>\n<p>Unisex. Probado cl\u00ednicamente bajo control dermatol\u00f3gico.<\/p>\n<h2>Ingredientes activos principales<\/h2>\n<ul>\n<li><strong>Extracto de cultivo de callos de Saponaria pumila (PhytoCellTec Nunatak):<\/strong> este ingrediente activo, desarrollado a partir de c\u00e9lulas madre de Saponaria pumila, protege a las c\u00e9lulas madre d\u00e9rmicas frente a la p\u00e9rdida de su potencial regenerativo celular debido a la radiaci\u00f3n solar. La piel recupera su elasticidad, firmeza y densidad tras 4 semanas de tratamiento.<\/li>\n<li><strong>Extracto de cultivo de callos de Symphytum officinale (PhytoCellTec Symphytum):<\/strong> ingrediente activo desarrollado a partir de c\u00e9lulas madre de ra\u00edz de consuelda. Conserva la capacidad de divisi\u00f3n celular de las c\u00e9lulas madre epid\u00e9rmicas ante los efectos del envejecimiento. In vitro, ayuda a las c\u00e9lulas madre epid\u00e9rmicas a desarrollar una epidermis nueva (3D), m\u00e1s densa y rica en \u00e1cido hialur\u00f3nico. Ayuda a prevenir la reducci\u00f3n (atrofia) de la epidermis relacionada con la edad. Aumenta el contenido de agua de las c\u00e9lulas epid\u00e9rmicas, lo que mejora la hidrataci\u00f3n profunda.<\/li>\n<li><strong>Extracto de fermento de Pichia\/Resveratrol:<\/strong> combate el s\u00edntoma del envejecimiento replicativo (reducci\u00f3n de la capacidad regenerativa celular), aumentando la acci\u00f3n de la telomerasa (complejo enzim\u00e1tico implicado en la divisi\u00f3n celular). Reduce las reacciones inflamatorias (inflamaci\u00f3n) y aumenta la s\u00edntesis de col\u00e1geno IV, una prote\u00edna de la matriz esencial para el mantenimiento de la integridad estructural de las c\u00e9lulas d\u00e9rmicas. Ayuda a reducir las arrugas, mejorar el tono y la textura de la piel y controlar la pigmentaci\u00f3n.<\/li>\n<li><strong>Baicalin:<\/strong> fracci\u00f3n purificada de ra\u00edces de Scutellaria baicalensis, estandarizada en baicalina. Protege las c\u00e9lulas madre epid\u00e9rmicas frente a los efectos citot\u00f3xicos de los rayos ultravioleta y potencia su capacidad proliferativa. Retrasa el proceso de envejecimiento de los fibroblastos cut\u00e1neos. Los fibroblastos tratados con este ingrediente activo pueden sufrir cinco divisiones adicionales, lo que equivale a un aumento del 10% en las duplicaciones. Ayuda a retrasar el envejecimiento cut\u00e1neo. Las pruebas in vivo tambi\u00e9n han demostrado una mejora en la estructura de la piel, as\u00ed como un aumento de firmeza y elasticidad.<\/li>\n<li><strong>Palmitoyl tetrapeptide-7+ Palmitoyl tetrapeptide-1:<\/strong> contiene matrikinas que activan la s\u00edntesis de las macromol\u00e9culas en la matriz extracelular, a partir de la acci\u00f3n de genes implicados en la reestructuraci\u00f3n y reparaci\u00f3n de la piel. Ofrece una eficacia antiarrugas visible. Tambi\u00e9n proporciona una mejora significativa y sustancial en la elasticidad y el tono de la piel.<\/li>\n<li><strong>Palmitato de retinilo:<\/strong> acelera la regeneraci\u00f3n de las c\u00e9lulas epid\u00e9rmicas y regula su diferenciaci\u00f3n. Contribuye a mejorar la textura y firmeza de la piel. Evita la descamaci\u00f3n y la piel seca.<\/li>\n<li><strong>Niacinamida:<\/strong> ingrediente activo multifuncional. Activa la proliferaci\u00f3n de queratinocitos y fibroblastos. Refuerza la barrera epid\u00e9rmica aumentando su resistencia a la degradaci\u00f3n. Aumenta la hidrataci\u00f3n del estrato c\u00f3rneo. Acelera la diferenciaci\u00f3n de queratinocitos. Estimula de forma selectiva la s\u00edntesis de col\u00e1geno para mejorar el aspecto de la piel madura. Contribuye al aclaramiento de la piel interviniendo en la transferencia de melanosomas a los queratinocitos. Las pruebas in vivo han demostrado que la niacinamida reduce significativamente las manchas de la edad, equilibrando as\u00ed el cutis.<\/li>\n<li><strong>Acetil glucosamina (N-acetil glucosamina):<\/strong> activa la s\u00edntesis de col\u00e1geno y elastina por los fibroblastos y la producci\u00f3n basada en queratinocitos de \u00e1cido hialur\u00f3nico y glicosaminoglicanos. Fomenta la adhesi\u00f3n celular (se une a las glicoprote\u00ednas que aseguran la cohesi\u00f3n de los corneocitos). Estimula la acci\u00f3n de los marcadores de diferenciaci\u00f3n de queratinocitos (queratina, involucrinas).<\/li>\n<li><strong>Hialuronato de sodio (\u00e1cido hialur\u00f3nico fragmentado):<\/strong> ayuda a mantener la hidrataci\u00f3n y firmeza de la piel a partir de la estimulaci\u00f3n de la cohesi\u00f3n celular y la s\u00edntesis de col\u00e1geno. Limita la p\u00e9rdida de humedad epid\u00e9rmica al fortalecer las uniones entre los queratinocitos. Gracias a su capacidad higrosc\u00f3pica \u00fanica, mantiene la hidrataci\u00f3n formando dep\u00f3sitos de agua en la dermis.<\/li>\n<li><strong>Pantenol (provitamina B5):<\/strong> ayuda a restaurar las capas de l\u00edpidos epid\u00e9rmicos. Hidrata y estimula la divisi\u00f3n celular, adem\u00e1s de favorecer la regeneraci\u00f3n de tejidos. Protege y aporta suavidad y flexibilidad a la piel.<\/li>\n<\/ul>","protected":false},"excerpt":{"rendered":"<p>Nescens crea el primer s\u00e9rum eliminador de \u201cc\u00e9lulas zombis\u201d, aceleradoras del envejecimiento.\nPor primera vez, la Investigaci\u00f3n Nescens aplica en cosmec\u00e9utica nuevos ingredientes activos antiedad \u201csenol\u00edticos\u201d,\nya reconocidos en el \u00e1mbito m\u00e9dico por su actividad. Estos ingredientes activos senol\u00edticos favorecen la eliminaci\u00f3n\nde las c\u00e9lulas senescentes sin afectar a las c\u00e9lulas sanas. Numerosos estudios han demostrado que la eliminaci\u00f3n\nselectiva de las c\u00e9lulas senescentes contribuye a la regeneraci\u00f3n y al rejuvenecimiento de los tejidos.<\/p>","protected":false},"featured_media":1171,"comment_status":"open","ping_status":"closed","template":"","meta":[],"product_brand":[],"product_cat":[84,73],"product_tag":[],"class_list":{"0":"post-1170","1":"product","2":"type-product","3":"status-publish","4":"has-post-thumbnail","6":"product_cat-serum","7":"product_cat-cosmeceutic","9":"first","10":"instock","11":"taxable","12":"shipping-taxable","13":"purchasable","14":"product-type-simple"},"_links":{"self":[{"href":"https:\/\/3rings.eu\/es\/wp-json\/wp\/v2\/product\/1170","targetHints":{"allow":["GET"]}}],"collection":[{"href":"https:\/\/3rings.eu\/es\/wp-json\/wp\/v2\/product"}],"about":[{"href":"https:\/\/3rings.eu\/es\/wp-json\/wp\/v2\/types\/product"}],"replies":[{"embeddable":true,"href":"https:\/\/3rings.eu\/es\/wp-json\/wp\/v2\/comments?post=1170"}],"version-history":[{"count":0,"href":"https:\/\/3rings.eu\/es\/wp-json\/wp\/v2\/product\/1170\/revisions"}],"wp:featuredmedia":[{"embeddable":true,"href":"https:\/\/3rings.eu\/es\/wp-json\/wp\/v2\/media\/1171"}],"wp:attachment":[{"href":"https:\/\/3rings.eu\/es\/wp-json\/wp\/v2\/media?parent=1170"}],"wp:term":[{"taxonomy":"product_brand","embeddable":true,"href":"https:\/\/3rings.eu\/es\/wp-json\/wp\/v2\/product_brand?post=1170"},{"taxonomy":"product_cat","embeddable":true,"href":"https:\/\/3rings.eu\/es\/wp-json\/wp\/v2\/product_cat?post=1170"},{"taxonomy":"product_tag","embeddable":true,"href":"https:\/\/3rings.eu\/es\/wp-json\/wp\/v2\/product_tag?post=1170"}],"curies":[{"name":"wp","href":"https:\/\/api.w.org\/{rel}","templated":true}]}}