{"id":3223,"date":"2022-04-26T08:53:43","date_gmt":"2022-04-26T06:53:43","guid":{"rendered":"https:\/\/3rings.eu\/?post_type=product&#038;p=3223"},"modified":"2023-01-05T08:06:22","modified_gmt":"2023-01-05T07:06:22","slug":"zombie-cell-clearing-serum-face","status":"publish","type":"product","link":"https:\/\/3rings.eu\/es\/producto\/zombie-cell-clearing-serum-face\/","title":{"rendered":"S\u00e9rum eliminador de c\u00e9lulas zombis - Rostro"},"content":{"rendered":"<div class=\"app_4\">\n<h4>Targeted issues<\/h4>\n<p>Global skin-aging, redness and lack of density and elasticity.<\/p>\n<\/div>\n<div class=\"app_1\">\n<h4>Beneficios cosmec\u00e9uticos<\/h4>\n<p>En los tejidos j\u00f3venes, las c\u00e9lulas senescentes se \"autodestruyen\" mediante un proceso biol\u00f3gicamente programado. Sin embargo, a medida que envejecemos y nos exponemos a fuentes de estr\u00e9s oxidativo, como los rayos UV y la contaminaci\u00f3n, el n\u00famero de c\u00e9lulas senescentes aumenta gradualmente.<\/p>\n<p>Estas c\u00e9lulas ya no pueden renovarse y regenerar tejidos, pero tampoco pueden morir, de ah\u00ed el t\u00e9rmino \"c\u00e9lulas zombis\". En cambio, segregan sustancias que pueden causar inflamaci\u00f3n y envejecimiento, contaminando las c\u00e9lulas vecinas y haciendo que \u00e9stas tambi\u00e9n se vuelvan senescentes.<\/p>\n<p>Cuando estas \"c\u00e9lulas zombis\" est\u00e1n presentes, la piel envejece m\u00e1s r\u00e1pido, perdiendo su grosor, ganando arrugas y volvi\u00e9ndose menos densa y el\u00e1stica. Nescens ha creado una f\u00f3rmula avanzada que contiene una alta concentraci\u00f3n de agentes senol\u00edticos que pueden dirigirse a las c\u00e9lulas senescentes y restaurar el tejido.<\/p>\n<p>Resultados de los ensayos cl\u00ednicos*.<\/p>\n<p>Tras s\u00f3lo cuatro semanas, el suero mostr\u00f3 resultados estad\u00edsticamente significativos en las siguientes \u00e1reas:<\/p>\n<p>Reducci\u00f3n del enrojecimiento:<\/p>\n<p>- 31% &gt; La reducci\u00f3n del enrojecimiento muestra que el suero alivia el proceso de inflamaci\u00f3n, que se sabe que acelera el envejecimiento.<\/p>\n<p>Mayor elasticidad:<\/p>\n<p>+ 12% Aumento de la densidad de la piel:<\/p>\n<p>+ 6,6% &gt; El aumento de la densidad y la elasticidad de la piel es una prueba de que el s\u00e9rum potencia la producci\u00f3n de col\u00e1geno, rejuveneciendo la piel desde el interior.<\/p>\n<p>*Test in vivo - cuatro semanas - 31 voluntarios, de 40 a 70 a\u00f1os.<\/p>\n<p>El 71% de los encuestados considera que el producto...<\/p>\n<ul>\n<li>mejora y afina la calidad de la piel,<\/li>\n<li>devuelve a la piel su elasticidad,<\/li>\n<li>ayuda a que la piel se sienta regenerada y con energ\u00eda. 75%<\/li>\n<li>hace que la piel tenga un aspecto m\u00e1s bello,<\/li>\n<li>mejora significativamente la elasticidad de la piel,<\/li>\n<li>da a la piel un brillo saludable y un aspecto radiante,<\/li>\n<li>proporciona una intensa sensaci\u00f3n de cuidado y un acabado aterciopelado. 79%<\/li>\n<li>hace que la piel parezca m\u00e1s fresca. 82%<\/li>\n<li>deja la piel suave y tersa durante mucho tiempo.<\/li>\n<\/ul>\n<p>&nbsp;<\/p>\n<p>*Autoevaluaci\u00f3n - cuatro semanas - 28 voluntarios, de 40 a 70 a\u00f1os.<\/p><\/div>\n<p>&nbsp;<\/p>\n<p>&nbsp;<\/p>","protected":false},"excerpt":{"rendered":"<p>Nescens crea el primer s\u00e9rum eliminador de \u201cc\u00e9lulas zombis\u201d, aceleradoras del envejecimiento.<\/p>\n<p>Por primera vez, la Investigaci\u00f3n Nescens aplica en cosmec\u00e9utica nuevos ingredientes activos antiedad \u201csenol\u00edticos\u201d,\nya reconocidos en el \u00e1mbito m\u00e9dico por su actividad. Estos ingredientes activos senol\u00edticos favorecen la eliminaci\u00f3n\nde las c\u00e9lulas senescentes sin afectar a las c\u00e9lulas sanas. Numerosos estudios han demostrado que la eliminaci\u00f3n\nselectiva de las c\u00e9lulas senescentes contribuye a la regeneraci\u00f3n y al rejuvenecimiento de los tejidos.<\/p>","protected":false},"featured_media":3213,"comment_status":"open","ping_status":"closed","template":"","meta":[],"product_brand":[],"product_cat":[73,84],"product_tag":[],"class_list":{"0":"post-3223","1":"product","2":"type-product","3":"status-publish","4":"has-post-thumbnail","6":"product_cat-cosmeceutic","7":"product_cat-serum","9":"first","10":"instock","11":"taxable","12":"shipping-taxable","13":"purchasable","14":"product-type-simple"},"_links":{"self":[{"href":"https:\/\/3rings.eu\/es\/wp-json\/wp\/v2\/product\/3223","targetHints":{"allow":["GET"]}}],"collection":[{"href":"https:\/\/3rings.eu\/es\/wp-json\/wp\/v2\/product"}],"about":[{"href":"https:\/\/3rings.eu\/es\/wp-json\/wp\/v2\/types\/product"}],"replies":[{"embeddable":true,"href":"https:\/\/3rings.eu\/es\/wp-json\/wp\/v2\/comments?post=3223"}],"version-history":[{"count":0,"href":"https:\/\/3rings.eu\/es\/wp-json\/wp\/v2\/product\/3223\/revisions"}],"wp:featuredmedia":[{"embeddable":true,"href":"https:\/\/3rings.eu\/es\/wp-json\/wp\/v2\/media\/3213"}],"wp:attachment":[{"href":"https:\/\/3rings.eu\/es\/wp-json\/wp\/v2\/media?parent=3223"}],"wp:term":[{"taxonomy":"product_brand","embeddable":true,"href":"https:\/\/3rings.eu\/es\/wp-json\/wp\/v2\/product_brand?post=3223"},{"taxonomy":"product_cat","embeddable":true,"href":"https:\/\/3rings.eu\/es\/wp-json\/wp\/v2\/product_cat?post=3223"},{"taxonomy":"product_tag","embeddable":true,"href":"https:\/\/3rings.eu\/es\/wp-json\/wp\/v2\/product_tag?post=3223"}],"curies":[{"name":"wp","href":"https:\/\/api.w.org\/{rel}","templated":true}]}}