{"id":2548,"date":"2020-12-15T17:44:33","date_gmt":"2020-12-15T16:44:33","guid":{"rendered":"https:\/\/3rings.eu\/?page_id=2548"},"modified":"2020-12-30T16:08:31","modified_gmt":"2020-12-30T15:08:31","slug":"mission","status":"publish","type":"page","link":"https:\/\/3rings.eu\/fr\/mission\/","title":{"rendered":"Notre Mission"},"content":{"rendered":"<div data-elementor-type=\"wp-page\" data-elementor-id=\"2548\" class=\"elementor elementor-2548\" data-elementor-post-type=\"page\">\n\t\t\t\t\t\t<section class=\"elementor-section elementor-top-section elementor-element elementor-element-3619b837 elementor-section-full_width elementor-section-height-min-height elementor-section-items-stretch elementor-section-content-bottom elementor-section-height-default elementor-invisible\" data-id=\"3619b837\" data-element_type=\"section\" data-e-type=\"section\" data-settings=\"{&quot;background_background&quot;:&quot;classic&quot;,&quot;animation&quot;:&quot;fadeInLeft&quot;}\">\n\t\t\t\t\t\t<div class=\"elementor-container elementor-column-gap-no\">\n\t\t\t\t\t<div class=\"elementor-column elementor-col-50 elementor-top-column elementor-element elementor-element-3d8d2a05\" data-id=\"3d8d2a05\" data-element_type=\"column\" data-e-type=\"column\" data-settings=\"{&quot;background_background&quot;:&quot;classic&quot;}\">\n\t\t\t<div class=\"elementor-widget-wrap elementor-element-populated\">\n\t\t\t\t\t\t<div class=\"elementor-element elementor-element-2e2342a1 elementor-widget elementor-widget-heading\" data-id=\"2e2342a1\" data-element_type=\"widget\" data-e-type=\"widget\" data-widget_type=\"heading.default\">\n\t\t\t\t<div class=\"elementor-widget-container\">\n\t\t\t\t\t<h1 class=\"elementor-heading-title elementor-size-default\">Notre Mission<\/h1>\t\t\t\t<\/div>\n\t\t\t\t<\/div>\n\t\t\t\t<div class=\"elementor-element elementor-element-125d4981 elementor-widget elementor-widget-heading\" data-id=\"125d4981\" data-element_type=\"widget\" data-e-type=\"widget\" data-widget_type=\"heading.default\">\n\t\t\t\t<div class=\"elementor-widget-container\">\n\t\t\t\t\t<h2 class=\"elementor-heading-title elementor-size-default\">Valeurs &amp; Proposition<\/h2>\t\t\t\t<\/div>\n\t\t\t\t<\/div>\n\t\t\t\t\t<\/div>\n\t\t<\/div>\n\t\t\t\t<div class=\"elementor-column elementor-col-25 elementor-top-column elementor-element elementor-element-2d4e0cc9\" data-id=\"2d4e0cc9\" data-element_type=\"column\" data-e-type=\"column\">\n\t\t\t<div class=\"elementor-widget-wrap elementor-element-populated\">\n\t\t\t\t\t\t<div class=\"elementor-element elementor-element-6736747 elementor-align-center elementor-widget elementor-widget-lottie\" data-id=\"6736747\" data-element_type=\"widget\" data-e-type=\"widget\" data-settings=\"{&quot;source_json&quot;:{&quot;url&quot;:&quot;https:\\\/\\\/3rings.eu\\\/wp-content\\\/uploads\\\/2020\\\/12\\\/3rings_animation.json&quot;,&quot;id&quot;:2352,&quot;size&quot;:&quot;&quot;},&quot;source&quot;:&quot;media_file&quot;,&quot;caption_source&quot;:&quot;none&quot;,&quot;link_to&quot;:&quot;none&quot;,&quot;trigger&quot;:&quot;arriving_to_viewport&quot;,&quot;viewport&quot;:{&quot;unit&quot;:&quot;%&quot;,&quot;size&quot;:&quot;&quot;,&quot;sizes&quot;:{&quot;start&quot;:0,&quot;end&quot;:100}},&quot;play_speed&quot;:{&quot;unit&quot;:&quot;px&quot;,&quot;size&quot;:1,&quot;sizes&quot;:[]},&quot;start_point&quot;:{&quot;unit&quot;:&quot;%&quot;,&quot;size&quot;:0,&quot;sizes&quot;:[]},&quot;end_point&quot;:{&quot;unit&quot;:&quot;%&quot;,&quot;size&quot;:100,&quot;sizes&quot;:[]},&quot;renderer&quot;:&quot;svg&quot;}\" data-widget_type=\"lottie.default\">\n\t\t\t\t<div class=\"elementor-widget-container\">\n\t\t\t\t\t<div class=\"e-lottie__container\"><div class=\"e-lottie__animation\"><\/div><\/div>\t\t\t\t<\/div>\n\t\t\t\t<\/div>\n\t\t\t\t\t<\/div>\n\t\t<\/div>\n\t\t\t\t<div class=\"elementor-column elementor-col-25 elementor-top-column elementor-element elementor-element-6b7a78e5\" data-id=\"6b7a78e5\" data-element_type=\"column\" data-e-type=\"column\">\n\t\t\t<div class=\"elementor-widget-wrap elementor-element-populated\">\n\t\t\t\t\t\t<div class=\"elementor-element elementor-element-f7f40a8 elementor-widget-mobile__width-initial animated-slow elementor-widget-tablet__width-initial elementor-invisible elementor-widget elementor-widget-spacer\" data-id=\"f7f40a8\" data-element_type=\"widget\" data-e-type=\"widget\" data-settings=\"{&quot;_animation&quot;:&quot;fadeInRight&quot;}\" data-widget_type=\"spacer.default\">\n\t\t\t\t<div class=\"elementor-widget-container\">\n\t\t\t\t\t\t\t<div class=\"elementor-spacer\">\n\t\t\t<div class=\"elementor-spacer-inner\"><\/div>\n\t\t<\/div>\n\t\t\t\t\t\t<\/div>\n\t\t\t\t<\/div>\n\t\t\t\t\t<\/div>\n\t\t<\/div>\n\t\t\t\t\t<\/div>\n\t\t<\/section>\n\t\t\t\t<section class=\"elementor-section elementor-top-section elementor-element elementor-element-578d10d4 elementor-section-boxed elementor-section-height-default elementor-section-height-default elementor-invisible\" data-id=\"578d10d4\" data-element_type=\"section\" data-e-type=\"section\" data-settings=\"{&quot;animation&quot;:&quot;fadeInRight&quot;}\">\n\t\t\t\t\t\t<div class=\"elementor-container elementor-column-gap-default\">\n\t\t\t\t\t<div class=\"elementor-column elementor-col-100 elementor-top-column elementor-element elementor-element-1cdd4905\" data-id=\"1cdd4905\" data-element_type=\"column\" data-e-type=\"column\">\n\t\t\t<div class=\"elementor-widget-wrap elementor-element-populated\">\n\t\t\t\t\t\t<div class=\"elementor-element elementor-element-790ca65 elementor-blockquote--skin-quotation elementor-blockquote--align-center elementor-widget elementor-widget-blockquote\" data-id=\"790ca65\" data-element_type=\"widget\" data-e-type=\"widget\" data-widget_type=\"blockquote.default\">\n\t\t\t\t<div class=\"elementor-widget-container\">\n\t\t\t\t\t\t\t<blockquote class=\"elementor-blockquote\">\n\t\t\t<p class=\"elementor-blockquote__content\">\n\t\t\t\tS\u00e9lectionner les derni\u00e8res innovations en mati\u00e8re de soins anti-\u00e2ge, en s\u2019appuyant sur les avanc\u00e9es de la recherche biom\u00e9dicale suisse\t\t\t<\/p>\n\t\t\t\t\t<\/blockquote>\n\t\t\t\t\t\t<\/div>\n\t\t\t\t<\/div>\n\t\t\t\t<div class=\"elementor-element elementor-element-86a846e elementor-widget elementor-widget-heading\" data-id=\"86a846e\" data-element_type=\"widget\" data-e-type=\"widget\" data-widget_type=\"heading.default\">\n\t\t\t\t<div class=\"elementor-widget-container\">\n\t\t\t\t\t<h2 class=\"elementor-heading-title elementor-size-default\">Nos valeurs<\/h2>\t\t\t\t<\/div>\n\t\t\t\t<\/div>\n\t\t\t\t<div class=\"elementor-element elementor-element-0b3a9a1 elementor-widget elementor-widget-heading\" data-id=\"0b3a9a1\" data-element_type=\"widget\" data-e-type=\"widget\" data-widget_type=\"heading.default\">\n\t\t\t\t<div class=\"elementor-widget-container\">\n\t\t\t\t\t<h3 class=\"elementor-heading-title elementor-size-default\">SWISSMADE<\/h3>\t\t\t\t<\/div>\n\t\t\t\t<\/div>\n\t\t\t\t<div class=\"elementor-element elementor-element-5d5b3f4 elementor-widget elementor-widget-text-editor\" data-id=\"5d5b3f4\" data-element_type=\"widget\" data-e-type=\"widget\" data-widget_type=\"text-editor.default\">\n\t\t\t\t<div class=\"elementor-widget-container\">\n\t\t\t\t\t\t\t\t\t<p>Faire le choix de la qualit\u00e9 suisse par des formulations pointues, un d\u00e9veloppement contr\u00f4l\u00e9 et une fabrication de haute qualit\u00e9. La gamme Nescens a obtenu l\u2019exigeant label Swisscos, qui garantit des soins anti-\u00e2ge 100 % formul\u00e9s, d\u00e9velopp\u00e9s et fabriqu\u00e9s en Suisse, r\u00e9pondant \u00e0 un exigeant cahier des charges.<\/p>\t\t\t\t\t\t\t\t<\/div>\n\t\t\t\t<\/div>\n\t\t\t\t<div class=\"elementor-element elementor-element-5ea9e9c elementor-widget elementor-widget-heading\" data-id=\"5ea9e9c\" data-element_type=\"widget\" data-e-type=\"widget\" data-widget_type=\"heading.default\">\n\t\t\t\t<div class=\"elementor-widget-container\">\n\t\t\t\t\t<h3 class=\"elementor-heading-title elementor-size-default\">INNOVATION<\/h3>\t\t\t\t<\/div>\n\t\t\t\t<\/div>\n\t\t\t\t<div class=\"elementor-element elementor-element-7da4caf elementor-widget elementor-widget-text-editor\" data-id=\"7da4caf\" data-element_type=\"widget\" data-e-type=\"widget\" data-widget_type=\"text-editor.default\">\n\t\t\t\t<div class=\"elementor-widget-container\">\n\t\t\t\t\t\t\t\t\t<p>Proposer des soins novateurs, issus des derni\u00e8res d\u00e9couvertes en dermato-esth\u00e9tique et en biologie cutan\u00e9e, r\u00e9sultats de longues ann\u00e9es de recherche scientifique. Cette d\u00e9marche est syst\u00e9matiquement appuy\u00e9e par des tests cliniques, qui garantissent la qualit\u00e9 et la s\u00fbret\u00e9 des m\u00e9thodes et produits distribu\u00e9s.<\/p>\t\t\t\t\t\t\t\t<\/div>\n\t\t\t\t<\/div>\n\t\t\t\t<div class=\"elementor-element elementor-element-0b7a1be elementor-widget elementor-widget-heading\" data-id=\"0b7a1be\" data-element_type=\"widget\" data-e-type=\"widget\" data-widget_type=\"heading.default\">\n\t\t\t\t<div class=\"elementor-widget-container\">\n\t\t\t\t\t<h3 class=\"elementor-heading-title elementor-size-default\">HUMAIN<\/h3>\t\t\t\t<\/div>\n\t\t\t\t<\/div>\n\t\t\t\t<div class=\"elementor-element elementor-element-cfd7bd8 elementor-widget elementor-widget-text-editor\" data-id=\"cfd7bd8\" data-element_type=\"widget\" data-e-type=\"widget\" data-widget_type=\"text-editor.default\">\n\t\t\t\t<div class=\"elementor-widget-container\">\n\t\t\t\t\t\t\t\t\t<p>Mettre l\u2019humain au centre de notre politique commerciale, favoriser la co-cr\u00e9ation et la coop\u00e9ration avec nos clients pour la r\u00e9ussite de tous.<\/p>\t\t\t\t\t\t\t\t<\/div>\n\t\t\t\t<\/div>\n\t\t\t\t<div class=\"elementor-element elementor-element-5c40aa8 elementor-widget elementor-widget-heading\" data-id=\"5c40aa8\" data-element_type=\"widget\" data-e-type=\"widget\" data-widget_type=\"heading.default\">\n\t\t\t\t<div class=\"elementor-widget-container\">\n\t\t\t\t\t<h3 class=\"elementor-heading-title elementor-size-default\">INTERNATIONAL<\/h3>\t\t\t\t<\/div>\n\t\t\t\t<\/div>\n\t\t\t\t<div class=\"elementor-element elementor-element-6e26e7d elementor-widget elementor-widget-text-editor\" data-id=\"6e26e7d\" data-element_type=\"widget\" data-e-type=\"widget\" data-widget_type=\"text-editor.default\">\n\t\t\t\t<div class=\"elementor-widget-container\">\n\t\t\t\t\t\t\t\t\t<p>Exporter l\u2019innovation Swissmade et notre vision strat\u00e9gique pour d\u00e9velopper un r\u00e9seau de distribution global en Europe et dans le monde.<\/p>\t\t\t\t\t\t\t\t<\/div>\n\t\t\t\t<\/div>\n\t\t\t\t<div class=\"elementor-element elementor-element-fa8dc2b elementor-widget elementor-widget-heading\" data-id=\"fa8dc2b\" data-element_type=\"widget\" data-e-type=\"widget\" data-widget_type=\"heading.default\">\n\t\t\t\t<div class=\"elementor-widget-container\">\n\t\t\t\t\t<h3 class=\"elementor-heading-title elementor-size-default\">TECHNOLOGIE<\/h3>\t\t\t\t<\/div>\n\t\t\t\t<\/div>\n\t\t\t\t<div class=\"elementor-element elementor-element-509f893 elementor-widget elementor-widget-text-editor\" data-id=\"509f893\" data-element_type=\"widget\" data-e-type=\"widget\" data-widget_type=\"text-editor.default\">\n\t\t\t\t<div class=\"elementor-widget-container\">\n\t\t\t\t\t\t\t\t\t<p>Se positionner \u00e0 l\u2019avant-garde de la recherche m\u00e9dicale et dermato-esth\u00e9tique pour offrir des solutions scientifiques, non invasives, pour ralentir visiblement les effets du temps sur la peau.<\/p>\t\t\t\t\t\t\t\t<\/div>\n\t\t\t\t<\/div>\n\t\t\t\t<div class=\"elementor-element elementor-element-30768c65 elementor-widget elementor-widget-heading\" data-id=\"30768c65\" data-element_type=\"widget\" data-e-type=\"widget\" data-widget_type=\"heading.default\">\n\t\t\t\t<div class=\"elementor-widget-container\">\n\t\t\t\t\t<h2 class=\"elementor-heading-title elementor-size-default\">Notre Proposition<\/h2>\t\t\t\t<\/div>\n\t\t\t\t<\/div>\n\t\t\t\t<div class=\"elementor-element elementor-element-17394e3e elementor-widget elementor-widget-text-editor\" data-id=\"17394e3e\" data-element_type=\"widget\" data-e-type=\"widget\" data-widget_type=\"text-editor.default\">\n\t\t\t\t<div class=\"elementor-widget-container\">\n\t\t\t\t\t\t\t\t\t<p>\u00c0 la recherche constante de l\u2019excellence, nous sommes agiles et savons adapter les cha\u00eenes d\u2019approvisionnement et de distribution \u00e0 l\u2019international pour les secteurs complexes que sont les soins anti-\u00e2ge performants, haut de gamme et non chirurgicaux.<\/p><p>Nous nous appuyons sur un large r\u00e9seau de points de vente premium avec qui nous partageons notre expertise pointue du march\u00e9 des cosm\u00e9ceutiques.<\/p><p>Nos savoir-faire Marketing, Digital &amp; Communication nous permettent de r\u00e9pondre aux enjeux strat\u00e9giques de d\u00e9veloppement de notori\u00e9t\u00e9 et d\u2019image, en s\u2019adaptant aux sp\u00e9cificit\u00e9s locales. Nous apportons \u00e0 chaque interlocuteur des r\u00e9ponses et des outils sur-mesure dans le domaine de la formation des \u00e9quipes de vente, du conseil en merchandising et de l\u2019\u00e9valuation de la performance.<\/p>\t\t\t\t\t\t\t\t<\/div>\n\t\t\t\t<\/div>\n\t\t\t\t\t<\/div>\n\t\t<\/div>\n\t\t\t\t\t<\/div>\n\t\t<\/section>\n\t\t\t\t<\/div>","protected":false},"excerpt":{"rendered":"<p>Values &amp; Offer Selecting the latest innovations in anti-aging treatments, based on advances in Swiss biomedical research Our values SWISSMADE The choice of Swiss quality through advanced formulations, controlled development, and high-quality manufacturing. The Nescens range has obtained the demanding Swisscos label, which guarantees anti-aging care products 100% formulated, developed, and manufactured in Switzerland and [&hellip;]<\/p>","protected":false},"author":1,"featured_media":2332,"parent":0,"menu_order":0,"comment_status":"closed","ping_status":"closed","template":"","meta":{"footnotes":""},"class_list":["post-2548","page","type-page","status-publish","has-post-thumbnail","hentry"],"_links":{"self":[{"href":"https:\/\/3rings.eu\/fr\/wp-json\/wp\/v2\/pages\/2548","targetHints":{"allow":["GET"]}}],"collection":[{"href":"https:\/\/3rings.eu\/fr\/wp-json\/wp\/v2\/pages"}],"about":[{"href":"https:\/\/3rings.eu\/fr\/wp-json\/wp\/v2\/types\/page"}],"author":[{"embeddable":true,"href":"https:\/\/3rings.eu\/fr\/wp-json\/wp\/v2\/users\/1"}],"replies":[{"embeddable":true,"href":"https:\/\/3rings.eu\/fr\/wp-json\/wp\/v2\/comments?post=2548"}],"version-history":[{"count":0,"href":"https:\/\/3rings.eu\/fr\/wp-json\/wp\/v2\/pages\/2548\/revisions"}],"wp:featuredmedia":[{"embeddable":true,"href":"https:\/\/3rings.eu\/fr\/wp-json\/wp\/v2\/media\/2332"}],"wp:attachment":[{"href":"https:\/\/3rings.eu\/fr\/wp-json\/wp\/v2\/media?parent=2548"}],"curies":[{"name":"wp","href":"https:\/\/api.w.org\/{rel}","templated":true}]}}