{"id":1096,"date":"2020-11-08T09:53:41","date_gmt":"2020-11-08T08:53:41","guid":{"rendered":"https:\/\/3rings.eu\/anti-skin-slackening-complex-200ml\/"},"modified":"2025-01-22T11:17:08","modified_gmt":"2025-01-22T10:17:08","slug":"nescens-complexe-anti-relachement-cutane-corps-200ml","status":"publish","type":"product","link":"https:\/\/3rings.eu\/fr\/produit\/nescens-complexe-anti-relachement-cutane-corps-200ml\/","title":{"rendered":"Complexe Anti-Rel\u00e2chement Cutan\u00e9, Corps - Nescens"},"content":{"rendered":"<p>Soin anti-\u00e2ge ultime pour le corps. Complexe de rajeunissement global des structures cutan\u00e9es pour pr\u00e9venir et corriger le rel\u00e2chement des tissus et am\u00e9liorer leur \u00e9lasticit\u00e9. Le complexe anti-rel\u00e2chement cutan\u00e9 allie la performance cosm\u00e9ceutique au luxe d\u2019une gal\u00e9nique fluide et enveloppante.<\/p>\n<h2>B\u00e9n\u00e9fices cosm\u00e9ceutiques<\/h2>\n<ul>\n<li>R\u00e9tablit la tension physiologique des tissus, contribuant \u00e0 leur tonicit\u00e9.<\/li>\n<li>Relance les m\u00e9canismes de r\u00e9g\u00e9n\u00e9ration des composants de la matrice extra-cellulaire \u2013 collag\u00e8ne, \u00e9lastine, glycosaminoglycans \u2013, garants de la fermet\u00e9 et de l\u2019\u00e9lasticit\u00e9 des tissus.<\/li>\n<li>Normalise le processus d\u2019exfoliation naturelle, \u00e9liminant ainsi les rugosit\u00e9s \u00e9pidermiques.<\/li>\n<li>Restaure les r\u00e9serves d\u2019eau et de lipides au sein du stratum corneum, essentielles \u00e0 la pr\u00e9servation des caract\u00e9ristiques de douceur et de confort cutan\u00e9.<\/li>\n<li>Pr\u00e9vient et corrige les troubles pigmentaires g\u00e9n\u00e9r\u00e9s par le vieillissement chronologique et photo-induit pour une peau parfaitement unifi\u00e9e.<\/li>\n<\/ul>\n<h2>Consignes d\u2019utilisation<\/h2>\n<p class=\"translation-block\">Dans le cadre du dispositif cosm\u00e9ceutique Nescens, appliquer le complexe anti-rel\u00e2chement cutan\u00e9, matin et soir, sur l\u2019ensemble du corps, par mouvements de lissages ascendants. Indiqu\u00e9 dans le traitement des \u00e9tats cutan\u00e9s corporels pr\u00e9sentant rel\u00e2chement, atrophie, d\u00e9shydratation, d\u00e9lipidation et troubles pigmentaires. En pr\u00e9sence de zones s\u00e8ches et squameuses (avant-bras, cuisses, jambes...), utiliser pr\u00e9alablement <a href=\"https:\/\/3rings.eu\/fr\/produit\/nescens-emulsion-resurfacante-pha-corps-200ml\/\" target=\"_self\">l\u2019\u00e9mulsion resurfa\u00e7ante PHA<\/a>. L\u2019application du complexe anti-rel\u00e2chement cutan\u00e9 sera alors effectu\u00e9e sur les zones restantes.<\/p>\n<p>Utilisation unisexe. Test\u00e9 cliniquement sous contr\u00f4le dermatologique.<\/p>\n<h2>Principaux actifs<\/h2>\n<ul>\n<li><strong>Niacinamide:<\/strong> exerce un effet stabilisateur sur la barri\u00e8re \u00e9pidermique. Am\u00e9liore la teneur en eau du stratum corneum. Acc\u00e9l\u00e8re la diff\u00e9renciation des k\u00e9ratinocytes.<\/li>\n<li><strong>Acetyl glucosamin (N-Acetyl glucosamine):<\/strong> favorise l\u2019adh\u00e9sion cellulaire (lie les glycoprot\u00e9ines qui assurent la coh\u00e9sion des corn\u00e9ocytes). Stimule l\u2019expression des marqueurs de diff\u00e9renciation k\u00e9ratinocytaires (k\u00e9ratine, involucrine).<\/li>\n<li><strong>Taurine:<\/strong> prot\u00e8ge les cellules \u00e9pidermiques de la d\u00e9shydratation en environnement sec.<\/li>\n<li><strong>Retinyl palmitate (Vitamine A):<\/strong> acc\u00e9l\u00e8re la r\u00e9g\u00e9n\u00e9ration des cellules \u00e9pidermiques et normalise leur diff\u00e9rentiation.<\/li>\n<li><strong>Ascorbyl tetraisopalmitate (Vitamine C):<\/strong> stimule la production de collag\u00e8ne.<\/li>\n<li><strong>Tocopheryl Acetate (Vitamine E):<\/strong> augmente l\u2019hydratation de l\u2019\u00e9piderme. Am\u00e9liore la qualit\u00e9 de la surface cutan\u00e9e. Pr\u00e9sente un effet photoprotecteur et accro\u00eet l\u2019efficacit\u00e9 des facteurs de protection solaire (SPF). D\u00e9veloppe une activit\u00e9 antioxydante.<\/li>\n<li><strong>Methylsilanol mannuronate:<\/strong> favorise la r\u00e9g\u00e9n\u00e9ration cutan\u00e9e. Retarde la perte d\u2019\u00e9lasticit\u00e9 et les modifications de structure du tissu conjonctif li\u00e9es \u00e0 l\u2019avance en \u00e2ge.<\/li>\n<li><strong>Glyc\u00e9rine:<\/strong> r\u00e9tablit la structure lamellaire des lipides intercellulaires du strateum corneum. Assure l\u2019hydratation optimale des diff\u00e9rentes couches de l\u2019\u00e9piderme.<\/li>\n<li><strong>Ur\u00e9e:<\/strong> accro\u00eet l\u2019activit\u00e9 des enzymes impliqu\u00e9s dans la synth\u00e8se des lipides \u00e9pidermiques.<\/li>\n<li><strong>Panth\u00e9nol:<\/strong> participe \u00e0 la reconstitution des couches lipidiques \u00e9pidermiques. Ses propri\u00e9t\u00e9s hygroscopiques favorisent l\u2019hydratation.<\/li>\n<\/ul>\n<p>&nbsp;<\/p>","protected":false},"excerpt":{"rendered":"<p>Contribue \u00e0 restaurer les principaux marqueurs de jeunesse cutan\u00e9e : \u00e9lasticit\u00e9, tonicit\u00e9, douceur, confort et \u00e9clat.<\/p>","protected":false},"featured_media":1168,"comment_status":"open","ping_status":"closed","template":"","meta":[],"product_brand":[],"product_cat":[88,73],"product_tag":[],"class_list":{"0":"post-1096","1":"product","2":"type-product","3":"status-publish","4":"has-post-thumbnail","6":"product_cat-correcting-care","7":"product_cat-cosmeceutic","9":"first","10":"instock","11":"taxable","12":"shipping-taxable","13":"purchasable","14":"product-type-simple"},"_links":{"self":[{"href":"https:\/\/3rings.eu\/fr\/wp-json\/wp\/v2\/product\/1096","targetHints":{"allow":["GET"]}}],"collection":[{"href":"https:\/\/3rings.eu\/fr\/wp-json\/wp\/v2\/product"}],"about":[{"href":"https:\/\/3rings.eu\/fr\/wp-json\/wp\/v2\/types\/product"}],"replies":[{"embeddable":true,"href":"https:\/\/3rings.eu\/fr\/wp-json\/wp\/v2\/comments?post=1096"}],"version-history":[{"count":0,"href":"https:\/\/3rings.eu\/fr\/wp-json\/wp\/v2\/product\/1096\/revisions"}],"wp:featuredmedia":[{"embeddable":true,"href":"https:\/\/3rings.eu\/fr\/wp-json\/wp\/v2\/media\/1168"}],"wp:attachment":[{"href":"https:\/\/3rings.eu\/fr\/wp-json\/wp\/v2\/media?parent=1096"}],"wp:term":[{"taxonomy":"product_brand","embeddable":true,"href":"https:\/\/3rings.eu\/fr\/wp-json\/wp\/v2\/product_brand?post=1096"},{"taxonomy":"product_cat","embeddable":true,"href":"https:\/\/3rings.eu\/fr\/wp-json\/wp\/v2\/product_cat?post=1096"},{"taxonomy":"product_tag","embeddable":true,"href":"https:\/\/3rings.eu\/fr\/wp-json\/wp\/v2\/product_tag?post=1096"}],"curies":[{"name":"wp","href":"https:\/\/api.w.org\/{rel}","templated":true}]}}