{"id":1098,"date":"2020-11-08T09:53:41","date_gmt":"2020-11-08T08:53:41","guid":{"rendered":"https:\/\/3rings.eu\/bio-identical-rehydrating-serum-30ml\/"},"modified":"2025-02-11T03:12:00","modified_gmt":"2025-02-11T02:12:00","slug":"nescens-serum-rehydratant-bio-identique-visage-30ml","status":"publish","type":"product","link":"https:\/\/3rings.eu\/fr\/produit\/nescens-serum-rehydratant-bio-identique-visage-30ml\/","title":{"rendered":"S\u00e9rum R\u00e9hydratant Bio-Identique, Visage  - Nescens"},"content":{"rendered":"<p>La logique fonctionnelle de r\u00e9hydratation cutan\u00e9e appliqu\u00e9e au s\u00e9rum r\u00e9hydratant bio-identique Nescens consiste \u00e0 solliciter l\u2019ensemble des m\u00e9canismes d\u2019hydratation cutan\u00e9e essentiels au maintien de l\u2019\u00e9tat de jeunesse de la peau.<\/p>\n<p>Les substances actives, r\u00e9unies sous la forme d\u2019un s\u00e9rum aqueux de p\u00e9n\u00e9tration instantan\u00e9e, ont la capacit\u00e9 de pi\u00e9ger l\u2019eau dans les diff\u00e9rentes couches du stratum corneum et de r\u00e9organiser la barri\u00e8re lipidique, limitant ainsi les pertes d\u2019eau trans\u00e9pidermiques (PIE). L\u2019optimisation des flux hydriques \u00e9pidermiques r\u00e9alis\u00e9e par le s\u00e9rum r\u00e9hydratant bio-identique Nescens influence de fa\u00e7on majeure les marqueurs de jeunesse cutan\u00e9e. Cette intense r\u00e9hydratation induit un nivellement du relief cutan\u00e9 : les rides sont att\u00e9nu\u00e9es, l\u2019\u00e9piderme retrouve l\u2019aspect lisse, plein et rebondi d\u2019une peau jeune.<\/p>\n<h2>B\u00e9n\u00e9fices cosm\u00e9ceutiques<\/h2>\n<ul>\n<li>Compense le d\u00e9ficit, li\u00e9 \u00e0 l\u2019avance en \u00e2ge et \u00e0 l\u2019exposition solaire, des diff\u00e9rents composants du facteur naturel d\u2019hydratation (NMF) et favorise leur synth\u00e8se.<\/li>\n<li>Reconstruit la structure lamellaire des lipides cutan\u00e9s.<\/li>\n<li>Emp\u00eache la fracture du ciment intercellulaire.<\/li>\n<li>Active les aquaporines (pompes \u00e0 eau) des membranes cellulaires.<\/li>\n<li>Corrige le d\u00e9faut de production d\u2019acide hyaluronique et active sa synth\u00e8se.<\/li>\n<\/ul>\n<p><em>Hydratation des couches sup\u00e9rieures de l\u2019\u00e9piderme.<\/em><\/p>\n<h2>Consignes d\u2019utilisation<\/h2>\n<p class=\"translation-block\">Matin et soir, quelques gouttes sur l\u2019ensemble du visage et du cou, avant l\u2019application des <a href=\"https:\/\/3rings.eu\/fr\/categorie-produit\/cosmeceutique\/soin-correcteur\/\" target=\"_self\">soins correcteurs<\/a>.<\/p>\n<p>Le s\u00e9rum r\u00e9hydratant bio-identique est recommand\u00e9 en traitement de fond pour les \u00e9tats cutan\u00e9s d\u00e9shydrat\u00e9s constitutionnels, ou en cure, pour les \u00e9tats cutan\u00e9s d\u00e9shydrat\u00e9s ponctuels favoris\u00e9s par des conditions climatiques particuli\u00e8res.<\/p>\n<p>Dans le cadre du dispositif cosm\u00e9ceutique Nescens, le s\u00e9rum r\u00e9hydratant bio-identique est indiqu\u00e9 en usage biquotidien (matin et soir), pr\u00e9alablement \u00e0 l\u2019application des soins correcteurs Nescens, pour renforcer leur capacit\u00e9 d\u2019hydratation.<\/p>\n<p>Utilisation unisexe. Test\u00e9 cliniquement sous contr\u00f4le dermatologique et ophtalmologique.<\/p>\n<h2>Principaux actifs<\/h2>\n<ul>\n<li><strong>Acide Pyrrolidone Carboxylique:<\/strong> composant du facteur d\u2019hydratation naturel (NMF), cette mol\u00e9cule hautement hygroscopique constitue un agent hydratant tr\u00e8s efficace. Elle intervient \u00e9galement dans la r\u00e9organisation des structures lamellaires lipidiques du stratum corneum.<\/li>\n<li><strong>Acide lactique:<\/strong> composant du NMF, il permet de maintenir un niveau d\u2019hydratation optimal du stratum corneum.<\/li>\n<li><strong>Xylose:<\/strong> composant des glycosaminoglycans naturels, ce sucre stimule la synth\u00e8se d\u2019acide hyaluronique par les k\u00e9ratinocytes et agit comme un excellent agent hydratant.<\/li>\n<li><strong>Extrait de Tamarindus indica:<\/strong> complexe polysaccharidique filmog\u00e8ne, il est consid\u00e9r\u00e9 comme un \u00e9quivalent v\u00e9g\u00e9tal de l\u2019acide hyaluronique.<\/li>\n<li><strong>Glyc\u00e9rine:<\/strong> r\u00e9tablit la structure lamellaire des lipides intercellulaires du stratum corneum et assure l\u2019hydratation optimale des diff\u00e9rentes couches de l\u2019\u00e9piderme.<\/li>\n<li><strong>Ur\u00e9e:<\/strong> accro\u00eet l\u2019activit\u00e9 des enzymes impliqu\u00e9s dans la synth\u00e8se des lipides \u00e9pidermiques.<\/li>\n<li><strong>Saccharide isom\u00e9rate:<\/strong> apporte une hydratation optimale et de longue dur\u00e9e.<\/li>\n<li><strong>Combinaison d\u2019acides amin\u00e9s:<\/strong> inclut 10 acides amin\u00e9s (arginine, glycine, alanine, s\u00e9rine, valine, isoleucine, proline, thr\u00e9onine, histidine, ph\u00e9nylalanine) participant \u00e0 la constitution du NMF et pr\u00e9sentant des propri\u00e9t\u00e9s hygroscopiques.<\/li>\n<\/ul>","protected":false},"excerpt":{"rendered":"<p>Reconstitue les facteurs naturels d\u2019hydratation (NMF) essentiels au maintien de l\u2019\u00e9tat de jeunesse de la peau, et booste leur synth\u00e8se.<\/p>","protected":false},"featured_media":1164,"comment_status":"open","ping_status":"closed","template":"","meta":[],"product_brand":[],"product_cat":[84,73],"product_tag":[],"class_list":{"0":"post-1098","1":"product","2":"type-product","3":"status-publish","4":"has-post-thumbnail","6":"product_cat-serum","7":"product_cat-cosmeceutic","9":"first","10":"instock","11":"taxable","12":"shipping-taxable","13":"purchasable","14":"product-type-simple"},"_links":{"self":[{"href":"https:\/\/3rings.eu\/fr\/wp-json\/wp\/v2\/product\/1098","targetHints":{"allow":["GET"]}}],"collection":[{"href":"https:\/\/3rings.eu\/fr\/wp-json\/wp\/v2\/product"}],"about":[{"href":"https:\/\/3rings.eu\/fr\/wp-json\/wp\/v2\/types\/product"}],"replies":[{"embeddable":true,"href":"https:\/\/3rings.eu\/fr\/wp-json\/wp\/v2\/comments?post=1098"}],"version-history":[{"count":0,"href":"https:\/\/3rings.eu\/fr\/wp-json\/wp\/v2\/product\/1098\/revisions"}],"wp:featuredmedia":[{"embeddable":true,"href":"https:\/\/3rings.eu\/fr\/wp-json\/wp\/v2\/media\/1164"}],"wp:attachment":[{"href":"https:\/\/3rings.eu\/fr\/wp-json\/wp\/v2\/media?parent=1098"}],"wp:term":[{"taxonomy":"product_brand","embeddable":true,"href":"https:\/\/3rings.eu\/fr\/wp-json\/wp\/v2\/product_brand?post=1098"},{"taxonomy":"product_cat","embeddable":true,"href":"https:\/\/3rings.eu\/fr\/wp-json\/wp\/v2\/product_cat?post=1098"},{"taxonomy":"product_tag","embeddable":true,"href":"https:\/\/3rings.eu\/fr\/wp-json\/wp\/v2\/product_tag?post=1098"}],"curies":[{"name":"wp","href":"https:\/\/api.w.org\/{rel}","templated":true}]}}