{"id":1099,"date":"2020-11-08T09:53:41","date_gmt":"2020-11-08T08:53:41","guid":{"rendered":"https:\/\/3rings.eu\/bio-identical-restoring-mask-100ml\/"},"modified":"2025-01-22T11:17:24","modified_gmt":"2025-01-22T10:17:24","slug":"nescens-masque-reconstituant-bio-identique-visage-100ml","status":"publish","type":"product","link":"https:\/\/3rings.eu\/fr\/produit\/nescens-masque-reconstituant-bio-identique-visage-100ml\/","title":{"rendered":"Masque Reconstituant Bio-Identique, Visage - Nescens"},"content":{"rendered":"<p>Processus novateur dit \u00abbio-identique\u00bb : suppl\u00e9mente la peau en substances hygroscopiques et relipidantes physiologiques, analogues aux composants naturellement pr\u00e9sents dans notre \u00e9piderme, s\u2019int\u00e9grant en parfaite affinit\u00e9 avec les structures cutan\u00e9es.<\/p>\n<h2>B\u00e9n\u00e9fices cosm\u00e9ceutiques<\/h2>\n<p>Syst\u00e8me de renforcement profond de la structure cutan\u00e9e, ce masque traitant:<\/p>\n<ul>\n<li>participe \u00e0 la reconstitution des couches lipidiques \u00e9pidermiques, favorisant la consolidation du ciment intercellulaire et la fonction protectrice de la barri\u00e8re cutan\u00e9e.<\/li>\n<li>r\u00e9duit la perte d\u2019eau trans\u00e9pidermique en limitant son \u00e9vaporation, assurant un \u00e9quilibre hydro-lipidique optimal, indispensable au maintien de l\u2019\u00e9tat de jeunesse de la peau.<\/li>\n<li>neutralise l\u2019hyperr\u00e9activit\u00e9 cutan\u00e9e r\u00e9sultant des agressions thermiques, physiques et chimiques.<\/li>\n<\/ul>\n<h2>Consignes d\u2019utilisation<\/h2>\n<p>Application bihebdomadaire ou plus fr\u00e9quemment en fonction des besoins physiologiques cutan\u00e9s.<\/p>\n<p>Utiliser en couche fine, sur le visage et le cou parfaitement nettoy\u00e9s et s\u00e9ch\u00e9s.<\/p>\n<p>Laisser poser 15 minutes et rincer \u00e0 l\u2019eau ti\u00e8de.<\/p>\n<p>Utilisation unisexe. Test\u00e9 cliniquement sous contr\u00f4le dermatologique.<\/p>\n<h2>Principaux actifs<\/h2>\n<ul>\n<li><strong>C\u00e9ramides AP, NP et EOP:<\/strong> lipides fondamentaux n\u00e9cessaires \u00e0 la restauration de la barri\u00e8re hydrolipidique. Garantissent la coh\u00e9sion de la couche corn\u00e9e de la peau.<\/li>\n<li><strong>Phytosphingosine:<\/strong> r\u00e9duit l\u2019activit\u00e9 des m\u00e9talloprot\u00e9ases et augmente la synth\u00e8se de prot\u00e9ines de la matrice extracellulaire. Stimule la diff\u00e9renciation des k\u00e9ratinocytes. Renforce la coh\u00e9sion des corn\u00e9ocytes. Procure des effets anti-vieillissement.<\/li>\n<li><strong>Cholest\u00e9rol:<\/strong> composante essentielle de la barri\u00e8re lipidique \u00e9pidermique.<\/li>\n<li><strong>Acide Palmitique:<\/strong> promeut l\u2019acidification, l\u2019int\u00e9grit\u00e9 et la coh\u00e9sion du stratum corneum. Augmente l\u2019hydratation et l\u2019\u00e9lasticit\u00e9 de la peau.<\/li>\n<li><strong>Acide St\u00e9arique:<\/strong> joue un r\u00f4le cl\u00e9 dans le maintien de la flexibilit\u00e9 de la barri\u00e8re lipidique de la couche corn\u00e9e. Dispense une activit\u00e9 anti-inflammatoire.<\/li>\n<li><strong>Niacinamide:<\/strong> exerce un effet stabilisateur sur la barri\u00e8re \u00e9pidermique. Am\u00e9liore la teneur en eau du stratum corneum. Acc\u00e9l\u00e8re la diff\u00e9renciation des k\u00e9ratinocytes.<\/li>\n<li><strong>Saccharide isom\u00e9rate:<\/strong> apporte une hydratation hautement efficace et de longue dur\u00e9e sous des conditions de faible hygrom\u00e9trie.<\/li>\n<li><strong>Palmitoyl Tripeptide-1 + Palmitoyl Tetrapeptide-7:<\/strong> active le processus de r\u00e9paration cutan\u00e9e. Lisse les rides et am\u00e9liore la tonicit\u00e9 et l\u2019\u00e9lasticit\u00e9 des tissus. Favorise la synth\u00e8se des composants de la matrice extracellulaire.<\/li>\n<li><strong>Glyc\u00e9rine:<\/strong> r\u00e9tablit la structure lamellaire des lipides intercellulaires du stratum corneum et assure l\u2019hydratation optimale des diff\u00e9rentes couches de l\u2019\u00e9piderme.<\/li>\n<li><strong>Ur\u00e9e:<\/strong> accroit l\u2019activit\u00e9 des enzymes impliqu\u00e9s dans la synth\u00e8se des lipides \u00e9pidermiques.<\/li>\n<li><strong>Acide Pyrrolidone Carboxylique:<\/strong> composant du facteur d\u2019hydratation naturel (NMF), cette mol\u00e9cule hautement hygroscopique constitue un agent hydratant tr\u00e8s efficace. Elle intervient \u00e9galement dans la r\u00e9organisation des structures lamellaires lipidiques du stratum corneum.<\/li>\n<li><strong>Extrait de Tamarindus indica:<\/strong> complexe polysaccharidique filmog\u00e8ne, il est consid\u00e9r\u00e9 comme un \u00e9quivalent v\u00e9g\u00e9tal de l\u2019acide hyaluronique.<\/li>\n<li><strong>Combinaison d\u2019acides amin\u00e9s:<\/strong> inclut 10 acides amin\u00e9s (arginine, glycine, alanine, s\u00e9rine, valine, isoleucine, proline, thr\u00e9onine, histidine, ph\u00e9nylalanine) participant \u00e0 la constitution du NMF et pr\u00e9sentant des propri\u00e9t\u00e9s hygroscopiques.<\/li>\n<li><strong>Huile d\u2019amande douce:<\/strong> agit comme un l\u00e9nifiant, donnant \u00e0 la peau un aspect doux et lisse. Am\u00e9liore l\u2019\u00e9clat du teint et la tonicit\u00e9 de la peau. Effet lissant et r\u00e9juv\u00e9nant. R\u00e9duit les cicatrices hypertrophiques en post-op\u00e9ratoire.<\/li>\n<li><strong>Beurre de karit\u00e9:<\/strong> p\u00e9n\u00e8tre imm\u00e9diatement, agit comme un agent relipidant, et d\u00e9veloppe d\u2019excellentes propri\u00e9t\u00e9s de r\u00e9tention d\u2019eau. Les compos\u00e9s ph\u00e9noliques identifi\u00e9s dans le beurre de karit\u00e9 ont des propri\u00e9t\u00e9s antioxydantes, et certains de ses constituants pr\u00e9sentent des propri\u00e9t\u00e9s anti- inflammatoires, \u00e9mollientes et humectantes.<\/li>\n<li><strong>Ascorbyl palmitate (Vitamine C):<\/strong> stimule la production de collag\u00e8ne.<\/li>\n<li><strong>Tocoph\u00e9rol (Vitamine E):<\/strong> puissant antioxydant et photo-protecteur, inhibe la peroxydation des lipides cutan\u00e9s.<\/li>\n<\/ul>","protected":false},"excerpt":{"rendered":"<p>D\u00e9livre une mati\u00e8re active essentielle \u00e0 la restauration d\u2019un tissu hydrat\u00e9, relipid\u00e9, ferme et r\u00e9sistant. Profond\u00e9ment repulp\u00e9e, la peau retrouve souplesse et confort. Les traits sont liss\u00e9s, repos\u00e9s. Le teint est lumineux.<\/p>","protected":false},"featured_media":1154,"comment_status":"open","ping_status":"closed","template":"","meta":[],"product_brand":[],"product_cat":[86,73],"product_tag":[],"class_list":{"0":"post-1099","1":"product","2":"type-product","3":"status-publish","4":"has-post-thumbnail","6":"product_cat-mask","7":"product_cat-cosmeceutic","9":"first","10":"instock","11":"taxable","12":"shipping-taxable","13":"purchasable","14":"product-type-simple"},"_links":{"self":[{"href":"https:\/\/3rings.eu\/fr\/wp-json\/wp\/v2\/product\/1099","targetHints":{"allow":["GET"]}}],"collection":[{"href":"https:\/\/3rings.eu\/fr\/wp-json\/wp\/v2\/product"}],"about":[{"href":"https:\/\/3rings.eu\/fr\/wp-json\/wp\/v2\/types\/product"}],"replies":[{"embeddable":true,"href":"https:\/\/3rings.eu\/fr\/wp-json\/wp\/v2\/comments?post=1099"}],"version-history":[{"count":0,"href":"https:\/\/3rings.eu\/fr\/wp-json\/wp\/v2\/product\/1099\/revisions"}],"wp:featuredmedia":[{"embeddable":true,"href":"https:\/\/3rings.eu\/fr\/wp-json\/wp\/v2\/media\/1154"}],"wp:attachment":[{"href":"https:\/\/3rings.eu\/fr\/wp-json\/wp\/v2\/media?parent=1099"}],"wp:term":[{"taxonomy":"product_brand","embeddable":true,"href":"https:\/\/3rings.eu\/fr\/wp-json\/wp\/v2\/product_brand?post=1099"},{"taxonomy":"product_cat","embeddable":true,"href":"https:\/\/3rings.eu\/fr\/wp-json\/wp\/v2\/product_cat?post=1099"},{"taxonomy":"product_tag","embeddable":true,"href":"https:\/\/3rings.eu\/fr\/wp-json\/wp\/v2\/product_tag?post=1099"}],"curies":[{"name":"wp","href":"https:\/\/api.w.org\/{rel}","templated":true}]}}