{"id":1101,"date":"2020-11-08T09:53:41","date_gmt":"2020-11-08T08:53:41","guid":{"rendered":"https:\/\/3rings.eu\/cellular-renewal-emulsion-night-30ml\/"},"modified":"2024-11-16T05:36:32","modified_gmt":"2024-11-16T04:36:32","slug":"nescens-emulsion-renouvellement-cellulaire-nuit-visage-30ml","status":"publish","type":"product","link":"https:\/\/3rings.eu\/fr\/produit\/nescens-emulsion-renouvellement-cellulaire-nuit-visage-30ml\/","title":{"rendered":"Emulsion Renouvellement Cellulaire, Nuit, Visage - Nescens"},"content":{"rendered":"<p>L\u2019\u00e9mulsion renouvellement cellulaire Nescens int\u00e8gre des composants actifs hautement concentr\u00e9s dont les propri\u00e9t\u00e9s synergiques favorisent la desquamation et la r\u00e9g\u00e9n\u00e9ration des cellules \u00e9pidermiques, et pr\u00e9viennent leur s\u00e9nescence.<\/p>\n<h2>B\u00e9n\u00e9fices cosm\u00e9ceutiques<\/h2>\n<ul>\n<li>Induit un puissant signal de division cellulaire acc\u00e9l\u00e9rant la r\u00e9fection du rev\u00eatement cutan\u00e9.<\/li>\n<li>Active la synth\u00e8se des prot\u00e9ines structurelles pour permettre la reconstitution du matelas de soutien de la peau.<\/li>\n<li>Renforce l\u2019activit\u00e9 des facteurs naturels d\u2019hydratation.<\/li>\n<li>Att\u00e9nue les imperfections pigmentaires.<\/li>\n<\/ul>\n<h2>Consignes d\u2019utilisation<\/h2>\n<p class=\"translation-block\">Utiliser l\u2019\u00e9mulsion renouvellement cellulaire le soir en application quotidienne, apr\u00e8s les <a href=\"https:\/\/3rings.eu\/fr\/categorie-produit\/cosmeceutique\/soin-preparatoire\/\" target=\"_self\">soins pr\u00e9paratoires<\/a> et le <a href=\"https:\/\/3rings.eu\/fr\/categorie-produit\/cosmeceutique\/serum\/\" target=\"_self\">s\u00e9rum Nescens<\/a> adapt\u00e9.<\/p>\n<p class=\"translation-block\">Appliquer le soir, sur l\u2019ensemble du visage et du cou, par mouvements de lissages, en prenant soin d\u2019\u00e9viter le contour des yeux. Terminer par de l\u00e9gers tapotements pour favoriser la p\u00e9n\u00e9tration du cosm\u00e9ceutique. Cette pr\u00e9paration d\u00e9veloppe tout son potentiel en utilisation coordonn\u00e9e avec l\u2019<a href=\"https:\/\/3rings.eu\/fr\/produit\/nescens-emulsion-regeneration-moleculaire-jour-visage-30ml\/\" target=\"_self\">\u00c9mulsion R\u00e9g\u00e9n\u00e9ration Mol\u00e9culaire, soin correcteur jour<\/a>.<\/p>\n<p>Utilisation unisexe. Test\u00e9 cliniquement sous contr\u00f4le dermatologique et ophtalmologique.<\/p>\n<h2>Principaux actifs<\/h2>\n<ul>\n<li><strong>Retinyl palmitate:<\/strong> acc\u00e9l\u00e8re la r\u00e9g\u00e9n\u00e9ration des cellules \u00e9pidermiques et normalise leur diff\u00e9rentiation.<\/li>\n<li><strong>Acide lactobionique:<\/strong> favorise le renouvellement des k\u00e9ratinocytes et assure une coh\u00e9sion optimale de la barri\u00e8re \u00e9pidermique. Induit une exfoliation efficace bien que non agressive. Retient les mol\u00e9cules d\u2019eau dans la couche corn\u00e9e de la peau.<\/li>\n<li><strong>L-fucose:<\/strong> am\u00e9liore l\u2019\u00e9lasticit\u00e9 cutan\u00e9e en favorisant la synth\u00e8se des fibres de collag\u00e8ne et d\u2019\u00e9lastine.<\/li>\n<li><strong>Acide phytique:<\/strong> pr\u00e9vient la dystrophie cutan\u00e9e li\u00e9e \u00e0 l\u2019\u00e2ge et assure une hydratation optimale.<\/li>\n<li><strong>Niacinamide:<\/strong> favorise la maintenance des cellules \u00e9pidermiques. Maintient l\u2019hydratation cutan\u00e9e en \u00e9quilibrant les lipides de la couche corn\u00e9e de la peau. Augmente la vascularisation des papilles dermiques.<\/li>\n<li><strong>Ascorbyl t\u00e9tra-isopalmitate:<\/strong> stimule la production de collag\u00e8ne.<\/li>\n<\/ul>","protected":false},"excerpt":{"rendered":"<p>Exerce une puissante action anti-rel\u00e2chement. Plus lisse, plus ferme, la peau est visiblement rajeunie au r\u00e9veil. Le teint est plus lumineux.<\/p>","protected":false},"featured_media":1162,"comment_status":"open","ping_status":"closed","template":"","meta":[],"product_brand":[],"product_cat":[88,73],"product_tag":[],"class_list":{"0":"post-1101","1":"product","2":"type-product","3":"status-publish","4":"has-post-thumbnail","6":"product_cat-correcting-care","7":"product_cat-cosmeceutic","9":"first","10":"instock","11":"taxable","12":"shipping-taxable","13":"purchasable","14":"product-type-simple"},"_links":{"self":[{"href":"https:\/\/3rings.eu\/fr\/wp-json\/wp\/v2\/product\/1101","targetHints":{"allow":["GET"]}}],"collection":[{"href":"https:\/\/3rings.eu\/fr\/wp-json\/wp\/v2\/product"}],"about":[{"href":"https:\/\/3rings.eu\/fr\/wp-json\/wp\/v2\/types\/product"}],"replies":[{"embeddable":true,"href":"https:\/\/3rings.eu\/fr\/wp-json\/wp\/v2\/comments?post=1101"}],"version-history":[{"count":0,"href":"https:\/\/3rings.eu\/fr\/wp-json\/wp\/v2\/product\/1101\/revisions"}],"wp:featuredmedia":[{"embeddable":true,"href":"https:\/\/3rings.eu\/fr\/wp-json\/wp\/v2\/media\/1162"}],"wp:attachment":[{"href":"https:\/\/3rings.eu\/fr\/wp-json\/wp\/v2\/media?parent=1101"}],"wp:term":[{"taxonomy":"product_brand","embeddable":true,"href":"https:\/\/3rings.eu\/fr\/wp-json\/wp\/v2\/product_brand?post=1101"},{"taxonomy":"product_cat","embeddable":true,"href":"https:\/\/3rings.eu\/fr\/wp-json\/wp\/v2\/product_cat?post=1101"},{"taxonomy":"product_tag","embeddable":true,"href":"https:\/\/3rings.eu\/fr\/wp-json\/wp\/v2\/product_tag?post=1101"}],"curies":[{"name":"wp","href":"https:\/\/api.w.org\/{rel}","templated":true}]}}