{"id":1102,"date":"2020-11-08T09:53:41","date_gmt":"2020-11-08T08:53:41","guid":{"rendered":"https:\/\/3rings.eu\/cleansing-gel-130ml\/"},"modified":"2024-06-29T18:08:22","modified_gmt":"2024-06-29T16:08:22","slug":"nescens-gel-nettoyant-visage-130ml","status":"publish","type":"product","link":"https:\/\/3rings.eu\/fr\/produit\/nescens-gel-nettoyant-visage-130ml\/","title":{"rendered":"Gel Nettoyant, Visage - Nescens"},"content":{"rendered":"<p>Le gel nettoyant Nescens associe une base lavante efficace, non agressive, \u00e0 un complexe anti-dess\u00e8chement. Con\u00e7u sp\u00e9cifiquement pour le nettoyage quotidien du visage et du cou, il constitue un pr\u00e9alable indispensable \u00e0 l\u2019application de tout produit de soin Nescens.<\/p>\n<h2>B\u00e9n\u00e9fices cosm\u00e9ceutiques<\/h2>\n<ul>\n<li>Assure un nettoyage en profondeur.<\/li>\n<li>Elimine cellules mortes et impuret\u00e9s.<\/li>\n<li>La peau retrouve \u00e9clat et souplesse.<\/li>\n<li>Procure une sensation de confort.<\/li>\n<li>Laisse la peau nette et vivifi\u00e9e.<\/li>\n<li>Pr\u00e9serve l\u2019\u00e9quilibre hydrolipidique naturel.<\/li>\n<\/ul>\n<h2>Consignes d\u2019utilisation<\/h2>\n<p>Matin et soir, pour une pr\u00e9paration optimale de la peau, avant l\u2019application des soins traitants.<\/p>\n<p>Pr\u00e9lever l\u2019\u00e9quivalent de 4 pressions de Gel Nettoyant au creux de vos mains propres et humides. Emulsionner et appliquer la mousse nettoyante sur le visage et le cou pr\u00e9alablement humidifi\u00e9s, en effectuant de l\u00e9gers mouvements circulaires. Rincer abondamment \u00e0 l\u2019eau ti\u00e8de. S\u00e9cher d\u00e9licatement.<\/p>\n<p>Adapt\u00e9 au d\u00e9maquillage du visage, des yeux et des l\u00e8vres.<\/p>\n<p class=\"translation-block\">Dans le cadre du dispositif cosm\u00e9ceutique Nescens, utiliser le gel nettoyant matin et soir, pour une pr\u00e9paration optimale de la peau. Poursuivre avec l\u2019application du <a href=\"https:\/\/3rings.eu\/fr\/produit\/nescens-tonique-activateur-metabolique-visage-150ml\/\" target=\"_self\">tonique activateur m\u00e9tabolique<\/a>.<\/p>\n<p>Utilisation unisexe. Test\u00e9 cliniquement sous contr\u00f4le dermatologique et ophtalmologique.<\/p>","protected":false},"excerpt":{"rendered":"<p>Assure un nettoyage en profondeur, \u00e9limine cellules mortes et impuret\u00e9s, tout en pr\u00e9servant l\u2019\u00e9quilibre hydrolipidique naturel. Laisse la peau nette et vivifi\u00e9e.<\/p>","protected":false},"featured_media":1160,"comment_status":"open","ping_status":"closed","template":"","meta":[],"product_brand":[],"product_cat":[87,73],"product_tag":[],"class_list":{"0":"post-1102","1":"product","2":"type-product","3":"status-publish","4":"has-post-thumbnail","6":"product_cat-priming-care","7":"product_cat-cosmeceutic","9":"first","10":"instock","11":"taxable","12":"shipping-taxable","13":"purchasable","14":"product-type-simple"},"_links":{"self":[{"href":"https:\/\/3rings.eu\/fr\/wp-json\/wp\/v2\/product\/1102","targetHints":{"allow":["GET"]}}],"collection":[{"href":"https:\/\/3rings.eu\/fr\/wp-json\/wp\/v2\/product"}],"about":[{"href":"https:\/\/3rings.eu\/fr\/wp-json\/wp\/v2\/types\/product"}],"replies":[{"embeddable":true,"href":"https:\/\/3rings.eu\/fr\/wp-json\/wp\/v2\/comments?post=1102"}],"version-history":[{"count":0,"href":"https:\/\/3rings.eu\/fr\/wp-json\/wp\/v2\/product\/1102\/revisions"}],"wp:featuredmedia":[{"embeddable":true,"href":"https:\/\/3rings.eu\/fr\/wp-json\/wp\/v2\/media\/1160"}],"wp:attachment":[{"href":"https:\/\/3rings.eu\/fr\/wp-json\/wp\/v2\/media?parent=1102"}],"wp:term":[{"taxonomy":"product_brand","embeddable":true,"href":"https:\/\/3rings.eu\/fr\/wp-json\/wp\/v2\/product_brand?post=1102"},{"taxonomy":"product_cat","embeddable":true,"href":"https:\/\/3rings.eu\/fr\/wp-json\/wp\/v2\/product_cat?post=1102"},{"taxonomy":"product_tag","embeddable":true,"href":"https:\/\/3rings.eu\/fr\/wp-json\/wp\/v2\/product_tag?post=1102"}],"curies":[{"name":"wp","href":"https:\/\/api.w.org\/{rel}","templated":true}]}}