{"id":1103,"date":"2020-11-08T09:53:41","date_gmt":"2020-11-08T08:53:41","guid":{"rendered":"https:\/\/3rings.eu\/dark-spot-correcting-serum-facebody-30ml\/"},"modified":"2024-03-25T01:24:02","modified_gmt":"2024-03-25T00:24:02","slug":"nescens-serum-correcteur-pigmentaire-visage-corps-30ml","status":"publish","type":"product","link":"https:\/\/3rings.eu\/fr\/produit\/nescens-serum-correcteur-pigmentaire-visage-corps-30ml\/","title":{"rendered":"S\u00e9rum Correcteur Pigmentaire, Visage &amp; Corps - Nescens"},"content":{"rendered":"<p>Le s\u00e9rum correcteur pigmentaire Nescens marque une avanc\u00e9e significative dans la correction des alt\u00e9rations cutan\u00e9es li\u00e9es au photo-vieillissement. Il associe les actifs les plus performants ayant d\u00e9montr\u00e9 leur efficacit\u00e9 clinique dans l\u2019att\u00e9nuation des taches pigmentaires localis\u00e9es, induites par le rayonnement ultra-violet et l\u2019avance en \u00e2ge.<\/p>\n<p>Son application r\u00e9guli\u00e8re contribue \u00e0 rajeunir visiblement l\u2019aspect de la peau : les taches pigmentaires s\u2019estompent, l\u2019uniformit\u00e9 et la clart\u00e9 des tissus sont restaur\u00e9es.<\/p>\n<h2>B\u00e9n\u00e9fices cosm\u00e9ceutiques<\/h2>\n<ul>\n<li>R\u00e9duit la synth\u00e8se de m\u00e9lanine, pigment responsable de la coloration de la peau, par son action sur l\u2019enzyme tyrosinase.<\/li>\n<li>Fait obstacle au transfert de la m\u00e9lanine aux k\u00e9ratinocytes, participant au ralentissement du m\u00e9canisme de m\u00e9lanisation.<\/li>\n<li>Freine le processus d\u2019oxydation de la m\u00e9lanine, responsable de son brunissement.<\/li>\n<li>Pr\u00e9vient les attaques radicalaires et filtre les radiations solaires impliqu\u00e9es dans le vieillissement photo-induit.<\/li>\n<\/ul>\n<h2>Consignes d\u2019utilisation<\/h2>\n<p>Utiliser le s\u00e9rum correcteur pigmentaire matin et soir, en application localis\u00e9e sur les taches pigmentaires et les zones d\u2019hyperchromie.<\/p>\n<p class=\"translation-block\">Dans le cadre du dispositif cosm\u00e9ceutique Nescens, poursuivre avec l\u2019application des <a href=\"https:\/\/3rings.eu\/fr\/categorie-produit\/cosmeceutique\/soin-correcteur\/\" target=\"_self\">soins correcteurs visage ou corps<\/a>.<\/p>\n<p>Utilisation unisexe. Test\u00e9 cliniquement sous contr\u00f4le dermatologique.<\/p>\n<h2>Principaux actifs<\/h2>\n<ul>\n<li><strong>Niacinamide:<\/strong> photo-protecteur puissant, interf\u00e8re avec le transfert des m\u00e9lanosomes aux k\u00e9ratinocytes.<\/li>\n<li><strong>Alpha-arbutin:<\/strong> inhibe l\u2019enzyme tyrosinase impliqu\u00e9e dans la production de m\u00e9lanine.<\/li>\n<li><strong>Acide phytique:<\/strong> ralentit la m\u00e9lanog\u00e9n\u00e8se. Assure une hydratation optimale.<\/li>\n<li><strong>Ascorbyl t\u00e9tra-isopalmitate et tocoph\u00e9rol:<\/strong> puissants antioxydants et photo-protecteurs, inhibent la synth\u00e8se de m\u00e9lanine.<\/li>\n<\/ul>","protected":false},"excerpt":{"rendered":"<p>Associe les actifs les plus performants ayant d\u00e9montr\u00e9 leur efficacit\u00e9 clinique dans l\u2019att\u00e9nuation des taches pigmentaires localis\u00e9es, induites par le rayonnement ultra-violet et l\u2019avance en \u00e2ge.<\/p>","protected":false},"featured_media":1158,"comment_status":"open","ping_status":"closed","template":"","meta":[],"product_brand":[],"product_cat":[84,73],"product_tag":[],"class_list":{"0":"post-1103","1":"product","2":"type-product","3":"status-publish","4":"has-post-thumbnail","6":"product_cat-serum","7":"product_cat-cosmeceutic","9":"first","10":"instock","11":"taxable","12":"shipping-taxable","13":"purchasable","14":"product-type-simple"},"_links":{"self":[{"href":"https:\/\/3rings.eu\/fr\/wp-json\/wp\/v2\/product\/1103","targetHints":{"allow":["GET"]}}],"collection":[{"href":"https:\/\/3rings.eu\/fr\/wp-json\/wp\/v2\/product"}],"about":[{"href":"https:\/\/3rings.eu\/fr\/wp-json\/wp\/v2\/types\/product"}],"replies":[{"embeddable":true,"href":"https:\/\/3rings.eu\/fr\/wp-json\/wp\/v2\/comments?post=1103"}],"version-history":[{"count":0,"href":"https:\/\/3rings.eu\/fr\/wp-json\/wp\/v2\/product\/1103\/revisions"}],"wp:featuredmedia":[{"embeddable":true,"href":"https:\/\/3rings.eu\/fr\/wp-json\/wp\/v2\/media\/1158"}],"wp:attachment":[{"href":"https:\/\/3rings.eu\/fr\/wp-json\/wp\/v2\/media?parent=1103"}],"wp:term":[{"taxonomy":"product_brand","embeddable":true,"href":"https:\/\/3rings.eu\/fr\/wp-json\/wp\/v2\/product_brand?post=1103"},{"taxonomy":"product_cat","embeddable":true,"href":"https:\/\/3rings.eu\/fr\/wp-json\/wp\/v2\/product_cat?post=1103"},{"taxonomy":"product_tag","embeddable":true,"href":"https:\/\/3rings.eu\/fr\/wp-json\/wp\/v2\/product_tag?post=1103"}],"curies":[{"name":"wp","href":"https:\/\/api.w.org\/{rel}","templated":true}]}}