{"id":1104,"date":"2020-11-08T09:53:41","date_gmt":"2020-11-08T08:53:41","guid":{"rendered":"https:\/\/3rings.eu\/detoxifiying-exfoliating-cleanser-75ml\/"},"modified":"2024-10-20T20:21:48","modified_gmt":"2024-10-20T18:21:48","slug":"nescens-nettoyant-exfoliant-detoxifiant-visage-corps-75ml","status":"publish","type":"product","link":"https:\/\/3rings.eu\/fr\/produit\/nescens-nettoyant-exfoliant-detoxifiant-visage-corps-75ml\/","title":{"rendered":"Nettoyant Exfoliant D\u00e9toxifiant, Visage &amp; Corps - Nescens"},"content":{"rendered":"<p>D\u00e9toxifie la cellule en \u00e9liminant les constituants d\u00e9grad\u00e9s, qui tendent \u00e0 la rendre s\u00e9nescente pr\u00e9matur\u00e9ment. Un puissant m\u00e9canisme essentiel au maintien de l\u2019hom\u00e9ostasie cellulaire et \u00e0 la pr\u00e9servation de la jeunesse des tissus.<\/p>\n<h3>Principe biologique de base<\/h3>\n<p>Afin de maintenir son hom\u00e9ostasie, la cellule doit \u00e9liminer divers constituants d\u00e9grad\u00e9s et accumul\u00e9s. R\u00e9cemment d\u00e9couverte au niveau cutan\u00e9, l\u2019autophagie s\u2019impose aujourd\u2019hui comme un puissant m\u00e9canisme, indispensable pour d\u00e9toxifier les cellules, garantir leur bon fonctionnement et limiter la s\u00e9nescence.<\/p>\n<h2>B\u00e9n\u00e9fices cosm\u00e9ceutiques<\/h2>\n<ul>\n<li>Concentre un syst\u00e8me d\u2019agents nettoyants ultra-efficace con\u00e7u pour lib\u00e9rer l\u2019\u00e9piderme des impuret\u00e9s sans alt\u00e9rer l\u2019\u00e9quilibre hydrolipidique naturel.<\/li>\n<li>Pr\u00e9vient la d\u00e9lipidation et le dess\u00e8chement des tissus.<\/li>\n<li>Exfolie d\u00e9licatement sans d\u00e9caper, am\u00e9liorant la texture et l\u2019apparence de la peau (brillance, pores dilat\u00e9s et visibles, grain de peau irr\u00e9gulier, ridules, hyperpigmentation cutan\u00e9e...).<\/li>\n<li>Contribue \u00e0 r\u00e9\u00e9quilibrer le pH cutan\u00e9, qui tend \u00e0 s\u2019alcaliniser avec l\u2019\u00e2ge.<\/li>\n<li>D\u00e9toxifie la cellule en \u00e9liminant les constituants d\u00e9grad\u00e9s, qui tendent \u00e0 acc\u00e9l\u00e9rer son vieillissement.<\/li>\n<li>R\u00e9veille l\u2019\u00e9clat du teint, en neutralisant les radicaux libres impliqu\u00e9s dans le vieillissement cutan\u00e9.<\/li>\n<\/ul>\n<h2>Consignes d\u2019utilisation<\/h2>\n<p>Dans le cadre du dispositif cosm\u00e9ceutique Nescens, pour un nettoyage profond, utiliser le nettoyant exfoliant d\u00e9toxifiant, sous la douche, quotidiennement, sur le visage et le corps pr\u00e9alablement humidifi\u00e9s. Emulsionner et rincer.<\/p>\n<p>Nescens cr\u00e9e une nouvelle \u00e8re de gels douche soin. Au contact de l\u2019eau, ce gel translucide charg\u00e9 de microbilles bleues anti-oxydantes se transforme en une mousse onctueuse qui nettoie en profondeur, laissant la peau fra\u00eeche et lisse.<\/p>\n<p>Son format nomade et son action \u00aball in one\u00bb en font un produit universel, utilisable en toutes circonstances.<\/p>\n<p>Toutes conditions de peaux. Id\u00e9al pour les teints ternes \u00e0 la recherche d\u2019\u00e9clat.<\/p>\n<p>Utilisation unisexe. Test\u00e9 cliniquement sous contr\u00f4le dermatologique.<\/p>\n<h2>Principaux actifs<\/h2>\n<ul>\n<li><strong>Coco-Betaine, Decyl Glucoside:<\/strong> agents nettoyants moussants. D\u00e9barrassent l\u2019\u00e9piderme des impuret\u00e9s sans alt\u00e9rer l\u2019\u00e9quilibre hydro-lipidique naturel.<\/li>\n<li><strong>Coco-Glucoside:<\/strong> actif surgraissant d\u2019origine v\u00e9g\u00e9tale (d\u00e9riv\u00e9 de la noix de coco et de l\u2019huile de tournesol). Pr\u00e9vient la d\u00e9lipidation et le dess\u00e8chement des tissus d\u00fb au lavage. Adoucit et hydrate la peau.<\/li>\n<li><strong>Disodium Cocoyl Glutamate, Sodium Cocoyl Glutamate:<\/strong> agent nettoyant tr\u00e8s doux, d\u00e9riv\u00e9 d\u2019un acide amin\u00e9 et d\u2019un acide gras naturel. Excellent nettoyant, m\u00eame en eau dure. Laisse la peau douce et hydrat\u00e9e.<\/li>\n<li><strong>Extrait de Hydrolyzed Candida Saitoana (Celldetox)<\/strong> ingr\u00e9dient actif purifi\u00e9, extrait de levure (Candida Saitoana), riche en alpha-glucanes, obtenu par proc\u00e9d\u00e9 de biotechnologie, essentiel pour activer le syst\u00e8me autophagique cutan\u00e9. Renforce le processus de d\u00e9toxification cellulaire en \u00e9liminant des constituants alt\u00e9r\u00e9s (prot\u00e9ines oxyd\u00e9es et lipides peroxyd\u00e9s) qui saturent les cellules. Garantit la long\u00e9vit\u00e9 cellulaire et tissulaire. Am\u00e9liore ainsi l\u2019\u00e9tat de surface des peaux intoxiqu\u00e9es, lisse le micro-relief et ravive l\u2019\u00e9clat du teint. Limite les signes du photovieillissement, r\u00e9duit les rides et am\u00e9liore l\u2019homog\u00e9n\u00e9it\u00e9 de la peau.<\/li>\n<li><strong>Unisph\u00e8res nt-2103 (bleu):<\/strong> micro-sph\u00e8res bleues contenant de la Vitamine A et E qui luttent activement contre les rides et retardent le processus du vieillissement. Am\u00e9liorent la texture et la fermet\u00e9 de la peau.<\/li>\n<li><strong>Panthenol (Provitamine B5):<\/strong> hydrate, stimule la prolif\u00e9ration cellulaire et favorise la r\u00e9g\u00e9n\u00e9ration tissulaire. Prot\u00e8ge et apporte douceur et velout\u00e9 \u00e0 l\u2019\u00e9piderme.<\/li>\n<li><strong>Acide glycolique:<\/strong> acide alpha-hydroxyl\u00e9 (AHA). Aide \u00e0 dissoudre le ciment intercellulaire responsable d\u2019une k\u00e9ratinisation anormale et favorise l\u2019hydratation cutan\u00e9e. Active le processus naturel d\u2019\u00e9limination des cellules mortes et am\u00e9liore l\u2019aspect des peaux acn\u00e9iques.<\/li>\n<li><strong>Chondrus Crispus Powder (Carragheen ou Algue Rouge):<\/strong> pr\u00e9sente des vertus apaisantes, hydratantes et restructurantes. Cr\u00e9e un film protecteur.<\/li>\n<\/ul>","protected":false},"excerpt":{"rendered":"<p>Le premier nettoyant anti-\u00e2ge int\u00e9gral, \u00aball in one\u00bb, utilisable sous la douche, bas\u00e9 sur une technologie de \u00abcell cleaning\u00bb ultra-innovante, stimulant le processus d\u2019auto-r\u00e9g\u00e9n\u00e9ration cutan\u00e9. La peau appara\u00eet ultra-propre, fra\u00eeche et claire.<\/p>","protected":false},"featured_media":1156,"comment_status":"open","ping_status":"closed","template":"","meta":[],"product_brand":[],"product_cat":[87,73],"product_tag":[],"class_list":{"0":"post-1104","1":"product","2":"type-product","3":"status-publish","4":"has-post-thumbnail","6":"product_cat-priming-care","7":"product_cat-cosmeceutic","9":"first","10":"instock","11":"taxable","12":"shipping-taxable","13":"purchasable","14":"product-type-simple"},"_links":{"self":[{"href":"https:\/\/3rings.eu\/fr\/wp-json\/wp\/v2\/product\/1104","targetHints":{"allow":["GET"]}}],"collection":[{"href":"https:\/\/3rings.eu\/fr\/wp-json\/wp\/v2\/product"}],"about":[{"href":"https:\/\/3rings.eu\/fr\/wp-json\/wp\/v2\/types\/product"}],"replies":[{"embeddable":true,"href":"https:\/\/3rings.eu\/fr\/wp-json\/wp\/v2\/comments?post=1104"}],"version-history":[{"count":0,"href":"https:\/\/3rings.eu\/fr\/wp-json\/wp\/v2\/product\/1104\/revisions"}],"wp:featuredmedia":[{"embeddable":true,"href":"https:\/\/3rings.eu\/fr\/wp-json\/wp\/v2\/media\/1156"}],"wp:attachment":[{"href":"https:\/\/3rings.eu\/fr\/wp-json\/wp\/v2\/media?parent=1104"}],"wp:term":[{"taxonomy":"product_brand","embeddable":true,"href":"https:\/\/3rings.eu\/fr\/wp-json\/wp\/v2\/product_brand?post=1104"},{"taxonomy":"product_cat","embeddable":true,"href":"https:\/\/3rings.eu\/fr\/wp-json\/wp\/v2\/product_cat?post=1104"},{"taxonomy":"product_tag","embeddable":true,"href":"https:\/\/3rings.eu\/fr\/wp-json\/wp\/v2\/product_tag?post=1104"}],"curies":[{"name":"wp","href":"https:\/\/api.w.org\/{rel}","templated":true}]}}