{"id":1105,"date":"2020-11-08T09:53:41","date_gmt":"2020-11-08T08:53:41","guid":{"rendered":"https:\/\/3rings.eu\/keratolytic-complex-15ml\/"},"modified":"2025-01-21T00:23:48","modified_gmt":"2025-01-20T23:23:48","slug":"nescens-complexe-keratolytique-visage-15ml","status":"publish","type":"product","link":"https:\/\/3rings.eu\/fr\/produit\/nescens-complexe-keratolytique-visage-15ml\/","title":{"rendered":"Complexe K\u00e9ratolytique, Visage - Nescens"},"content":{"rendered":"<p>La technique de resurfa\u00e7age Nescens op\u00e8re une v\u00e9ritable recapitalisation cutan\u00e9e. Conjugue un polyhydroxyacide \u00e0 un agent exfoliant intensif, dont les effets synergiques induisent par desquamation, la remise \u00e0 plat du rev\u00eatement cutan\u00e9.<\/p>\n<h2>B\u00e9n\u00e9fices cosm\u00e9ceutiques<\/h2>\n<ul>\n<li>R\u00e9alise une puissante action de lissage et de r\u00e9novation des tissus. Proc\u00e9d\u00e9 hautement performant de r\u00e9fection du rev\u00eatement cutan\u00e9<\/li>\n<li>Augmente la prolif\u00e9ration cellulaire et la biosynth\u00e8se des composants mol\u00e9culaires, am\u00e9liorant les propri\u00e9t\u00e9s m\u00e9caniques des tissus (\u00e9lasticit\u00e9, fermet\u00e9, tonicit\u00e9).<\/li>\n<li>Am\u00e9liore les propri\u00e9t\u00e9s de la barri\u00e8re cutan\u00e9e et augmente la r\u00e9sistance de la peau aux agressions environnementales.<\/li>\n<li>Contrecarre les effets du photo-vieillissement, par ses actions antioxydantes, ch\u00e9latrices et d\u00e9pigmentantes.<\/li>\n<\/ul>\n<h2>Consignes d\u2019utilisation<\/h2>\n<p>Peeling chimique, indiqu\u00e9 une \u00e0 deux fois par semaine, de pr\u00e9f\u00e9rence le soir. La fr\u00e9quence d\u2019utilisation est d\u00e9termin\u00e9e par la condition de peau:<\/p>\n<ul>\n<li>en cas de peau fine et d\u00e9licate et\/ou pr\u00e9sentant des signes de vieillissement pr\u00e9matur\u00e9 : 1 seule application hebdomadaire;<\/li>\n<li>en cas de peau \u00e9paisse et\/ou pr\u00e9sentant des signes avanc\u00e9s de vieillissement : 2 applications hebdomadaires.<\/li>\n<\/ul>\n<p class=\"translation-block\">Appliquer le complexe k\u00e9ratolytique apr\u00e8s le <a href=\"https:\/\/3rings.eu\/fr\/produit\/nescens-gel-nettoyant-visage-130ml\/\" target=\"_self\">gel nettoyant<\/a> sur le visage et le cou en \u00e9vitant tout contact avec les yeux. Laisser le cosm\u00e9ceutique agir durant 5 minutes. Retirer int\u00e9gralement le produit \u00e0 l\u2019aide d\u2019un linge humide. Bien s\u00e9cher.<\/p>\n<p>Utilisation unisexe. Test\u00e9 cliniquement sous contr\u00f4le dermatologique.<\/p>\n<p>Ne pas utiliser avant ou apr\u00e8s une exposition au soleil ou, pour les hommes, dans l\u2019heure qui suit le rasage.<\/p>\n<h2>Principaux actifs<\/h2>\n<ul>\n<li><strong>Acide lactobionique:<\/strong> induit une exfoliation efficace bien que non agressive. Favorise le renouvellement des k\u00e9ratinocytes et assure une coh\u00e9sion optimale de la barri\u00e8re \u00e9pidermique. Retient les mol\u00e9cules d\u2019eau dans la couche corn\u00e9e de la peau.<\/li>\n<li><strong>Acide salicylique:<\/strong> provoque une exfoliation du stratum corneum tout en hydratant la peau.<\/li>\n<li><strong>Acide phytique:<\/strong> pr\u00e9vient la dystrophie cutan\u00e9e li\u00e9e au vieillissement et l\u2019accumulation de calcium dans les peaux matures. Assure une hydratation optimale.<\/li>\n<\/ul>","protected":false},"excerpt":{"rendered":"<p>Laisse la peau retextur\u00e9e, visiblement liss\u00e9e, comme retendue. Les rugosit\u00e9s \u00e9pidermiques sont att\u00e9nu\u00e9es. Les pores se resserrent, le teint est plus uniforme. La jeunesse des traits est restaur\u00e9e.<\/p>","protected":false},"featured_media":1150,"comment_status":"open","ping_status":"closed","template":"","meta":[],"product_brand":[],"product_cat":[85,73],"product_tag":[],"class_list":{"0":"post-1105","1":"product","2":"type-product","3":"status-publish","4":"has-post-thumbnail","6":"product_cat-exfoliator","7":"product_cat-cosmeceutic","9":"first","10":"instock","11":"taxable","12":"shipping-taxable","13":"purchasable","14":"product-type-simple"},"_links":{"self":[{"href":"https:\/\/3rings.eu\/fr\/wp-json\/wp\/v2\/product\/1105","targetHints":{"allow":["GET"]}}],"collection":[{"href":"https:\/\/3rings.eu\/fr\/wp-json\/wp\/v2\/product"}],"about":[{"href":"https:\/\/3rings.eu\/fr\/wp-json\/wp\/v2\/types\/product"}],"replies":[{"embeddable":true,"href":"https:\/\/3rings.eu\/fr\/wp-json\/wp\/v2\/comments?post=1105"}],"version-history":[{"count":0,"href":"https:\/\/3rings.eu\/fr\/wp-json\/wp\/v2\/product\/1105\/revisions"}],"wp:featuredmedia":[{"embeddable":true,"href":"https:\/\/3rings.eu\/fr\/wp-json\/wp\/v2\/media\/1150"}],"wp:attachment":[{"href":"https:\/\/3rings.eu\/fr\/wp-json\/wp\/v2\/media?parent=1105"}],"wp:term":[{"taxonomy":"product_brand","embeddable":true,"href":"https:\/\/3rings.eu\/fr\/wp-json\/wp\/v2\/product_brand?post=1105"},{"taxonomy":"product_cat","embeddable":true,"href":"https:\/\/3rings.eu\/fr\/wp-json\/wp\/v2\/product_cat?post=1105"},{"taxonomy":"product_tag","embeddable":true,"href":"https:\/\/3rings.eu\/fr\/wp-json\/wp\/v2\/product_tag?post=1105"}],"curies":[{"name":"wp","href":"https:\/\/api.w.org\/{rel}","templated":true}]}}