{"id":1106,"date":"2020-11-08T09:53:41","date_gmt":"2020-11-08T08:53:41","guid":{"rendered":"https:\/\/3rings.eu\/metabolic-activator-toner-150ml\/"},"modified":"2023-01-05T08:29:36","modified_gmt":"2023-01-05T07:29:36","slug":"nescens-tonique-activateur-metabolique-visage-150ml","status":"publish","type":"product","link":"https:\/\/3rings.eu\/fr\/produit\/nescens-tonique-activateur-metabolique-visage-150ml\/","title":{"rendered":"Tonique Activateur M\u00e9tabolique, Visage - Nescens"},"content":{"rendered":"<p>Retient les mol\u00e9cules d\u2019eau dans le stratum corneum et calme les irritations potentielles. Favorise l\u2019exfoliation naturelle de l\u2019\u00e9piderme et maintient l\u2019hydratation, r\u00e9v\u00e9lant un teint frais, lumineux, caract\u00e9ristique d\u2019une peau jeune.<\/p>\n<h2>B\u00e9n\u00e9fices cosm\u00e9ceutiques<\/h2>\n<ul>\n<li>Stimule les fonctions m\u00e9taboliques cellulaires.<\/li>\n<li>Favorise le processus naturel d\u2019exfoliation de l\u2019\u00e9piderme.<\/li>\n<li>Accro\u00eet la p\u00e9n\u00e9tration des substances actives.<\/li>\n<li>Retient les mol\u00e9cules d\u2019eau dans le stratum corneum.<\/li>\n<li>R\u00e9tablit la fonction naturelle de la barri\u00e8re hydrolipidique et le pH cutan\u00e9.<\/li>\n<li>Assure une action anti-inflammatoire.<\/li>\n<li>Elimine les derniers r\u00e9sidus du nettoyage et neutralise les d\u00e9p\u00f4ts calcaires.<\/li>\n<\/ul>\n<h2>Consignes d\u2019utilisation<\/h2>\n<p class=\"translation-block\">Dans le cadre du dispositif cosm\u00e9ceutique Nescens, le tonique activateur m\u00e9tabolique est indiqu\u00e9 en usage biquotidien (matin et soir), pr\u00e9alablement \u00e0 l\u2019application des <a href=\"https:\/\/3rings.eu\/fr\/categorie-produit\/cosmeceutique\/soin-correcteur\/\" target=\"_self\">soins correcteurs Nescens<\/a>, pour optimiser leur absorption et d\u00e9velopper leurs performances, ou ind\u00e9pendamment pour tonifier l\u2019\u00e9piderme et resserrer les pores.<\/p>\n<p>Vaporiser le Tonique Activateur M\u00e9tabolique au creux de la main, et appliquer sur le visage et le cou parfaitement nettoy\u00e9s et s\u00e9ch\u00e9s.<\/p>\n<p>Effectuer quelques man\u0153uvres de lissage des tissus afin d\u2019optimiser la p\u00e9n\u00e9tration du fluide.<\/p>\n<p>Utilisation unisexe. Test\u00e9 cliniquement sous contr\u00f4le dermatologique et ophtalmologique.<\/p>\n<h2>Principaux actifs<\/h2>\n<ul>\n<li><strong>Acide lactobionique:<\/strong> assure une exfoliation tr\u00e8s efficace et douce. Favorise le renouvellement des k\u00e9ratinocytes et assure la coh\u00e9sion de la barri\u00e8re \u00e9pidermique.<\/li>\n<li><strong>Acide salicylique:<\/strong> provoque une exfoliation du stratum corneum tout en hydratant la peau.<\/li>\n<li><strong>Niacinamide:<\/strong> exerce un effet stabilisant sur la barri\u00e8re \u00e9pidermique. Stimule la synth\u00e8se des c\u00e9ramides. Am\u00e9liore la teneur en eau. Accro\u00eet la vascularisation des papilles dermiques.<\/li>\n<li><strong>Taurine:<\/strong> prot\u00e8ge les cellules \u00e9pidermiques de la d\u00e9shydratation en environnement sec.<\/li>\n<li><strong>Saccharide isom\u00e9rate:<\/strong> apporte une hydratation optimale et de longue dur\u00e9e.<\/li>\n<li><strong>Glyc\u00e9rine:<\/strong> r\u00e9tablit la structure lamellaire des lipides intercellulaires du stratum corneum. Assure l\u2019hydratation optimale des diff\u00e9rentes couches de l\u2019\u00e9piderme.<\/li>\n<li><strong>Ur\u00e9e:<\/strong> accro\u00eet l\u2019activit\u00e9 des enzymes impliqu\u00e9s dans la synth\u00e8se des lipides \u00e9pidermiques.<\/li>\n<li><strong>Panth\u00e9nol:<\/strong> \u00e9l\u00e9ment-cl\u00e9 dans la production \u00e9nerg\u00e9tique a\u00e9robique des k\u00e9ratinocytes. Participe \u00e0 la reconstitution des couches lipidiques \u00e9pidermiques. Ses propri\u00e9t\u00e9s hygroscopiques favorisent l\u2019hydratation.<\/li>\n<li><strong>Extrait du cryptogame Fomes officinalis:<\/strong> assure un effet astringent qui affine le grain de peau et lui restitue un aspect tonifi\u00e9 et revigor\u00e9.<\/li>\n<\/ul>","protected":false},"excerpt":{"rendered":"<p>Stimule les fonctions cellulaires et tonifie les tissus. Les pores resserr\u00e9s, le grain de peau affin\u00e9, la surface cutan\u00e9e appara\u00eet plus lisse.<\/p>","protected":false},"featured_media":1274,"comment_status":"open","ping_status":"closed","template":"","meta":[],"product_brand":[],"product_cat":[87],"product_tag":[],"class_list":{"0":"post-1106","1":"product","2":"type-product","3":"status-publish","4":"has-post-thumbnail","6":"product_cat-priming-care","8":"first","9":"instock","10":"taxable","11":"shipping-taxable","12":"purchasable","13":"product-type-simple"},"_links":{"self":[{"href":"https:\/\/3rings.eu\/fr\/wp-json\/wp\/v2\/product\/1106","targetHints":{"allow":["GET"]}}],"collection":[{"href":"https:\/\/3rings.eu\/fr\/wp-json\/wp\/v2\/product"}],"about":[{"href":"https:\/\/3rings.eu\/fr\/wp-json\/wp\/v2\/types\/product"}],"replies":[{"embeddable":true,"href":"https:\/\/3rings.eu\/fr\/wp-json\/wp\/v2\/comments?post=1106"}],"version-history":[{"count":0,"href":"https:\/\/3rings.eu\/fr\/wp-json\/wp\/v2\/product\/1106\/revisions"}],"wp:featuredmedia":[{"embeddable":true,"href":"https:\/\/3rings.eu\/fr\/wp-json\/wp\/v2\/media\/1274"}],"wp:attachment":[{"href":"https:\/\/3rings.eu\/fr\/wp-json\/wp\/v2\/media?parent=1106"}],"wp:term":[{"taxonomy":"product_brand","embeddable":true,"href":"https:\/\/3rings.eu\/fr\/wp-json\/wp\/v2\/product_brand?post=1106"},{"taxonomy":"product_cat","embeddable":true,"href":"https:\/\/3rings.eu\/fr\/wp-json\/wp\/v2\/product_cat?post=1106"},{"taxonomy":"product_tag","embeddable":true,"href":"https:\/\/3rings.eu\/fr\/wp-json\/wp\/v2\/product_tag?post=1106"}],"curies":[{"name":"wp","href":"https:\/\/api.w.org\/{rel}","templated":true}]}}