{"id":1107,"date":"2020-11-08T09:53:42","date_gmt":"2020-11-08T08:53:42","guid":{"rendered":"https:\/\/3rings.eu\/molecular-regeneration-emulsion-day-30ml\/"},"modified":"2023-10-29T13:46:21","modified_gmt":"2023-10-29T12:46:21","slug":"nescens-emulsion-regeneration-moleculaire-jour-visage-30ml","status":"publish","type":"product","link":"https:\/\/3rings.eu\/fr\/produit\/nescens-emulsion-regeneration-moleculaire-jour-visage-30ml\/","title":{"rendered":"\u00c9mulsion R\u00e9g\u00e9n\u00e9ration Mol\u00e9culaire, Jour, Visage - Nescens"},"content":{"rendered":"<p>L\u2019\u00e9mulsion r\u00e9g\u00e9n\u00e9ration mol\u00e9culaire Nescens, concentr\u00e9 de composants actifs s\u00e9lectionn\u00e9s pour leur action synergique, est destin\u00e9e \u00e0 neutraliser les m\u00e9canismes de d\u00e9t\u00e9rioration mol\u00e9culaire li\u00e9s au vieillissement naturel et photo-induit, et \u00e0 favoriser le renouvellement des macromol\u00e9cules de la matrice extracellulaire.<\/p>\n<h2>B\u00e9n\u00e9fices cosm\u00e9ceutiques<\/h2>\n<ul>\n<li>Neutralise les processus de glycation et d\u2019oxydation afin de restaurer un fonctionnement cellulaire optimal et de pr\u00e9venir la rigidification des fibres de collag\u00e8ne et d\u2019\u00e9lastine.<\/li>\n<li>R\u00e9duit l\u2019activit\u00e9 des m\u00e9talloprot\u00e9ases, enzymes impliqu\u00e9es dans la d\u00e9gradation et la fragmentation des prot\u00e9ines de structure, pour emp\u00eacher la formation de fractures dans l\u2019architecture de soutien des tissus, \u00e0 l\u2019origine des rides.<\/li>\n<li>Augmente la r\u00e9sistance cutan\u00e9e au rayonnement ultraviolet, limitant le ph\u00e9nom\u00e8ne de photo-vieillissement.<\/li>\n<li>Participe au renouvellement des macromol\u00e9cules de la matrice extracellulaire, garantissant la fermet\u00e9 et la densit\u00e9 des tissus.<\/li>\n<li>Contribue \u00e0 limiter l\u2019inflammation tissulaire due aux agressions exog\u00e8nes et endog\u00e8nes.<\/li>\n<li>Garantit une hydratation intensive et durable, gr\u00e2ce \u00e0 l\u2019inclusion d\u2019agents hydratants \u00e0 effet graduel.<\/li>\n<li>Nourrit la peau par l\u2019apport de lipides bio-identiques (analogues aux lipides naturellement synth\u00e9tis\u00e9s dans l\u2019\u00e9piderme).<\/li>\n<\/ul>\n<h2>Consignes d\u2019utilisation<\/h2>\n<p class=\"translation-block\">Utiliser l\u2019\u00e9mulsion r\u00e9g\u00e9n\u00e9ration mol\u00e9culaire le matin en application quotidienne, apr\u00e8s les <a href=\"https:\/\/3rings.eu\/fr\/categorie-produit\/cosmeceutique\/soin-preparatoire\/\" target=\"_self\">soins pr\u00e9paratoires<\/a> et le <a href=\"https:\/\/3rings.eu\/fr\/categorie-produit\/cosmeceutique\/serum\/\" target=\"_self\">s\u00e9rum Nescens<\/a> adapt\u00e9. Cette pr\u00e9paration d\u00e9veloppe tout son potentiel en utilisation coordonn\u00e9e avec l\u2019<a href=\"https:\/\/3rings.eu\/fr\/produit\/nescens-emulsion-renouvellement-cellulaire-nuit-visage-30ml\/\" target=\"_self\">\u00e9mulsion renouvellement cellulaire<\/a>, soin correcteur nuit.<\/p>\n<p>Appliquer le matin, sur l\u2019ensemble du visage et du cou, par mouvements de lissages, en prenant soin d\u2019\u00e9viter le contour des yeux. Terminer par de l\u00e9gers tapotements pour favoriser la p\u00e9n\u00e9tration du cosm\u00e9ceutique.<\/p>\n<p>Utilisation unisexe. Test\u00e9 cliniquement sous contr\u00f4le dermatologique et ophtalmologique.<\/p>\n<h2>Principaux actifs<\/h2>\n<ul>\n<li><strong>Niacinamide:<\/strong> favorise la production de collag\u00e8ne et pr\u00e9vient sa d\u00e9gradation. Att\u00e9nue les troubles pigmentaires. Assure une action photoprotectrice.<\/li>\n<li><strong>Ascorbyl t\u00e9traisopalmitate (forme stabilis\u00e9e de vitamine C), Tocoph\u00e9rol et Tocopheryl acetate (vitamines E)<\/strong> puissants antioxydants et photoprotecteurs. Pr\u00e9viennent les d\u00e9g\u00e2ts cellulaires et mol\u00e9culaires (p\u00e9roxydation des lipides cutan\u00e9s) induits par les radicaux libres oxyg\u00e8ne. Am\u00e9liorent l\u2019\u00e9clat de la peau et la tonicit\u00e9 des tissus.<\/li>\n<li><strong>Decarboxy Carnosine HCL:<\/strong> inhibe le processus de glycation. Antioxydant majeur. Dipeptide synth\u00e9tique d \u0301une tr\u00e8s grande stabilit\u00e9, r\u00e9sistant \u00e0 la d\u00e9gradation.<\/li>\n<li><strong>Ur\u00e9e:<\/strong> accro\u00eet l\u2019activit\u00e9 des enzymes impliqu\u00e9s dans la synth\u00e8se des lipides \u00e9pidermiques.<\/li>\n<li><strong>Glyc\u00e9rine:<\/strong> r\u00e9tablit la structure lamellaire des lipides intercellulaires du strateum corneum. Assure l\u2019hydratation optimale des diff\u00e9rentes couches de l\u2019\u00e9piderme.<\/li>\n<li><strong>Taurine:<\/strong> prot\u00e8ge les cellules \u00e9pidermiques de la d\u00e9shydratation en environnement sec.<\/li>\n<li><strong>Saccharide isom\u00e9rate:<\/strong> apporte une hydratation optimale et de longue dur\u00e9e.<\/li>\n<li><strong>Panth\u00e9nol:<\/strong> \u00e9l\u00e9ment-cl\u00e9 dans la production \u00e9nerg\u00e9tique a\u00e9robique des k\u00e9ratinocytes. Participe \u00e0 la reconstitution des couches lipidiques \u00e9pidermiques. Ses propri\u00e9t\u00e9s hygroscopiques favorisent l\u2019hydratation.<\/li>\n<li><strong>C\u00e9ramides AP, NP, EOP<\/strong> lipides fondamentaux n\u00e9cessaires \u00e0 la restauration de la barri\u00e8re hydrolipidique. Garantissent la coh\u00e9sion de la couche corn\u00e9e de la peau.<\/li>\n<li><strong>Phytosphingosine:<\/strong> r\u00e9duit l\u2019activit\u00e9 des m\u00e9talloprot\u00e9ases et augmente la synth\u00e8se de prot\u00e9ines de la matrice extracellulaire. Stimule la diff\u00e9renciation des k\u00e9ratinocytes. Renforce la coh\u00e9sion des corn\u00e9ocytes. Procure des effets anti-vieillissement.<\/li>\n<li><strong>Cholest\u00e9rol:<\/strong> composante essentielle de la barri\u00e8re lipidique \u00e9pidermique.<\/li>\n<li><strong>Beurre de karit\u00e9:<\/strong> favorise le retardement du processus de vieillissement cutan\u00e9. Poss\u00e8de des propri\u00e9t\u00e9s adoucissantes, hydratantes et restructurantes.<\/li>\n<li><strong>N-Ac\u00e9tyl glucosamine:<\/strong> favorise l\u2019adh\u00e9sion cellulaire (lie les glycoprot\u00e9ines qui assurent la coh\u00e9sion des corn\u00e9ocytes). Stimule l\u2019expression des marqueurs de diff\u00e9renciation k\u00e9ratinocytaires (k\u00e9ratine, involucrine).<\/li>\n<li><strong>Methylsilanol mannuronate:<\/strong> favorise la r\u00e9g\u00e9n\u00e9ration cutan\u00e9e. Retarde la perte d\u2019\u00e9lasticit\u00e9 et les modifications de structure du tissu conjonctif li\u00e9es \u00e0 l\u2019avance en \u00e2ge.<\/li>\n<li><strong>Extrait de feuilles de Camellia sinensis:<\/strong> le th\u00e9 blanc a un pouvoir antioxydant et antiradicalaire encore plus puissant que le th\u00e9 vert. Son effet protecteur sur la peau en tant qu\u2019antioxydant et inhibiteur de radicaux libres est particuli\u00e8rement \u00e9lev\u00e9.<\/li>\n<li><strong>Extrait de Silybum marianum (phytosome de phospholipides de soja contenant la silybinine):<\/strong> inhibe la p\u00e9roxydation des lipides et favorise la r\u00e9paration de l\u2019ADN. Optimise la synth\u00e8se de glutathion intra-cellulaire. Exerce une action anti-inflammatoire et immuno-r\u00e9gulatrice.<\/li>\n<li><strong>Extrait de feuilles de Cynara scolymus (artichaut):<\/strong> normalise la croissance des k\u00e9ratinocytes dans l\u2019\u00e9piderme, stimule la synth\u00e8se de collag\u00e8ne dans le derme tout en le prot\u00e9geant contre la d\u00e9gradation.<\/li>\n<li><strong>Extrait de bulbes de Crocus Chrysanthus:<\/strong> facilite la communication intercellulaire. Augmente la production de facteurs de croissance k\u00e9ratinocytaires (TGF \u03b2-like), qui stimulent la synth\u00e8se de collag\u00e8ne et d\u2019\u00e9lastine par les fibroblastes.<\/li>\n<\/ul>","protected":false},"excerpt":{"rendered":"<p>Permet \u00e0 la peau de restaurer ses principaux marqueurs de jeunesse : souplesse, densit\u00e9 et fermet\u00e9. Les rides sont att\u00e9nu\u00e9es, le relief cutan\u00e9 appara\u00eet liss\u00e9. La peau gagne en radiance.<\/p>","protected":false},"featured_media":1146,"comment_status":"open","ping_status":"closed","template":"","meta":[],"product_brand":[],"product_cat":[88,73],"product_tag":[],"class_list":{"0":"post-1107","1":"product","2":"type-product","3":"status-publish","4":"has-post-thumbnail","6":"product_cat-correcting-care","7":"product_cat-cosmeceutic","9":"first","10":"instock","11":"taxable","12":"shipping-taxable","13":"purchasable","14":"product-type-simple"},"_links":{"self":[{"href":"https:\/\/3rings.eu\/fr\/wp-json\/wp\/v2\/product\/1107","targetHints":{"allow":["GET"]}}],"collection":[{"href":"https:\/\/3rings.eu\/fr\/wp-json\/wp\/v2\/product"}],"about":[{"href":"https:\/\/3rings.eu\/fr\/wp-json\/wp\/v2\/types\/product"}],"replies":[{"embeddable":true,"href":"https:\/\/3rings.eu\/fr\/wp-json\/wp\/v2\/comments?post=1107"}],"version-history":[{"count":0,"href":"https:\/\/3rings.eu\/fr\/wp-json\/wp\/v2\/product\/1107\/revisions"}],"wp:featuredmedia":[{"embeddable":true,"href":"https:\/\/3rings.eu\/fr\/wp-json\/wp\/v2\/media\/1146"}],"wp:attachment":[{"href":"https:\/\/3rings.eu\/fr\/wp-json\/wp\/v2\/media?parent=1107"}],"wp:term":[{"taxonomy":"product_brand","embeddable":true,"href":"https:\/\/3rings.eu\/fr\/wp-json\/wp\/v2\/product_brand?post=1107"},{"taxonomy":"product_cat","embeddable":true,"href":"https:\/\/3rings.eu\/fr\/wp-json\/wp\/v2\/product_cat?post=1107"},{"taxonomy":"product_tag","embeddable":true,"href":"https:\/\/3rings.eu\/fr\/wp-json\/wp\/v2\/product_tag?post=1107"}],"curies":[{"name":"wp","href":"https:\/\/api.w.org\/{rel}","templated":true}]}}