{"id":1108,"date":"2020-11-08T09:53:42","date_gmt":"2020-11-08T08:53:42","guid":{"rendered":"https:\/\/3rings.eu\/pha-resurfacing-emulsion-200ml\/"},"modified":"2024-10-22T14:59:37","modified_gmt":"2024-10-22T12:59:37","slug":"nescens-emulsion-resurfacante-pha-corps-200ml","status":"publish","type":"product","link":"https:\/\/3rings.eu\/fr\/produit\/nescens-emulsion-resurfacante-pha-corps-200ml\/","title":{"rendered":"Emulsion Resurfa\u00e7ante PHA, Corps - Nescens"},"content":{"rendered":"<p>L\u2019\u00e9mulsion resurfa\u00e7ante PHA Nescens permet d\u2019enrayer le ph\u00e9nom\u00e8ne de desquamation excessive des \u00e9tats cutan\u00e9s secs, alt\u00e9r\u00e9s par le processus de vieillissement. Fond\u00e9e sur une strat\u00e9gie innovante d\u2019acidification aig\u00fce et d\u2019exfoliation du stratum corneum, elle contribue \u00e0 l\u2019\u00e9limination des squames d\u00e9j\u00e0 form\u00e9es et pr\u00e9vient leur r\u00e9apparition.<\/p>\n<h2>B\u00e9n\u00e9fices cosm\u00e9ceutiques<\/h2>\n<ul>\n<li>R\u00e9tablit l\u2019int\u00e9grit\u00e9 du ciment intercellulaire, am\u00e9liorant les propri\u00e9t\u00e9s physiques et m\u00e9caniques de l\u2019\u00e9piderme.<\/li>\n<li>Enraye le ph\u00e9nom\u00e8ne de desquamation excessive des \u00e9tats cutan\u00e9s secs, par un double processus : acidification aig\u00fce (formule \u00e0 pH acide) et exfoliation intense du stratum corneum.<\/li>\n<li>Restaure la fonction barri\u00e8re de la peau et augmente sa r\u00e9sistance aux agressions ext\u00e9rieures.<\/li>\n<li>Assure la r\u00e9tention hydrique des couches superficielles de l\u2019\u00e9piderme et renforce l\u2019activit\u00e9 de ses facteurs naturels d\u2019hydratation.<\/li>\n<\/ul>\n<h2>Consignes d\u2019utilisation<\/h2>\n<p>Dans le cadre du dispositif cosm\u00e9ceutique Nescens, l\u2019\u00e9mulsion resurfa\u00e7ante PHA est indiqu\u00e9e matin et soir, par mouvements de lissages ascendants, sur l\u2019ensemble du corps ou en application cibl\u00e9e sur les zones s\u00e8ches et squameuses (avant-bras, cuisses, jambes...).<\/p>\n<p>Utilisation unisexe. Test\u00e9 cliniquement sous contr\u00f4le dermatologique.<\/p>\n<h2>Principaux actifs<\/h2>\n<ul>\n<li><strong>Acide lactobionique:<\/strong> induit une exfoliation efficace bien que non agressive. Stimule le renouvellement des k\u00e9ratinocytes et assure leur coh\u00e9sion optimale. Pi\u00e8ge les mol\u00e9cules d\u2019eau dans le stratum corneum.<\/li>\n<li><strong>Niacinamide:<\/strong> exerce un effet stabilisateur sur la barri\u00e8re \u00e9pidermique. Am\u00e9liore la teneur en eau du stratum corneum. Acc\u00e9l\u00e8re la diff\u00e9renciation des k\u00e9ratinocytes.<\/li>\n<li><strong>Acetyl glucosamin (N-Acetyl glucosamine):<\/strong> favorise l\u2019adh\u00e9sion cellulaire (lie les glycoprot\u00e9ines qui assurent la coh\u00e9sion des corn\u00e9ocytes). Stimule l\u2019expression des marqueurs de diff\u00e9renciation k\u00e9ratinocytaires (k\u00e9ratine, involucrine).<\/li>\n<li><strong>Glyc\u00e9rine:<\/strong> r\u00e9tablit la structure lamellaire des lipides intercellulaires du strateum corneum. Assure l\u2019hydratation optimale des diff\u00e9rentes couches de l\u2019\u00e9piderme.<\/li>\n<li><strong>Ur\u00e9e:<\/strong> accro\u00eet l\u2019activit\u00e9 des enzymes impliqu\u00e9s dans la synth\u00e8se des lipides \u00e9pidermiques.<\/li>\n<li><strong>Panth\u00e9nol:<\/strong> participe \u00e0 la reconstitution des couches lipidiques \u00e9pidermiques. Ses propri\u00e9t\u00e9s hygroscopiques favorisent l\u2019hydratation.<\/li>\n<\/ul>","protected":false},"excerpt":{"rendered":"<p>En quelques applications seulement, les rugosit\u00e9s \u00e9pidermiques sont att\u00e9nu\u00e9es. La peau retrouve ses caract\u00e9ristiques de jeunesse : velout\u00e9, douceur et souplesse.<\/p>","protected":false},"featured_media":1144,"comment_status":"open","ping_status":"closed","template":"","meta":[],"product_brand":[],"product_cat":[88,73],"product_tag":[],"class_list":{"0":"post-1108","1":"product","2":"type-product","3":"status-publish","4":"has-post-thumbnail","6":"product_cat-correcting-care","7":"product_cat-cosmeceutic","9":"first","10":"instock","11":"taxable","12":"shipping-taxable","13":"purchasable","14":"product-type-simple"},"_links":{"self":[{"href":"https:\/\/3rings.eu\/fr\/wp-json\/wp\/v2\/product\/1108","targetHints":{"allow":["GET"]}}],"collection":[{"href":"https:\/\/3rings.eu\/fr\/wp-json\/wp\/v2\/product"}],"about":[{"href":"https:\/\/3rings.eu\/fr\/wp-json\/wp\/v2\/types\/product"}],"replies":[{"embeddable":true,"href":"https:\/\/3rings.eu\/fr\/wp-json\/wp\/v2\/comments?post=1108"}],"version-history":[{"count":0,"href":"https:\/\/3rings.eu\/fr\/wp-json\/wp\/v2\/product\/1108\/revisions"}],"wp:featuredmedia":[{"embeddable":true,"href":"https:\/\/3rings.eu\/fr\/wp-json\/wp\/v2\/media\/1144"}],"wp:attachment":[{"href":"https:\/\/3rings.eu\/fr\/wp-json\/wp\/v2\/media?parent=1108"}],"wp:term":[{"taxonomy":"product_brand","embeddable":true,"href":"https:\/\/3rings.eu\/fr\/wp-json\/wp\/v2\/product_brand?post=1108"},{"taxonomy":"product_cat","embeddable":true,"href":"https:\/\/3rings.eu\/fr\/wp-json\/wp\/v2\/product_cat?post=1108"},{"taxonomy":"product_tag","embeddable":true,"href":"https:\/\/3rings.eu\/fr\/wp-json\/wp\/v2\/product_tag?post=1108"}],"curies":[{"name":"wp","href":"https:\/\/api.w.org\/{rel}","templated":true}]}}