{"id":1109,"date":"2020-11-08T09:53:42","date_gmt":"2020-11-08T08:53:42","guid":{"rendered":"https:\/\/3rings.eu\/renewing-gel-mask-eye-contour-30ml\/"},"modified":"2025-02-11T04:02:33","modified_gmt":"2025-02-11T03:02:33","slug":"nescens-masque-gel-renovateur-contour-yeux-30ml","status":"publish","type":"product","link":"https:\/\/3rings.eu\/fr\/produit\/nescens-masque-gel-renovateur-contour-yeux-30ml\/","title":{"rendered":"Masque Gel R\u00e9novateur, Contour des yeux - Nescens"},"content":{"rendered":"<p>Les marques de fatigue et les signes d\u2019avance en \u00e2ge sont att\u00e9nu\u00e9s. Le regard s\u2019\u00e9claire d\u2019une nouvelle jeunesse.<\/p>\n<h2>B\u00e9n\u00e9fices cosm\u00e9ceutiques<\/h2>\n<ul>\n<li>Anti-cernes : \u00e9claircit les zones sombres en activant la micro-circulation.<\/li>\n<li>Anti-poches : r\u00e9sorbe les graisses accumul\u00e9es sous la paupi\u00e8re inf\u00e9rieure et r\u00e9active le syst\u00e8me lymphatique. D\u00e9congestionne et d\u00e9fatigue.<\/li>\n<li>Anti-rides : recharge l\u2019\u00e9piderme en eau. Active les m\u00e9canismes de r\u00e9g\u00e9n\u00e9ration cellulaire, Contribue au comblement des micro-rides.<\/li>\n<\/ul>\n<h2>Consignes d\u2019utilisation<\/h2>\n<p>Renouveler l\u2019application 2 \u00e0 3 fois par semaine.<\/p>\n<p>Dans le cadre du dispositif cosm\u00e9ceutique Nescens, utiliser le Masque Gel R\u00e9novateur sur le contour des yeux parfaitement nettoy\u00e9 et s\u00e9ch\u00e9.<\/p>\n<p>Appliquer g\u00e9n\u00e9reusement, sur toute la surface p\u00e9riorbitaire (paupi\u00e8res sup\u00e9rieures et inf\u00e9rieures, ainsi que sur la ride du lion).<\/p>\n<p>Laisser poser 10 minutes, rincer \u00e0 l\u2019eau ti\u00e8de ou retirer uniquement l\u2019exc\u00e9dent.<\/p>\n<p class=\"translation-block\">Poursuivre avec l\u2019application des <a href=\"https:\/\/3rings.eu\/fr\/categorie-produit\/cosmeceutique\/soin-correcteur\/\" target=\"_self\">soins correcteurs<\/a> jour ou nuit.<\/p>\n<p>Utilisation unisexe. Test\u00e9 cliniquement sous contr\u00f4le dermatologique et ophtalmologique.<\/p>\n<h2>Principaux actifs<\/h2>\n<ul>\n<li><strong>Methylsilanol mannuronate:<\/strong> d\u00e9riv\u00e9 organique de silicium. Propri\u00e9t\u00e9s hydratantes. Joue \u00e9galement un r\u00f4le dans la nutrition cutan\u00e9e. Action cytostimulante. Effet anti-radicalaire et anti-glycation. Am\u00e9liore la tonicit\u00e9 veineuse et a des propri\u00e9t\u00e9s raffermissantes et lipolytiques, ainsi qu\u2019un effet anti-inflammatoire. Favorise la r\u00e9g\u00e9n\u00e9ration cutan\u00e9e. Retarde la perte d\u2019\u00e9lasticit\u00e9 et les modifications de structure du tissu conjonctif li\u00e9es \u00e0 l\u2019avance en \u00e2ge.<\/li>\n<li><strong>Glyc\u00e9rine:<\/strong> r\u00e9tablit la structure lamellaire des lipides intercellulaires du strateum corneum. Assure l\u2019hydratation optimale des diff\u00e9rentes couches de l\u2019\u00e9piderme.<\/li>\n<li><strong>Ur\u00e9e:<\/strong> accro\u00eet l\u2019activit\u00e9 des enzymes impliqu\u00e9s dans la synth\u00e8se des lipides \u00e9pidermiques.<\/li>\n<li><strong>Panth\u00e9nol (Provitamine B5)<\/strong> participe \u00e0 la reconstitution des couches lipidiques \u00e9pidermiques. Ses propri\u00e9t\u00e9s hygroscopiques favorisent l\u2019hydratation. Stimule la prolif\u00e9ration cellulaire et favorise la r\u00e9g\u00e9n\u00e9ration tissulaire. Prot\u00e8ge et apporte douceur et velout\u00e9 \u00e0 l\u2019\u00e9piderme.<\/li>\n<li><strong>Acide Pyrrolidone Carboxylique:<\/strong> composant du facteur d\u2019hydratation naturel (NMF), cette mol\u00e9cule hautement hygroscopique constitue un agent hydratant tr\u00e8s efficace. Elle intervient \u00e9galement dans la r\u00e9organisation des structures lamellaires lipidiques du stratum corneum.<\/li>\n<li><strong>Combinaison d\u2019acides amin\u00e9s:<\/strong> inclut 10 acides amin\u00e9s (arginine, glycine, alanine, s\u00e9rine, valine, isoleucine, proline, thr\u00e9onine, histidine, ph\u00e9nylalanine) participant \u00e0 la constitution du NMF et pr\u00e9sentant des propri\u00e9t\u00e9s hygroscopiques.<\/li>\n<li><strong>Decarboxy Carnosine HCL:<\/strong> inhibe le processus de glycation. Antioxydant majeur. Dipeptide synth\u00e9tique d\u2019une tr\u00e8s\ngrande stabilit\u00e9, r\u00e9sistant \u00e0 la d\u00e9gradation.<\/li>\n<li><strong>Xylitylglucoside + Anhydroxylitol + Xylitol:<\/strong> harmonisateur des flux hydriques cutan\u00e9s. A une action hydratante et restructurante. Optimise les r\u00e9serves hydriques en am\u00e9liorant le niveau d\u2019hydratation de l\u2019\u00e9piderme et en augmentant les r\u00e9servoirs d\u2019eau du derme. Limite la perte insensible en eau en stimulant la synth\u00e8se des c\u00e9ramides, ce qui renforce l\u2019effet barri\u00e8re et rend la peau plus forte et plus r\u00e9sistante. Apporte une am\u00e9lioration visuelle de la surface cutan\u00e9e en normalisant la desquamation et en lissant le microrelief cutan\u00e9.<\/li>\n<li><strong>Caffeine:<\/strong> r\u00e9duit les adiposit\u00e9s localis\u00e9es, en favorisant la d\u00e9toxication des tissus.<\/li>\n<li><strong>Trehalose:<\/strong> dissaccharide naturel. Prot\u00e8ge la peau et les cheveux des dommages caus\u00e9s par la d\u00e9shydratation dans des conditions normales et extr\u00eames.<\/li>\n<li><strong>Hamamelis Virginiana Flower Water:<\/strong> utilis\u00e9e pour ses propri\u00e9t\u00e9s astringentes, h\u00e9mostatiques et vasoconstrictrices.<\/li>\n<li><strong>Glycyrrhetinic acid:<\/strong> propri\u00e9t\u00e9s calmantes.<\/li>\n<li><strong>acide hyaluronique:<\/strong> excellentes capacit\u00e9s hydratantes et filmog\u00e8nes. Contribue \u00e0 pr\u00e9server les caract\u00e9ristiques les plus importantes d\u2019une peau jeune, telles que la souplesse, l\u2019\u00e9lasticit\u00e9 et la tonicit\u00e9.<\/li>\n<li><strong>Phospholipids + Escin + Beta-Sitosterol:<\/strong> l\u2019extrait d\u2019escine renferm\u00e9 dans des phytosomes (complexes phospholipidiques v\u00e9g\u00e9taux biocompatibles) est utilis\u00e9 pour lutter contre les rougeurs et \u00e9claircir le teint.<\/li>\n<li><strong>Chondrus Crispus Powder (Carragheen ou Algue Rouge):<\/strong> poss\u00e8de des vertus apaisantes, hydratantes et restructurantes. Pr\u00e9sente \u00e9galement des propri\u00e9t\u00e9s filmog\u00e8nes.<\/li>\n<li><strong>Saccharide Isomerate:<\/strong> poss\u00e8de un fort potentiel de r\u00e9tention hydrique et entre en liaison chimique avec la k\u00e9ratine (devenant impossible \u00e0 \u00e9liminer par lavage), am\u00e9liorant ainsi la r\u00e9tention d\u2019eau par la k\u00e9ratine dans des proportions consid\u00e9rables et de mani\u00e8re durable. Cet agent calmant et hydratant r\u00e9duit la s\u00e9cheresse et la rugosit\u00e9 cutan\u00e9e et l\u00e9nifie la peau.<\/li>\n<li><strong>Pentylene Glycol:<\/strong> am\u00e9liore la capacit\u00e9 de r\u00e9tention d\u2019eau de la peau et accro\u00eet son degr\u00e9 d\u2019hydratation. Aide \u00e0 r\u00e9g\u00e9n\u00e9rer le film hydrolipidique de l\u2019\u00e9piderme.<\/li>\n<\/ul>","protected":false},"excerpt":{"rendered":"<p>Cernes - poches - rides : corrige en un seul geste les 3 signes sp\u00e9cifiques du vieillissement du contour de l\u2019\u0153il. R\u00e9unit 30 composants actifs dans une texture gel in\u00e9dite pour restaurer la jeunesse du regard en seulement quelques applications.<\/p>","protected":false},"featured_media":1132,"comment_status":"open","ping_status":"closed","template":"","meta":[],"product_brand":[],"product_cat":[86,73],"product_tag":[],"class_list":{"0":"post-1109","1":"product","2":"type-product","3":"status-publish","4":"has-post-thumbnail","6":"product_cat-mask","7":"product_cat-cosmeceutic","9":"first","10":"instock","11":"taxable","12":"shipping-taxable","13":"purchasable","14":"product-type-simple"},"_links":{"self":[{"href":"https:\/\/3rings.eu\/fr\/wp-json\/wp\/v2\/product\/1109","targetHints":{"allow":["GET"]}}],"collection":[{"href":"https:\/\/3rings.eu\/fr\/wp-json\/wp\/v2\/product"}],"about":[{"href":"https:\/\/3rings.eu\/fr\/wp-json\/wp\/v2\/types\/product"}],"replies":[{"embeddable":true,"href":"https:\/\/3rings.eu\/fr\/wp-json\/wp\/v2\/comments?post=1109"}],"version-history":[{"count":0,"href":"https:\/\/3rings.eu\/fr\/wp-json\/wp\/v2\/product\/1109\/revisions"}],"wp:featuredmedia":[{"embeddable":true,"href":"https:\/\/3rings.eu\/fr\/wp-json\/wp\/v2\/media\/1132"}],"wp:attachment":[{"href":"https:\/\/3rings.eu\/fr\/wp-json\/wp\/v2\/media?parent=1109"}],"wp:term":[{"taxonomy":"product_brand","embeddable":true,"href":"https:\/\/3rings.eu\/fr\/wp-json\/wp\/v2\/product_brand?post=1109"},{"taxonomy":"product_cat","embeddable":true,"href":"https:\/\/3rings.eu\/fr\/wp-json\/wp\/v2\/product_cat?post=1109"},{"taxonomy":"product_tag","embeddable":true,"href":"https:\/\/3rings.eu\/fr\/wp-json\/wp\/v2\/product_tag?post=1109"}],"curies":[{"name":"wp","href":"https:\/\/api.w.org\/{rel}","templated":true}]}}