{"id":1112,"date":"2020-11-08T09:53:42","date_gmt":"2020-11-08T08:53:42","guid":{"rendered":"https:\/\/3rings.eu\/sequential-peeling-body-175ml\/"},"modified":"2024-12-05T23:51:00","modified_gmt":"2024-12-05T22:51:00","slug":"nescens-peeling-sequentiel-corps-175ml","status":"publish","type":"product","link":"https:\/\/3rings.eu\/fr\/produit\/nescens-peeling-sequentiel-corps-175ml\/","title":{"rendered":"Peeling S\u00e9quentiel, Corps - Nescens"},"content":{"rendered":"<p>Pour un effet r\u00e9novateur puissant de l\u2019\u00e9piderme, la recherche Nescens a mis au point un proc\u00e9d\u00e9 d\u2019exfoliation unique, fond\u00e9 sur une triple action s\u00e9quentielle : biomim\u00e9tique, enzymatique et m\u00e9canique.<\/p>\n<h2>B\u00e9n\u00e9fices cosm\u00e9ceutiques<\/h2>\n<ul>\n<li>Nettoie la peau en profondeur et \u00e9limine les impuret\u00e9s.<\/li>\n<li>Stimule le renouvellement cellulaire et am\u00e9liore les propri\u00e9t\u00e9s m\u00e9caniques des tissus (\u00e9lasticit\u00e9, fermet\u00e9, tonicit\u00e9, etc.).<\/li>\n<li>Renforce les tissus et leur capacit\u00e9 de d\u00e9fense pour une meilleure r\u00e9sistance face aux agressions ext\u00e9rieures.<\/li>\n<li>Lisse le micro-relief cutan\u00e9, gomme les asp\u00e9rit\u00e9s et estompe les d\u00e9fauts de surface.<\/li>\n<\/ul>\n<h2>Consignes d\u2019utilisation<\/h2>\n<p class=\"translation-block\">Dans le cadre du dispositif cosm\u00e9ceutique Nescens, utiliser le peeling s\u00e9quentiel deux fois par semaine, sur l\u2019ensemble du corps. Recommand\u00e9 pr\u00e9alablement aux <a href=\"https:\/\/3rings.eu\/fr\/categorie-produit\/cosmeceutique\/soin-correcteur\/\" target=\"_self\">soins correcteurs Nescens<\/a> pour favoriser leur absorption et optimiser leurs performances. Sa gal\u00e9nique cr\u00e9meuse pr\u00e9serve le film hydrolipidique et donne \u00e0 ce geste soin une dimension plaisir.<\/p>\n<p>Utilisation unisexe. Test\u00e9 cliniquement sous contr\u00f4le dermatologique.<\/p>\n<h2>Principaux actifs<\/h2>\n<ul>\n<li><strong>Acide polylactique (exfoliant m\u00e9canique):<\/strong> les micro-particules polissantes d\u2019acide polylactique r\u00e9alisent un resurfa\u00e7age de l\u2019\u00e9piderme. Leur granulom\u00e9trie a \u00e9t\u00e9 \u00e9tudi\u00e9e pour effectuer un gommage non-agressif. Ce polym\u00e8re d\u2019origine naturelle, biod\u00e9gradable et respectueux de l\u2019environnement, agit comme un agent exfoliant doux et non-irritant.<\/li>\n<li><strong>Bacillus ferment (exfoliant enzymatique):<\/strong> permet de dissocier les cellules mortes de la surface cutan\u00e9e, en proc\u00e9dant \u00e0 un clivage prot\u00e9olytique. Am\u00e9liore l\u2019aspect et la texture de la peau.<\/li>\n<li><strong>Hexanoyl dipeptide-3 norleucine acetate (exfoliant biomim\u00e9tique):<\/strong> cette pr\u00e9paration liposomale, encapsulant un tripeptide sp\u00e9cifique, active la r\u00e9g\u00e9n\u00e9ration des cellules cutan\u00e9es, en acc\u00e9l\u00e9rant le processus d\u2019exfoliation naturel de l\u2019\u00e9piderme.<\/li>\n<\/ul>","protected":false},"excerpt":{"rendered":"<p>Le renouvellement cellulaire, ralenti avec l\u2019avance en \u00e2ge, est r\u00e9activ\u00e9, am\u00e9liorant les propri\u00e9t\u00e9s m\u00e9caniques des tissus (\u00e9lasticit\u00e9, fermet\u00e9, tonicit\u00e9, etc.). La qualit\u00e9 de la peau est restaur\u00e9e : surface liss\u00e9e, grain affin\u00e9, texture satin\u00e9e.<\/p>","protected":false},"featured_media":1135,"comment_status":"open","ping_status":"closed","template":"","meta":[],"product_brand":[],"product_cat":[85,73],"product_tag":[],"class_list":{"0":"post-1112","1":"product","2":"type-product","3":"status-publish","4":"has-post-thumbnail","6":"product_cat-exfoliator","7":"product_cat-cosmeceutic","9":"first","10":"instock","11":"taxable","12":"shipping-taxable","13":"purchasable","14":"product-type-simple"},"_links":{"self":[{"href":"https:\/\/3rings.eu\/fr\/wp-json\/wp\/v2\/product\/1112","targetHints":{"allow":["GET"]}}],"collection":[{"href":"https:\/\/3rings.eu\/fr\/wp-json\/wp\/v2\/product"}],"about":[{"href":"https:\/\/3rings.eu\/fr\/wp-json\/wp\/v2\/types\/product"}],"replies":[{"embeddable":true,"href":"https:\/\/3rings.eu\/fr\/wp-json\/wp\/v2\/comments?post=1112"}],"version-history":[{"count":0,"href":"https:\/\/3rings.eu\/fr\/wp-json\/wp\/v2\/product\/1112\/revisions"}],"wp:featuredmedia":[{"embeddable":true,"href":"https:\/\/3rings.eu\/fr\/wp-json\/wp\/v2\/media\/1135"}],"wp:attachment":[{"href":"https:\/\/3rings.eu\/fr\/wp-json\/wp\/v2\/media?parent=1112"}],"wp:term":[{"taxonomy":"product_brand","embeddable":true,"href":"https:\/\/3rings.eu\/fr\/wp-json\/wp\/v2\/product_brand?post=1112"},{"taxonomy":"product_cat","embeddable":true,"href":"https:\/\/3rings.eu\/fr\/wp-json\/wp\/v2\/product_cat?post=1112"},{"taxonomy":"product_tag","embeddable":true,"href":"https:\/\/3rings.eu\/fr\/wp-json\/wp\/v2\/product_tag?post=1112"}],"curies":[{"name":"wp","href":"https:\/\/api.w.org\/{rel}","templated":true}]}}