{"id":1113,"date":"2020-11-08T09:53:42","date_gmt":"2020-11-08T08:53:42","guid":{"rendered":"https:\/\/3rings.eu\/smoothing-gel-emulsion-eye-contour-15ml\/"},"modified":"2025-01-22T11:18:19","modified_gmt":"2025-01-22T10:18:19","slug":"nescens-emulsion-gel-lissante-contour-yeux-15ml","status":"publish","type":"product","link":"https:\/\/3rings.eu\/fr\/produit\/nescens-emulsion-gel-lissante-contour-yeux-15ml\/","title":{"rendered":"Emulsion Gel Lissante, Contour des Yeux - Nescens"},"content":{"rendered":"<p>L\u2019\u00e9mulsion gel lissante Nescens renferme des actifs de haute technicit\u00e9 dont le r\u00f4le est de stimuler la synth\u00e8se des glycoprot\u00e9ines de soutien, att\u00e9nuant les rhytides, rides de la zone p\u00e9riorbitaire.<\/p>\n<h2>B\u00e9n\u00e9fices cosm\u00e9ceutiques<\/h2>\n<ul>\n<li>Favorise le renouvellement des k\u00e9ratinocytes et des fibroblastes.<\/li>\n<li>Active la production de collag\u00e8ne, d\u2019\u00e9lastine et de glycosaminoglycans.<\/li>\n<li>Maintient une hydratation optimale de la peau.<\/li>\n<\/ul>\n<h2>Consignes d\u2019utilisation<\/h2>\n<p class=\"translation-block\">Appliquer matin et soir sur le contour des yeux. Effectuer de l\u00e9g\u00e8res pressions de l\u2019int\u00e9rieur vers l\u2019ext\u00e9rieur de l\u2019\u0153il (tempes et pattes d\u2019oie). Terminer par de l\u00e9gers tapotements pour favoriser la p\u00e9n\u00e9tration du cosm\u00e9ceutique. Poursuivre avec l\u2019application du <a href=\"https:\/\/3rings.eu\/fr\/categorie-produit\/cosmeceutique\/soin-correcteur\/\" target=\"_self\">soin correcteur visage Nescens<\/a> adapt\u00e9, en prenant soin d\u2019\u00e9viter le contour des yeux.<\/p>\n<p>Utilisation unisexe. Test\u00e9 cliniquement sous contr\u00f4le dermatologique et ophtalmologique.<\/p>\n<h2>Principaux actifs<\/h2>\n<ul>\n<li><strong>L-fucose:<\/strong> favorise le renouvellement des k\u00e9ratinocytes. Am\u00e9liore l\u2019\u00e9lasticit\u00e9 cutan\u00e9e en favorisant la synth\u00e8se de collag\u00e8ne et d\u2019\u00e9lastine.<\/li>\n<li><strong>Acide lactobionique:<\/strong> favorise le renouvellement des k\u00e9ratinocytes et assure une coh\u00e9sion optimale de la barri\u00e8re \u00e9pidermique. Induit une exfoliation efficace bien que non agressive. Retient les mol\u00e9cules d\u2019eau dans la couche corn\u00e9e de la peau.<\/li>\n<li><strong>Palmitoyl tripeptide 5:<\/strong> stimule les m\u00e9canismes de synth\u00e8se de collag\u00e8ne.<\/li>\n<li><strong>Tocoph\u00e9rol:<\/strong> puissant antioxydant et photoprotecteur, inhibe la p\u00e9roxydation des lipides cutan\u00e9s.<\/li>\n<\/ul>","protected":false},"excerpt":{"rendered":"<p>Agit sur les tissus p\u00e9riorbitaires pour lisser les rides existantes et retarder l\u2019apparition de nouvelles rides. La jeunesse du regard est prolong\u00e9e.<\/p>","protected":false},"featured_media":1148,"comment_status":"open","ping_status":"closed","template":"","meta":[],"product_brand":[],"product_cat":[88,73],"product_tag":[],"class_list":{"0":"post-1113","1":"product","2":"type-product","3":"status-publish","4":"has-post-thumbnail","6":"product_cat-correcting-care","7":"product_cat-cosmeceutic","9":"first","10":"instock","11":"taxable","12":"shipping-taxable","13":"purchasable","14":"product-type-simple"},"_links":{"self":[{"href":"https:\/\/3rings.eu\/fr\/wp-json\/wp\/v2\/product\/1113","targetHints":{"allow":["GET"]}}],"collection":[{"href":"https:\/\/3rings.eu\/fr\/wp-json\/wp\/v2\/product"}],"about":[{"href":"https:\/\/3rings.eu\/fr\/wp-json\/wp\/v2\/types\/product"}],"replies":[{"embeddable":true,"href":"https:\/\/3rings.eu\/fr\/wp-json\/wp\/v2\/comments?post=1113"}],"version-history":[{"count":0,"href":"https:\/\/3rings.eu\/fr\/wp-json\/wp\/v2\/product\/1113\/revisions"}],"wp:featuredmedia":[{"embeddable":true,"href":"https:\/\/3rings.eu\/fr\/wp-json\/wp\/v2\/media\/1148"}],"wp:attachment":[{"href":"https:\/\/3rings.eu\/fr\/wp-json\/wp\/v2\/media?parent=1113"}],"wp:term":[{"taxonomy":"product_brand","embeddable":true,"href":"https:\/\/3rings.eu\/fr\/wp-json\/wp\/v2\/product_brand?post=1113"},{"taxonomy":"product_cat","embeddable":true,"href":"https:\/\/3rings.eu\/fr\/wp-json\/wp\/v2\/product_cat?post=1113"},{"taxonomy":"product_tag","embeddable":true,"href":"https:\/\/3rings.eu\/fr\/wp-json\/wp\/v2\/product_tag?post=1113"}],"curies":[{"name":"wp","href":"https:\/\/api.w.org\/{rel}","templated":true}]}}