{"id":1116,"date":"2020-11-08T09:53:42","date_gmt":"2020-11-08T08:53:42","guid":{"rendered":"https:\/\/3rings.eu\/scent-candle-black-tea-180gr\/"},"modified":"2025-02-11T03:12:40","modified_gmt":"2025-02-11T02:12:40","slug":"nescens-bougie-parfumee-black-tea-180gr","status":"publish","type":"product","link":"https:\/\/3rings.eu\/fr\/produit\/nescens-bougie-parfumee-black-tea-180gr\/","title":{"rendered":"Bougie Parfum\u00e9e, Black Tea - Nescens"},"content":{"rendered":"<p>Verre de couleur noire, d\u00e9cor\u00e9 de feuilles de th\u00e9, jouant sur le contraste subtil de l\u2019\u00e9clat d\u2019un fini brillant \u00e0 la sobri\u00e9t\u00e9 d\u2019un effet mat. Pr\u00e9sent\u00e9 dans un coffret premium, noir et or. Bougie 3 m\u00e8ches 100% coton, sans plomb, pos\u00e9es \u00e0 la main. Contient 10 % de parfum. Fabrication fran\u00e7aise, \u00e0 Grasse, capitale du parfum. Dur\u00e9e de br\u00fblage : 150 heures environ.<\/p>\n<p>Parfum sans allerg\u00e8nes.<\/p>\n<h2>B\u00e9n\u00e9fices<\/h2>\n<ul>\n<li>Parfume subtilement et agr\u00e9ablement les espaces communs.<\/li>\n<li>Cr\u00e9e une atmosph\u00e8re chaleureuse et relaxante.<\/li>\n<\/ul>\n<h2>Pyramide olfactive<\/h2>\n<p><img fetchpriority=\"high\" decoding=\"async\" class=\"alignnone wp-image-2036 size-full\" title=\"Nescens - Bougie Parfum\u00e9e - Black Tea - Pyramide Olfactive\" src=\"https:\/\/3rings.eu\/wp-content\/uploads\/2020\/11\/nescens-scented-candle-black-tea-olfactive-pyramid.jpg\" alt=\"Nescens - Bougie Parfum\u00e9e - Black Tea - Pyramide Olfactive\" width=\"716\" height=\"475\" srcset=\"https:\/\/3rings.eu\/wp-content\/uploads\/2020\/11\/nescens-scented-candle-black-tea-olfactive-pyramid.jpg 716w, https:\/\/3rings.eu\/wp-content\/uploads\/2020\/11\/nescens-scented-candle-black-tea-olfactive-pyramid-300x199.jpg 300w, https:\/\/3rings.eu\/wp-content\/uploads\/2020\/11\/nescens-scented-candle-black-tea-olfactive-pyramid-16x12.jpg 16w, https:\/\/3rings.eu\/wp-content\/uploads\/2020\/11\/nescens-scented-candle-black-tea-olfactive-pyramid-600x398.jpg 600w\" sizes=\"(max-width: 716px) 100vw, 716px\" \/><\/p>\n<h2>Consignes d\u2019utilisation<\/h2>\n<p>Suivez les instructions figurant sur l'emballage.<\/p>","protected":false},"excerpt":{"rendered":"<p>Senteur d\u2019hiver raffin\u00e9e, la bougie Black Tea d\u00e9voile ses notes chaudes et enveloppantes : un savoureux parfum th\u00e9 noir, aux accords \u00e9pic\u00e9s et bois\u00e9s de safran, rhum brun, musc et v\u00e9tiver associ\u00e9s \u00e0 des ar\u00f4mes d\u00e9licats de boutons de rose et de figue blanche. Une bougie parfum\u00e9e subtile, pour une ambiance \u00e9l\u00e9gante.<\/p>","protected":false},"featured_media":1179,"comment_status":"open","ping_status":"closed","template":"","meta":[],"product_brand":[],"product_cat":[89,73],"product_tag":[],"class_list":{"0":"post-1116","1":"product","2":"type-product","3":"status-publish","4":"has-post-thumbnail","6":"product_cat-fragrance-candle","7":"product_cat-cosmeceutic","9":"first","10":"instock","11":"taxable","12":"shipping-taxable","13":"purchasable","14":"product-type-simple"},"_links":{"self":[{"href":"https:\/\/3rings.eu\/fr\/wp-json\/wp\/v2\/product\/1116","targetHints":{"allow":["GET"]}}],"collection":[{"href":"https:\/\/3rings.eu\/fr\/wp-json\/wp\/v2\/product"}],"about":[{"href":"https:\/\/3rings.eu\/fr\/wp-json\/wp\/v2\/types\/product"}],"replies":[{"embeddable":true,"href":"https:\/\/3rings.eu\/fr\/wp-json\/wp\/v2\/comments?post=1116"}],"version-history":[{"count":0,"href":"https:\/\/3rings.eu\/fr\/wp-json\/wp\/v2\/product\/1116\/revisions"}],"wp:featuredmedia":[{"embeddable":true,"href":"https:\/\/3rings.eu\/fr\/wp-json\/wp\/v2\/media\/1179"}],"wp:attachment":[{"href":"https:\/\/3rings.eu\/fr\/wp-json\/wp\/v2\/media?parent=1116"}],"wp:term":[{"taxonomy":"product_brand","embeddable":true,"href":"https:\/\/3rings.eu\/fr\/wp-json\/wp\/v2\/product_brand?post=1116"},{"taxonomy":"product_cat","embeddable":true,"href":"https:\/\/3rings.eu\/fr\/wp-json\/wp\/v2\/product_cat?post=1116"},{"taxonomy":"product_tag","embeddable":true,"href":"https:\/\/3rings.eu\/fr\/wp-json\/wp\/v2\/product_tag?post=1116"}],"curies":[{"name":"wp","href":"https:\/\/api.w.org\/{rel}","templated":true}]}}