{"id":1120,"date":"2020-11-08T09:53:42","date_gmt":"2020-11-08T08:53:42","guid":{"rendered":"https:\/\/3rings.eu\/parfum-int-bleu-initial-100ml\/"},"modified":"2023-01-05T08:12:43","modified_gmt":"2023-01-05T07:12:43","slug":"nescens-parfum-interieur-bleu-initial-100ml","status":"publish","type":"product","link":"https:\/\/3rings.eu\/fr\/produit\/nescens-parfum-interieur-bleu-initial-100ml\/","title":{"rendered":"Parfum d'Int\u00e9rieur, Bleu Intitial - Nescens"},"content":{"rendered":"<p>Inspir\u00e9 de la couleur bleue iconique de la marque, Bleu Initial est la d\u00e9clinaison en parfum d'int\u00e9rieur, diffuseur et bougie de la signature olfactive des produits de soin de la gamme Nescens.<\/p>\n<p>Bouteille en verre blanc laqu\u00e9. Contient 10 % de parfum. Fabriqu\u00e9 en France, \u00e0 Grasse, capitale du parfum.<\/p>\n<p>Parfum sans allerg\u00e8nes.<\/p>\n<h2>B\u00e9n\u00e9fices<\/h2>\n<ul>\n<li>Parfume subtilement et agr\u00e9ablement le linge, la cabine et les espaces communs.<\/li>\n<li>Cr\u00e9e une atmosph\u00e8re chaleureuse et relaxante.<\/li>\n<li>Enveloppe le client dans l\u2019univers olfactif apaisant Nescens pour un parfait moment de bien-\u00eatre.<\/li>\n<\/ul>\n<h2>Pyramide olfactive<\/h2>\n<p><img fetchpriority=\"high\" decoding=\"async\" class=\"alignnone wp-image-2014 size-full\" title=\"Nescens - Parfum d&#039;Int\u00e9rieur - Bleu Initial - Pyramide Olfactive\" src=\"https:\/\/3rings.eu\/wp-content\/uploads\/2020\/11\/nescens-room-fragrance-bleu-initial-olfactive-pyramid.jpg\" alt=\"Nescens - Parfum d&#039;Int\u00e9rieur - Bleu Initial - Pyramide Olfactive\" width=\"1980\" height=\"702\" srcset=\"https:\/\/3rings.eu\/wp-content\/uploads\/2020\/11\/nescens-room-fragrance-bleu-initial-olfactive-pyramid.jpg 1980w, https:\/\/3rings.eu\/wp-content\/uploads\/2020\/11\/nescens-room-fragrance-bleu-initial-olfactive-pyramid-300x106.jpg 300w, https:\/\/3rings.eu\/wp-content\/uploads\/2020\/11\/nescens-room-fragrance-bleu-initial-olfactive-pyramid-1024x363.jpg 1024w, https:\/\/3rings.eu\/wp-content\/uploads\/2020\/11\/nescens-room-fragrance-bleu-initial-olfactive-pyramid-768x272.jpg 768w, https:\/\/3rings.eu\/wp-content\/uploads\/2020\/11\/nescens-room-fragrance-bleu-initial-olfactive-pyramid-1536x545.jpg 1536w, https:\/\/3rings.eu\/wp-content\/uploads\/2020\/11\/nescens-room-fragrance-bleu-initial-olfactive-pyramid-16x6.jpg 16w, https:\/\/3rings.eu\/wp-content\/uploads\/2020\/11\/nescens-room-fragrance-bleu-initial-olfactive-pyramid-600x213.jpg 600w\" sizes=\"(max-width: 1980px) 100vw, 1980px\" \/><\/p>\n<h2>Consignes d\u2019utilisation<\/h2>\n<p>Pour parfumer  d\u00e9licatement votre spa et offrir un moment de d\u00e9tente unique nimb\u00e9 de la fragrance bleu initial, vaporiser dans la pi\u00e8ce, sur le linge de cabine ou encore les textiles d\u2019ameublement.<\/p>\n<p>Ne pas appliquer sur la peau, non-test\u00e9 sous contr\u00f4le dermatologique.<\/p>","protected":false},"excerpt":{"rendered":"<p>Un parfum floral avec des notes fra\u00eeches d\u2019hesp\u00e9rid\u00e9es et de jasmin, arrondies par la douceur chaleureuse de la tub\u00e9reuse et des notes bois\u00e9es et vanill\u00e9es.<\/p>","protected":false},"featured_media":1620,"comment_status":"open","ping_status":"closed","template":"","meta":[],"product_brand":[],"product_cat":[89,73],"product_tag":[],"class_list":{"0":"post-1120","1":"product","2":"type-product","3":"status-publish","4":"has-post-thumbnail","6":"product_cat-fragrance-candle","7":"product_cat-cosmeceutic","9":"first","10":"instock","11":"taxable","12":"shipping-taxable","13":"purchasable","14":"product-type-simple"},"_links":{"self":[{"href":"https:\/\/3rings.eu\/fr\/wp-json\/wp\/v2\/product\/1120","targetHints":{"allow":["GET"]}}],"collection":[{"href":"https:\/\/3rings.eu\/fr\/wp-json\/wp\/v2\/product"}],"about":[{"href":"https:\/\/3rings.eu\/fr\/wp-json\/wp\/v2\/types\/product"}],"replies":[{"embeddable":true,"href":"https:\/\/3rings.eu\/fr\/wp-json\/wp\/v2\/comments?post=1120"}],"version-history":[{"count":0,"href":"https:\/\/3rings.eu\/fr\/wp-json\/wp\/v2\/product\/1120\/revisions"}],"wp:featuredmedia":[{"embeddable":true,"href":"https:\/\/3rings.eu\/fr\/wp-json\/wp\/v2\/media\/1620"}],"wp:attachment":[{"href":"https:\/\/3rings.eu\/fr\/wp-json\/wp\/v2\/media?parent=1120"}],"wp:term":[{"taxonomy":"product_brand","embeddable":true,"href":"https:\/\/3rings.eu\/fr\/wp-json\/wp\/v2\/product_brand?post=1120"},{"taxonomy":"product_cat","embeddable":true,"href":"https:\/\/3rings.eu\/fr\/wp-json\/wp\/v2\/product_cat?post=1120"},{"taxonomy":"product_tag","embeddable":true,"href":"https:\/\/3rings.eu\/fr\/wp-json\/wp\/v2\/product_tag?post=1120"}],"curies":[{"name":"wp","href":"https:\/\/api.w.org\/{rel}","templated":true}]}}