{"id":1121,"date":"2020-11-08T09:53:43","date_gmt":"2020-11-08T08:53:43","guid":{"rendered":"https:\/\/3rings.eu\/global-anti-aging-hands-40ml\/"},"modified":"2023-01-05T08:11:59","modified_gmt":"2023-01-05T07:11:59","slug":"nescens-soin-anti-age-global-mains-40ml","status":"publish","type":"product","link":"https:\/\/3rings.eu\/fr\/produit\/nescens-soin-anti-age-global-mains-40ml\/","title":{"rendered":"Soin Anti-Age Global, Mains - Nescens"},"content":{"rendered":"<p>Formulation cosm\u00e9ceutique in\u00e9dite, tr\u00e8s concentr\u00e9e en actifs, dot\u00e9e d\u2019une p\u00e9n\u00e9tration totale et ultra-rapide, au toucher non gras. Nescens rassemble en un soin sp\u00e9cifique toute l\u2019excellence de la recherche biom\u00e9dicale anti-\u00e2ge. Ses actifs fortifiants, redensifiants et unifiants conjuguent leurs actions pour pr\u00e9server la jeunesse des mains.<\/p>\n<h2>B\u00e9n\u00e9fices cosm\u00e9ceutiques<\/h2>\n<ul>\n<li>Am\u00e9liore la fonction barri\u00e8re, augmentant la r\u00e9sistance cutan\u00e9e aux agressions thermiques, physiques et chimiques.<\/li>\n<li>Active le renouvellement des prot\u00e9ines de structure, stimule les facteurs de croissance naturels de la peau, r\u00e9tablissant la fermet\u00e9, la tonicit\u00e9 et la densit\u00e9 des tissus.<\/li>\n<li>Conf\u00e8re une hydratation profonde et de longue dur\u00e9e.<\/li>\n<li>Pr\u00e9vient la s\u00e9cheresse cutan\u00e9e.<\/li>\n<li>Corrige les d\u00e9fauts de pigmentation caract\u00e9ristiques des peaux matures.<\/li>\n<li>Assure une protection efficace contre les attaques radicalaires et le rayonnement ultra-violet impliqu\u00e9s dans le vieillissement chronologique et photo-induit.<\/li>\n<\/ul>\n<h2>Consignes d\u2019utilisation<\/h2>\n<p>Matin et soir, sur les mains parfaitement lav\u00e9es et s\u00e9ch\u00e9es, par man\u0153uvres de lissage des tissus, des poignets \u00e0 l\u2019extr\u00e9mit\u00e9 des doigts. Renouveler l\u2019application en cours de journ\u00e9e, apr\u00e8s le lavage des mains. Terminer par de l\u00e9gers tapotements pour favoriser la p\u00e9n\u00e9tration du cosm\u00e9ceutique.<\/p>\n<p class=\"translation-block\">En pr\u00e9sence de taches pigmentaires cons\u00e9cutives au vieillissement chronologique ou photo-induit, appliquer pr\u00e9alablement le <a href=\"https:\/\/3rings.eu\/fr\/produit\/nescens-serum-correcteur-pigmentaire-visage-corps-30ml\/\" target=\"_self\">s\u00e9rum correcteur pigmentaire Nescens<\/a>, de mani\u00e8re localis\u00e9e.<\/p>\n<p>Utilisation unisexe. Test\u00e9 cliniquement sous contr\u00f4le dermatologique.<\/p>\n<h2>Principaux actifs<\/h2>\n<ul>\n<li><strong>Phytost\u00e9rols (Ecdysterone):<\/strong> puissant booster cellulaire, ultra-concentr\u00e9 en ecdysterone issu d\u2019une foug\u00e8re tropicale. Contribue \u00e0 ralentir le processus de vieillissement. Recr\u00e9e le volume, la structure et le relief des peaux jeunes. La coh\u00e9sion entre le derme et l\u2019\u00e9piderme ainsi renforc\u00e9e, la peau est plus ferme et plus \u00e9lastique. L\u2019\u00e9piderme devient plus stratifi\u00e9 - plus rapidement - et r\u00e9cup\u00e8re la densit\u00e9 de la peau jeune. La couche corn\u00e9e retrouve sa parfaite coh\u00e9sion et fonctionne \u00e0 nouveau comme une barri\u00e8re protectrice.<\/li>\n<li><strong>Niacinamide (Vitamine B3):<\/strong> vitamine multifonctionnelle. Renforce la peau en augmentant la r\u00e9sistance de la barri\u00e8re cutan\u00e9e et aide \u00e0 maintenir l\u2019hydratation. Am\u00e9liore visiblement l\u2019apparence de la peau mature, en stimulant la synth\u00e8se de collag\u00e8ne de mani\u00e8re s\u00e9lective. Contribue \u00e0 l\u2019\u00e9claircissement de la peau en interf\u00e9rant dans le transfert des m\u00e9lanosomes aux k\u00e9ratinocytes, responsable de la coloration de la peau. Des tests in vivo ont ainsi d\u00e9montr\u00e9 que le niacinamide diminue de fa\u00e7on significative les taches pigmentaires, aidant ainsi \u00e0 uniformiser le teint.<\/li>\n<li><strong>Extrait concentr\u00e9 de Nopal (commun\u00e9ment appel\u00e9 Figuier de Barbarie):<\/strong> riche en acides amin\u00e9s essentiels, flavones, vitamines, antioxydants et polysaccharides. Prot\u00e8ge la peau des facteurs de stress environnementaux (bloque la lib\u00e9ration des marqueurs du stress \u00e0 partir des cellules nerveuses sensorielles dans la peau, calmant et apaisant la peau irrit\u00e9e). Conf\u00e8re une hydratation profonde et de longue dur\u00e9e (propri\u00e9t\u00e9s hydratantes exceptionnelles gr\u00e2ce \u00e0 sa teneur \u00e9lev\u00e9e en \u00e9l\u00e9ments hydro-fixateurs). Les \u00e9tudes cliniques men\u00e9es sur des hommes et des femmes ont montr\u00e9 que l\u2019extrait concentr\u00e9 de Nopal \u00e9tait exceptionnellement apaisant et raffermissant pour la peau. En outre, il s\u2019est r\u00e9v\u00e9l\u00e9 tr\u00e8s hydratant, m\u00eame dans les produits \u00e0 rincer.<\/li>\n<li><strong>Retinyl palmitate (Vitamine A):<\/strong> acc\u00e9l\u00e8re la r\u00e9g\u00e9n\u00e9ration des cellules \u00e9pidermiques et normalise leur diff\u00e9rentiation. Am\u00e9liore la fermet\u00e9 de la peau et pr\u00e9vient la s\u00e9cheresse cutan\u00e9e.<\/li>\n<li><strong>Tocopherol (Vitamine E):<\/strong> d\u00e9veloppe une action antioxydante et hydratante. Ravive l\u2019\u00e9clat de la peau, restaure la tonicit\u00e9 des tissus et prot\u00e8ge des dommages cutan\u00e9s caus\u00e9s par le rayonnement solaire.<\/li>\n<li><strong>Sodium hyaluronate (acide hyaluronique de haut poids mol\u00e9culaire):<\/strong> pr\u00e9sente d\u2019excellentes capacit\u00e9s hydratantes et filmog\u00e8nes. Renforce la r\u00e9silience des tissus tr\u00e8s expos\u00e9s, contribuant ainsi \u00e0 pr\u00e9server les principales caract\u00e9ristiques d\u2019une peau jeune : souplesse, \u00e9lasticit\u00e9 et tonicit\u00e9.<\/li>\n<li><strong>Alpha-arbutin:<\/strong> favorise l\u2019\u00e9claircissement de la peau, en bloquant la biosynth\u00e8se de la m\u00e9lanine \u00e9pidermique par inhibition de la tyrosinase, pour un teint unifi\u00e9.<\/li>\n<li><strong>Extrait de bulbes de Crocus Chrysanthus:<\/strong> augmente les concentrations de collag\u00e8ne et d\u2019\u00e9lastine dans la peau et stimule les facteurs naturels de croissance cutan\u00e9s (efficacit\u00e9 d\u00e9montr\u00e9e par des \u00e9tudes cliniques sur 2 semaines de traitement). Cet extrait est ainsi capable de r\u00e9parer la matrice cutan\u00e9e par stimulation de la communication intercellulaire am\u00e9liorant les propri\u00e9t\u00e9s biom\u00e9caniques de la peau (dialogue essentiel pour la croissance, la r\u00e9g\u00e9n\u00e9ration et la r\u00e9paration des tissus).<\/li>\n<li><strong>Phytosphingosine:<\/strong> lipide biomim\u00e9tique tr\u00e8s pr\u00e9sent \u00e0 l\u2019\u00e9tat naturel dans la peau. Joue un r\u00f4le essentiel dans la\nfonction barri\u00e8re cutan\u00e9e. Apaise les tissus agress\u00e9s en \u00e9quilibrant la microflore.<br \/>\n<strong>Magnesium ascorbyl phosphate (Vitamine C):<\/strong> lutte activement contre le vieillissement en att\u00e9nuant les taches brunes, en neutralisant les radicaux-libres et en pr\u00e9venant l\u2019apparition des rides.<\/li>\n<li><strong>Olus oil (Vegetable oil), Tocopheryl Acetate, Glycine Soja (Soybean) Sterols, Glycerin, Sodium Carboxymethyl Beta-glucan, Carnosine, Lactic Acid (Huile v\u00e9g\u00e9tale, vitamine E, phytost\u00e9rols de soja, glyc\u00e9rine, CM-Glucane, carnosine, acide lactique):<\/strong>\n<ul>\n<li>hydratant lamellaire trifonctionnel, novateur. Forme un film protecteur, stimule les d\u00e9fenses cutan\u00e9es, mime les facteurs naturels d\u2019hydratation pour retenir l\u2019eau dans les tissus et booste la fonction barri\u00e8re.<\/li>\n<li>carnosine: peptide anti-\u00e2ge. Emp\u00eache la r\u00e9ticulation et la rigidification du collag\u00e8ne et de l\u2019\u00e9lastine par glycation,\nprocessus qui entra\u00eene une perte d\u2019\u00e9lasticit\u00e9 de la peau.<\/li>\n<\/ul>\n<\/li>\n<\/ul>\n<p>Des \u00e9tudes cliniques ont montr\u00e9 que cet hydro-complexe hydrate, raffermit et apaise la peau imm\u00e9diatement et de mani\u00e8re durable.<\/p>","protected":false},"excerpt":{"rendered":"<p>Offre une r\u00e9ponse compl\u00e8te, puissante, capable de pr\u00e9venir et de corriger les alt\u00e9rations li\u00e9es au vieillissement des tissus surexpos\u00e9s des mains : d\u00e9shydratation, s\u00e8cheresse, rugosit\u00e9, micro-plis, taches pigmentaires, perte de densit\u00e9. La jeunesse des mains est restaur\u00e9e.<\/p>","protected":false},"featured_media":1130,"comment_status":"open","ping_status":"closed","template":"","meta":[],"product_brand":[],"product_cat":[88,73],"product_tag":[],"class_list":{"0":"post-1121","1":"product","2":"type-product","3":"status-publish","4":"has-post-thumbnail","6":"product_cat-correcting-care","7":"product_cat-cosmeceutic","9":"first","10":"instock","11":"taxable","12":"shipping-taxable","13":"purchasable","14":"product-type-simple"},"_links":{"self":[{"href":"https:\/\/3rings.eu\/fr\/wp-json\/wp\/v2\/product\/1121","targetHints":{"allow":["GET"]}}],"collection":[{"href":"https:\/\/3rings.eu\/fr\/wp-json\/wp\/v2\/product"}],"about":[{"href":"https:\/\/3rings.eu\/fr\/wp-json\/wp\/v2\/types\/product"}],"replies":[{"embeddable":true,"href":"https:\/\/3rings.eu\/fr\/wp-json\/wp\/v2\/comments?post=1121"}],"version-history":[{"count":0,"href":"https:\/\/3rings.eu\/fr\/wp-json\/wp\/v2\/product\/1121\/revisions"}],"wp:featuredmedia":[{"embeddable":true,"href":"https:\/\/3rings.eu\/fr\/wp-json\/wp\/v2\/media\/1130"}],"wp:attachment":[{"href":"https:\/\/3rings.eu\/fr\/wp-json\/wp\/v2\/media?parent=1121"}],"wp:term":[{"taxonomy":"product_brand","embeddable":true,"href":"https:\/\/3rings.eu\/fr\/wp-json\/wp\/v2\/product_brand?post=1121"},{"taxonomy":"product_cat","embeddable":true,"href":"https:\/\/3rings.eu\/fr\/wp-json\/wp\/v2\/product_cat?post=1121"},{"taxonomy":"product_tag","embeddable":true,"href":"https:\/\/3rings.eu\/fr\/wp-json\/wp\/v2\/product_tag?post=1121"}],"curies":[{"name":"wp","href":"https:\/\/api.w.org\/{rel}","templated":true}]}}