{"id":1122,"date":"2020-11-08T09:53:43","date_gmt":"2020-11-08T08:53:43","guid":{"rendered":"https:\/\/3rings.eu\/total-anti-aging-oil-body-150ml\/"},"modified":"2024-07-25T13:58:50","modified_gmt":"2024-07-25T11:58:50","slug":"nescens-huile-integrale-anti-age-corps-150ml","status":"publish","type":"product","link":"https:\/\/3rings.eu\/fr\/produit\/nescens-huile-integrale-anti-age-corps-150ml\/","title":{"rendered":"Huile Int\u00e9grale Anti-\u00c2ge, Corps - Nescens"},"content":{"rendered":"<p>La recherche Nescens a concentr\u00e9, au c\u0153ur de sa premi\u00e8re huile de massage et de soin, l\u2019exceptionnelle richesse du v\u00e9g\u00e9tal, pour une peau plus ferme, lisse et tonique. La formule in\u00e9dite de cet ol\u00e9o-complexe associe 4 huiles v\u00e9g\u00e9tales de premi\u00e8re qualit\u00e9 \u00e0 des vitamines anti-radicalaires. Les huiles s\u00e9lectionn\u00e9es regorgent de substances aux propri\u00e9t\u00e9s nutritives, protectrices et r\u00e9paratrices (vitamines, min\u00e9raux, anti-oxydants et acides gras essentiels) pour un pouvoir r\u00e9juv\u00e9nant reconnu.<\/p>\n<h2>B\u00e9n\u00e9fices cosm\u00e9ceutiques<\/h2>\n<p>Les composants :<\/p>\n<ul>\n<li>hydratent et nourrissent intens\u00e9ment la peau, \u00e9vitant son dess\u00e8chement.<\/li>\n<li>activent le renouvellement cellulaire, am\u00e9liorant l\u2019\u00e9lasticit\u00e9 et la fermet\u00e9 des tissus.<\/li>\n<li>assurent une protection contre les agressions ext\u00e9rieures.<\/li>\n<li>ravivent l\u2019\u00e9clat de la peau et apaisent les irritations.<\/li>\n<li>lissent, assouplissent et tonifient les tissus.<\/li>\n<\/ul>\n<h2>Consignes d\u2019utilisation<\/h2>\n<p>Application quotidienne, par man\u0153uvres de modelage et de lissage des tissus.<\/p>\n<p>Utilisation unisexe. Produit test\u00e9 cliniquement sous contr\u00f4le dermatologique.<\/p>\n<h2>Principaux actifs<\/h2>\n<ul>\n<li><strong>Prunus amygdalus dulcis oil (Huile d\u2019amande douce):<\/strong> agit comme un l\u00e9nifiant, donnant \u00e0 la peau un aspect doux et lisse. Am\u00e9liore l\u2019\u00e9clat du teint et la tonicit\u00e9 de la peau. Effet lissant et r\u00e9juv\u00e9nant. R\u00e9duit les cicatrices hypertrophiques en post-op\u00e9ratoire.<\/li>\n<li><strong>Simmondsia chinensis seed oil (Huile de jojoba):<\/strong> hydratant et \u00e9mollient. R\u00e9duit la perte d\u2019eau trans\u00e9pidermique, procurant \u00e0 la peau douceur et souplesse.<\/li>\n<li><strong>Olea europaea fruit oil (Huile d\u2019olive):<\/strong> naturellement riche en antioxydants (anti-vieillissement), squal\u00e8ne (hydratant), vitamines, min\u00e9raux et acides gras naturels. Pr\u00e9vient l\u2019apparition des rides et ridules, nourrit, r\u00e9g\u00e9n\u00e8re et prot\u00e8ge la peau. En massage, am\u00e9liore l\u2019\u00e9lasticit\u00e9 de la peau.<\/li>\n<li><strong>Argania spinosa kernel oil (Huile d\u2019argan):<\/strong> r\u00e9gule le pH cutan\u00e9, contribuant \u00e0 prot\u00e9ger la peau contre le rayonnement solaire et autres dommages. Nourrit et hydrate la peau s\u00e8che et squameuse. Stimule le renouvellement cellulaire et renforce l\u2019\u00e9lasticit\u00e9 cutan\u00e9e tout en lissant les rides et ridules.<\/li>\n<li><strong>Ascorbyl palmitate (Vitamine C):<\/strong> stimule la production de collag\u00e8ne.<\/li>\n<li><strong>Tocopherol &amp; tocopheryl Acetate (Vitamines E):<\/strong> augmente l\u2019hydratation de l\u2019\u00e9piderme. Am\u00e9liore la qualit\u00e9 de la surface cutan\u00e9e. Pr\u00e9sente un effet photoprotecteur et accro\u00eet l\u2019efficacit\u00e9 des facteurs de protection solaire (SPF).<\/li>\n<\/ul>","protected":false},"excerpt":{"rendered":"<p>En conjonction avec des man\u0153uvres de modelage et de lissage des tissus, l\u2019huile int\u00e9grale anti-\u00e2ge Nescens am\u00e9liore l\u2019expression des marqueurs de jeunesse cutan\u00e9s : \u00e9lasticit\u00e9, fermet\u00e9, douceur, confort, souplesse, tonicit\u00e9.<\/p>","protected":false},"featured_media":1127,"comment_status":"open","ping_status":"closed","template":"","meta":[],"product_brand":[],"product_cat":[90,73],"product_tag":[],"class_list":{"0":"post-1122","1":"product","2":"type-product","3":"status-publish","4":"has-post-thumbnail","6":"product_cat-modeling-care","7":"product_cat-cosmeceutic","9":"first","10":"instock","11":"taxable","12":"shipping-taxable","13":"purchasable","14":"product-type-simple"},"_links":{"self":[{"href":"https:\/\/3rings.eu\/fr\/wp-json\/wp\/v2\/product\/1122","targetHints":{"allow":["GET"]}}],"collection":[{"href":"https:\/\/3rings.eu\/fr\/wp-json\/wp\/v2\/product"}],"about":[{"href":"https:\/\/3rings.eu\/fr\/wp-json\/wp\/v2\/types\/product"}],"replies":[{"embeddable":true,"href":"https:\/\/3rings.eu\/fr\/wp-json\/wp\/v2\/comments?post=1122"}],"version-history":[{"count":0,"href":"https:\/\/3rings.eu\/fr\/wp-json\/wp\/v2\/product\/1122\/revisions"}],"wp:featuredmedia":[{"embeddable":true,"href":"https:\/\/3rings.eu\/fr\/wp-json\/wp\/v2\/media\/1127"}],"wp:attachment":[{"href":"https:\/\/3rings.eu\/fr\/wp-json\/wp\/v2\/media?parent=1122"}],"wp:term":[{"taxonomy":"product_brand","embeddable":true,"href":"https:\/\/3rings.eu\/fr\/wp-json\/wp\/v2\/product_brand?post=1122"},{"taxonomy":"product_cat","embeddable":true,"href":"https:\/\/3rings.eu\/fr\/wp-json\/wp\/v2\/product_cat?post=1122"},{"taxonomy":"product_tag","embeddable":true,"href":"https:\/\/3rings.eu\/fr\/wp-json\/wp\/v2\/product_tag?post=1122"}],"curies":[{"name":"wp","href":"https:\/\/api.w.org\/{rel}","templated":true}]}}