{"id":1170,"date":"2020-11-08T10:50:43","date_gmt":"2020-11-08T09:50:43","guid":{"rendered":"https:\/\/3rings.eu\/?post_type=product&#038;p=1170"},"modified":"2024-10-20T20:21:32","modified_gmt":"2024-10-20T18:21:32","slug":"nescens-serum-activateur-cellules-souches-visage-30ml","status":"publish","type":"product","link":"https:\/\/3rings.eu\/fr\/produit\/nescens-serum-activateur-cellules-souches-visage-30ml\/","title":{"rendered":"S\u00e9rum Activateur, Cellules Souches, Visage - Nescens"},"content":{"rendered":"<p>Ultime cr\u00e9ation de la recherche biologique anti-\u00e2ge Nescens, le s\u00e9rum activateur potentialise le pouvoir r\u00e9g\u00e9n\u00e9ratif des cellules souches \u00e9pidermiques.<\/p>\n<p>Les capacit\u00e9s r\u00e9g\u00e9n\u00e9ratives de l\u2019\u00e9piderme sont r\u00e9activ\u00e9es de fa\u00e7on spectaculaire*. Nescens parvient \u00e0 recr\u00e9er les conditions optimales n\u00e9cessaires \u00e0 l\u2019expression des marqueurs de jeunesse cutan\u00e9e \u2013 fermet\u00e9, densit\u00e9, lissage, \u00e9clat, hydratation, uniformit\u00e9. La peau est r\u00e9g\u00e9n\u00e9r\u00e9e \u00e0 la source, repulp\u00e9e de l\u2019int\u00e9rieur, rajeunie*.<\/p>\n<p><em>*Tests in vitro sur ingr\u00e9dients. \/ Tests in vivo sur formule.<\/em><\/p>\n<h2>B\u00e9n\u00e9fices cosm\u00e9ceutiques<\/h2>\n<ul>\n<li>Renouvellement cellulaire acc\u00e9l\u00e9r\u00e9.<\/li>\n<li>Densit\u00e9 derme + \u00e9piderme augment\u00e9e.<\/li>\n<li>Profondeur des rides r\u00e9duite.<\/li>\n<\/ul>\n<h2>Consignes d\u2019utilisation<\/h2>\n<p>Matin et soir, quelques gouttes sur l\u2019ensemble du visage et du cou, avant l\u2019application des soins correcteurs.<\/p>\n<p class=\"translation-block\">Dans le cadre du dispositif cosm\u00e9ceutique Nescens, le s\u00e9rum activateur, cellules souches est indiqu\u00e9 en usage biquotidien, pr\u00e9alablement \u00e0 l\u2019application des <a href=\"https:\/\/3rings.eu\/fr\/categorie-produit\/cosmeceutique\/soin-correcteur\/\" target=\"_self\">soins correcteurs Nescens<\/a>, afin de renforcer le potentiel r\u00e9g\u00e9n\u00e9ratif des cellules \u00e9pidermiques.<\/p>\n<ol>\n<li class=\"translation-block\"><strong>Soin pr\u00e9paratoire Nescens<\/strong><br>\n<em>\u00c9tape 1<\/em>: nettoyer le visage et le cou avec le <a href=\"https:\/\/3rings.eu\/fr\/produit\/nescens-gel-nettoyant-visage-130ml\/\" target=\"_self\">gel nettoyant<\/a>. Bien s\u00e9cher.<br \/>\n<em>\u00c9tape 2<\/em>: vaporiser le <a href=\"https:\/\/3rings.eu\/fr\/produit\/nescens-tonique-activateur-metabolique-visage-150ml\/\" target=\"_self\">tonique activateur m\u00e9tabolique<\/a> au creux de la main, et appliquer sur le visage et le cou parfaitement nettoy\u00e9s et s\u00e9ch\u00e9s. Effectuer quelques man\u0153uvres de lissage des tissus afin d\u2019optimiser la p\u00e9n\u00e9tration du fluide.<\/li>\n<li><strong>S\u00e9rum Nescens<\/strong><br \/>\nLorsque l\u2019absorption du tonique activateur m\u00e9tabolique est compl\u00e8te, proc\u00e9der \u00e0 l\u2019application du s\u00e9rum activateur, cellules souches.<\/li>\n<li class=\"translation-block\"><strong>Soin correcteur Nescens<\/strong><br>\nPoursuivre avec l\u2019application des <a href=\"https:\/\/3rings.eu\/fr\/categorie-produit\/cosmeceutique\/soin-correcteur\/\" target=\"_self\">soins correcteurs Nescens<\/a> pour le visage et les yeux.<\/li>\n<\/ol>\n<p>Le s\u00e9rum activateur, cellules souches est particuli\u00e8rement recommand\u00e9 :<\/p>\n<ul>\n<li>en traitement de fond, pour les peaux matures pr\u00e9sentant une perte de densit\u00e9 et de fermet\u00e9.<\/li>\n<li>en traitement ponctuel, pour les \u00e9tats cutan\u00e9s fragilis\u00e9s par des conditions particuli\u00e8res (actes de m\u00e9decine ou de chirurgie esth\u00e9tiques). Demandez conseil \u00e0 votre m\u00e9decin.<\/li>\n<\/ul>\n<p>Utilisation unisexe. Test\u00e9 cliniquement sous contr\u00f4le dermatologique.<\/p>\n<h2>Principaux actifs<\/h2>\n<ul>\n<li><strong>Extrait de culture de Saponaria pumila callus (PhytoCellTec Nunatak):<\/strong> cet actif, d\u00e9velopp\u00e9 \u00e0 partir de cellules souches de Saponaria pumila, prot\u00e8ge les cellules souches dermiques contre la perte de leur potentiel r\u00e9g\u00e9n\u00e9ratif induite par le rayonnement solaire. La peau gagne en \u00e9lasticit\u00e9, fermet\u00e9 et densit\u00e9 d\u00e8s 4 semaines de traitement.<\/li>\n<li><strong>Extrait de culture de Symphytum officinale callus (PhytoCellTec Symphytum):<\/strong> actif d\u00e9velopp\u00e9 \u00e0 partir de cellules souches de racines de consoude. Pr\u00e9serve les capacit\u00e9s de division cellulaire des cellules souches \u00e9pidermiques malgr\u00e9 le vieillissement. In vitro, aide les cellules souches \u00e9pidermiques \u00e0 construire un nouvel \u00e9piderme (3D) plus \u00e9pais et plus riche en acide hyaluronique. Contribue \u00e0 pr\u00e9venir l\u2019amincissement (atrophie) de l\u2019\u00e9piderme li\u00e9 \u00e0 l\u2019\u00e2ge. Augmente la teneur en eau des cellules \u00e9pidermqiues, induisant une am\u00e9lioration de l\u2018hydratation en profondeur.<\/li>\n<li><strong>Extrait de ferment de Pichia\/Resveratrol:<\/strong> s\u2019oppose au ph\u00e9nom\u00e8ne de s\u00e9nescence r\u00e9plicative (d\u00e9faut de renouvellement cellulaire), en augmentant l\u2019activit\u00e9 de la t\u00e9lom\u00e9rase (complexe enzymatique intervenant dans la division cellulaire). R\u00e9duit les r\u00e9actions inflammatoires (inflamaging) et augmente la synth\u00e8se du collag\u00e8ne IV, une prot\u00e9ine matricielle essentielle au maintien de l\u2019int\u00e9grit\u00e9 structurelle des cellules cutan\u00e9es. Contribue \u00e0 minimiser les rides, am\u00e9liorer le teint et la texture de la peau, et contr\u00f4ler la pigmentation.<\/li>\n<li><strong>Baicalin:<\/strong> fraction purifi\u00e9e de racines de Scutellaria baicalensis, standardis\u00e9e en baicaline. Prot\u00e8ge les cellules souches \u00e9pidermiques contre les effets cytotoxiques des ultra-violets et augmente leur capacit\u00e9 prolif\u00e9rative. Retarde le vieillissement des fibroblastes cutan\u00e9s. Les fibroblastes trait\u00e9s avec cet actif sont capables de subir cinq divisions suppl\u00e9mentaires, ce qui est l\u2019\u00e9quivalent d\u2019une augmentation de 10 % de duplications. Aide ainsi \u00e0 retarder le vieillissement cutan\u00e9. Des tests in vivo ont \u00e9galement d\u00e9montr\u00e9 une am\u00e9lioration de la structure cutan\u00e9e, ainsi qu\u2019un renforcement de la fermet\u00e9 et de l\u2019\u00e9lasticit\u00e9.<\/li>\n<li><strong>Palmitoyl tetrapeptide-7+ Palmitoyl tetrapeptide-1:<\/strong> contient des matrikines qui activent la n\u00e9osynth\u00e8se de macromol\u00e9cules de la matrice extracellulaire via l\u2019expression de g\u00e8nes impliqu\u00e9s dans la restructuration et la r\u00e9paration cutan\u00e9e. Conf\u00e8re une efficacit\u00e9 anti-rides visible. Permet \u00e9galement une am\u00e9lioration importante et significative de l\u2019\u00e9lasticit\u00e9 et de la tonicit\u00e9 cutan\u00e9e.<\/li>\n<li><strong>Retinyl palmitate:<\/strong> acc\u00e9l\u00e8re la r\u00e9g\u00e9n\u00e9ration des cellules \u00e9pidermiques et normalise leur diff\u00e9rentiation. Participe \u00e0 l\u2019am\u00e9lioration de la texture et de la fermet\u00e9 de la peau. Pr\u00e9vient la desquamation et la s\u00e9cheresse cutan\u00e9e.<\/li>\n<li><strong>Niacinamide:<\/strong> actif multifonctionnel. Active la prolif\u00e9ration des k\u00e9ratinocytes et des fibroblastes. Renforce la barri\u00e8re \u00e9pidermique en augmentant sa r\u00e9sistance \u00e0 la d\u00e9gradation. Accroit la teneur en eau du stratum corneum. Acc\u00e9l\u00e8re la diff\u00e9rentiation des k\u00e9ratinocytes. Stimule la synth\u00e8se du collag\u00e8ne de mani\u00e8re s\u00e9lective et am\u00e9liore ainsi l\u2019apparence de la peau mature. Contribue \u00e0 l\u2019\u00e9claircissement de la peau en interf\u00e9rant avec le transfert des m\u00e9lanosomes aux k\u00e9ratinocytes. Des tests in vivo ont d\u00e9montr\u00e9 que la Niacinamide diminue de fa\u00e7on significative les taches de vieillesse, aidant ainsi \u00e0 uniformiser le teint.<\/li>\n<li><strong>Acetyl glucosamine (N-Ac\u00e9tyl glucosamine):<\/strong> active la synth\u00e8se de collag\u00e8ne et d\u2019\u00e9lastine par les fibroblastes et la production d\u2019acide hyaluronique et des glycosaminoglycans par les k\u00e9ratinocytes. Favorise l\u2019adh\u00e9sion cellulaire (lie les glycoprot\u00e9ines qui assurent la coh\u00e9sion des corn\u00e9ocytes). Stimule l\u2019expression des marqueurs de diff\u00e9renciation k\u00e9ratinocytaires (k\u00e9ratine, involucrine).<\/li>\n<li><strong>Sodium hyaluronate (acide hyaluronique fragment\u00e9):<\/strong> permet de maintenir l\u2019hydratation et la fermet\u00e9 de la peau en stimulant la coh\u00e9sion cellulaire et la synth\u00e8se de collag\u00e8ne. Limite la perte insensible en eau en renfor\u00e7ant les jonctions entre k\u00e9ratinocytes. Gr\u00e2ce \u00e0 sa capacit\u00e9 hygroscopique unique, maintient l\u2019hydratation en constituant un r\u00e9servoir d\u2019eau dans le derme.<\/li>\n<li><strong>Panthenol (Provitamine B5):<\/strong> participe \u00e0 la reconstitution des couches lipidiques \u00e9pidermiques. Hydrate, stimule la division cellulaire et favorise la r\u00e9g\u00e9n\u00e9ration tissulaire. Prot\u00e8ge et apporte douceur et velout\u00e9 \u00e0 l\u2019\u00e9piderme.<\/li>\n<\/ul>","protected":false},"excerpt":{"rendered":"<p>Le premier s\u00e9rum \u00e9liminateur de cellules zombie. Ses actifs s\u00e9nolytiques favorisent l\u2019\u00e9limination des cellules s\u00e9nescentes, sans affecter les cellules saines et contribuent \u00e0 la r\u00e9g\u00e9n\u00e9ration et au rajeunissement des tissus.<\/p>","protected":false},"featured_media":1171,"comment_status":"open","ping_status":"closed","template":"","meta":[],"product_brand":[],"product_cat":[84,73],"product_tag":[],"class_list":{"0":"post-1170","1":"product","2":"type-product","3":"status-publish","4":"has-post-thumbnail","6":"product_cat-serum","7":"product_cat-cosmeceutic","9":"first","10":"instock","11":"taxable","12":"shipping-taxable","13":"purchasable","14":"product-type-simple"},"_links":{"self":[{"href":"https:\/\/3rings.eu\/fr\/wp-json\/wp\/v2\/product\/1170","targetHints":{"allow":["GET"]}}],"collection":[{"href":"https:\/\/3rings.eu\/fr\/wp-json\/wp\/v2\/product"}],"about":[{"href":"https:\/\/3rings.eu\/fr\/wp-json\/wp\/v2\/types\/product"}],"replies":[{"embeddable":true,"href":"https:\/\/3rings.eu\/fr\/wp-json\/wp\/v2\/comments?post=1170"}],"version-history":[{"count":0,"href":"https:\/\/3rings.eu\/fr\/wp-json\/wp\/v2\/product\/1170\/revisions"}],"wp:featuredmedia":[{"embeddable":true,"href":"https:\/\/3rings.eu\/fr\/wp-json\/wp\/v2\/media\/1171"}],"wp:attachment":[{"href":"https:\/\/3rings.eu\/fr\/wp-json\/wp\/v2\/media?parent=1170"}],"wp:term":[{"taxonomy":"product_brand","embeddable":true,"href":"https:\/\/3rings.eu\/fr\/wp-json\/wp\/v2\/product_brand?post=1170"},{"taxonomy":"product_cat","embeddable":true,"href":"https:\/\/3rings.eu\/fr\/wp-json\/wp\/v2\/product_cat?post=1170"},{"taxonomy":"product_tag","embeddable":true,"href":"https:\/\/3rings.eu\/fr\/wp-json\/wp\/v2\/product_tag?post=1170"}],"curies":[{"name":"wp","href":"https:\/\/api.w.org\/{rel}","templated":true}]}}