{"id":2997,"date":"2021-05-05T11:56:44","date_gmt":"2021-05-05T09:56:44","guid":{"rendered":"https:\/\/3rings.eu\/?post_type=product&#038;p=2997"},"modified":"2023-01-05T08:09:46","modified_gmt":"2023-01-05T07:09:46","slug":"set-voyage-beaute-ete-nescens","status":"publish","type":"product","link":"https:\/\/3rings.eu\/fr\/produit\/set-voyage-beaute-ete-nescens\/","title":{"rendered":"Summer Beauty Travel Set &#8211; Nescens"},"content":{"rendered":"<p>Set Voyage Beaut\u00e9 \u00c9t\u00e9 incluant:<\/p>\n<p>1x Gel Nettoyant - Visage, 10ml<br \/>\n1x Tonique Activateur M\u00e9tabolique - Visage, 15ml<br \/>\n1x Emulsion R\u00e9g\u00e9n\u00e9ration Mol\u00e9culaire Jour - Visage, 10ml<br \/>\n1x Complexe Anti-rel\u00e2chement Cutan\u00e9 - Corps, 30ml<br \/>\n1x Trousse Grise Nescens<\/p>","protected":false},"excerpt":{"rendered":"<p>Summer Beauty Travel Set included : 1x Cleansing Gel \u2013 Face, 10ml 1x Metabolic Activator Toner \u2013 Face, 15ml 1x Molecular Regeneration Emulsion Day \u2013 Face, 10ml 1x Anti-skin Slackening Complex \u2013 Body, 30ml 1x Grey Pouch Nescens<\/p>","protected":false},"featured_media":3024,"comment_status":"open","ping_status":"closed","template":"","meta":[],"product_brand":[],"product_cat":[91,73],"product_tag":[],"class_list":{"0":"post-2997","1":"product","2":"type-product","3":"status-publish","4":"has-post-thumbnail","6":"product_cat-box-limited-edition","7":"product_cat-cosmeceutic","9":"first","10":"instock","11":"taxable","12":"shipping-taxable","13":"purchasable","14":"product-type-simple"},"_links":{"self":[{"href":"https:\/\/3rings.eu\/fr\/wp-json\/wp\/v2\/product\/2997","targetHints":{"allow":["GET"]}}],"collection":[{"href":"https:\/\/3rings.eu\/fr\/wp-json\/wp\/v2\/product"}],"about":[{"href":"https:\/\/3rings.eu\/fr\/wp-json\/wp\/v2\/types\/product"}],"replies":[{"embeddable":true,"href":"https:\/\/3rings.eu\/fr\/wp-json\/wp\/v2\/comments?post=2997"}],"version-history":[{"count":0,"href":"https:\/\/3rings.eu\/fr\/wp-json\/wp\/v2\/product\/2997\/revisions"}],"wp:featuredmedia":[{"embeddable":true,"href":"https:\/\/3rings.eu\/fr\/wp-json\/wp\/v2\/media\/3024"}],"wp:attachment":[{"href":"https:\/\/3rings.eu\/fr\/wp-json\/wp\/v2\/media?parent=2997"}],"wp:term":[{"taxonomy":"product_brand","embeddable":true,"href":"https:\/\/3rings.eu\/fr\/wp-json\/wp\/v2\/product_brand?post=2997"},{"taxonomy":"product_cat","embeddable":true,"href":"https:\/\/3rings.eu\/fr\/wp-json\/wp\/v2\/product_cat?post=2997"},{"taxonomy":"product_tag","embeddable":true,"href":"https:\/\/3rings.eu\/fr\/wp-json\/wp\/v2\/product_tag?post=2997"}],"curies":[{"name":"wp","href":"https:\/\/api.w.org\/{rel}","templated":true}]}}