{"id":3004,"date":"2021-05-05T14:23:01","date_gmt":"2021-05-05T12:23:01","guid":{"rendered":"https:\/\/3rings.eu\/?post_type=product&#038;p=3004"},"modified":"2023-01-05T08:09:09","modified_gmt":"2023-01-05T07:09:09","slug":"box-activateur-cellules-souches-nescens","status":"publish","type":"product","link":"https:\/\/3rings.eu\/fr\/produit\/box-activateur-cellules-souches-nescens\/","title":{"rendered":"Box Activateur Cellules Souches - Nescens"},"content":{"rendered":"<p>Box Activateur Cellules Souches incluant:<\/p>\n<p>1x S\u00e9rum Activateur Cellules Souches - Visage, 7ml<br \/>\n1x Gel Nettoyant - Visage, 10ml<br \/>\n1x Tonique Activateur M\u00e9tabolique - Visage, 15ml<br \/>\n1x \u00c9mulsion R\u00e9g\u00e9n\u00e9ration Mol\u00e9culaire Jour - Visage, 10ml<br \/>\n1x Emulsion Renouvellement Cellulaire Nuit - Visage, 10ml<\/p>","protected":false},"excerpt":{"rendered":"<p>Stem Cells Activator Box included : 1x Activator Serum, Stem Cells &#8211; Face, 30ml 1x Cleansing Gel &#8211; Face, 10ml 1x Metabolic Activator Toner &#8211; Face, 15ml 1x Molecular Regeneration Emulsion Day &#8211; Face, 10ml 1x Cellular Renewal Emulsion Night &#8211; Face, 10ml<\/p>","protected":false},"featured_media":3023,"comment_status":"open","ping_status":"closed","template":"","meta":[],"product_brand":[],"product_cat":[73,91],"product_tag":[],"class_list":{"0":"post-3004","1":"product","2":"type-product","3":"status-publish","4":"has-post-thumbnail","6":"product_cat-cosmeceutic","7":"product_cat-box-limited-edition","9":"first","10":"instock","11":"taxable","12":"shipping-taxable","13":"purchasable","14":"product-type-simple"},"_links":{"self":[{"href":"https:\/\/3rings.eu\/fr\/wp-json\/wp\/v2\/product\/3004","targetHints":{"allow":["GET"]}}],"collection":[{"href":"https:\/\/3rings.eu\/fr\/wp-json\/wp\/v2\/product"}],"about":[{"href":"https:\/\/3rings.eu\/fr\/wp-json\/wp\/v2\/types\/product"}],"replies":[{"embeddable":true,"href":"https:\/\/3rings.eu\/fr\/wp-json\/wp\/v2\/comments?post=3004"}],"version-history":[{"count":0,"href":"https:\/\/3rings.eu\/fr\/wp-json\/wp\/v2\/product\/3004\/revisions"}],"wp:featuredmedia":[{"embeddable":true,"href":"https:\/\/3rings.eu\/fr\/wp-json\/wp\/v2\/media\/3023"}],"wp:attachment":[{"href":"https:\/\/3rings.eu\/fr\/wp-json\/wp\/v2\/media?parent=3004"}],"wp:term":[{"taxonomy":"product_brand","embeddable":true,"href":"https:\/\/3rings.eu\/fr\/wp-json\/wp\/v2\/product_brand?post=3004"},{"taxonomy":"product_cat","embeddable":true,"href":"https:\/\/3rings.eu\/fr\/wp-json\/wp\/v2\/product_cat?post=3004"},{"taxonomy":"product_tag","embeddable":true,"href":"https:\/\/3rings.eu\/fr\/wp-json\/wp\/v2\/product_tag?post=3004"}],"curies":[{"name":"wp","href":"https:\/\/api.w.org\/{rel}","templated":true}]}}