{"id":3159,"date":"2021-08-27T15:10:49","date_gmt":"2021-08-27T13:10:49","guid":{"rendered":"https:\/\/3rings.eu\/?post_type=product&#038;p=3159"},"modified":"2024-11-20T05:36:24","modified_gmt":"2024-11-20T04:36:24","slug":"baume-liftant-et-volumateur-levres-et-contour","status":"publish","type":"product","link":"https:\/\/3rings.eu\/fr\/produit\/baume-liftant-et-volumateur-levres-et-contour\/","title":{"rendered":"Baume liftant et volumateur - L\u00e8vres et contour"},"content":{"rendered":"<p>Probl\u00e9matiques cibl\u00e9es<\/p>\n<p class=\"translation-block\">Rides verticales, s\u00e9cheresse.\nB\u00e9n\u00e9fices cosm\u00e9ceutiques<\/p>\n<p>Estompe les rides verticales \u2013 rides p\u00e9ribuccales et sillons nasog\u00e9niens \u2013 et les plis d'amertume, pour une expression faciale plus jeune et apais\u00e9e, en seulement 7 jours*\n    Augmente le volume des l\u00e8vres, pour un aspect plus charnu et ourl\u00e9, tout en conservant une apparence naturelle\n    R\u00e9duit la migration du rouge \u00e0 l\u00e8vres<br \/>\nAjoute du volume aux l\u00e8vres pour un aspect plus complet et plus d\u00e9fini, mais naturel.<br \/>\nReduces lipstick migration<\/p>\n<p>Tests r\u00e9alis\u00e9s sur 17 femmes, \u00e2g\u00e9es de 45 \u00e0 60 ans. Analyse des rides verticales avec image num\u00e9rique Visia CR. Analyse du volume des rides par profilom\u00e9trie sur empreintes cutan\u00e9es<br \/>\nDispositif cosm\u00e9ceutique Nescens<\/p>\n<p>Dans le cadre du dispositif cosm\u00e9ceutique Nescens, appliquer le baume sur les l\u00e8vres et leur contour, matin et soir pour un r\u00e9sultat optimal.<\/p>\n<p>Renouveler l'application dans la journ\u00e9e si n\u00e9cessaire.<\/p>\n<p class=\"translation-block\">Poursuivre avec l\u2019application des <a href=\"https:\/\/3rings.eu\/fr\/categorie-produit\/cosmeceutique\/soin-correcteur\/\" target=\"_self\">soins correcteurs<\/a> jour ou nuit.<\/p>\n<p>Pour un r\u00e9sultat maximum, le baume Nescens peut \u00eatre appliqu\u00e9 en \u00ab sleeping mask \u00bb, la nuit, en couche \u00e9paisse.<\/p>\n<p>L'embout applicateur biseaut\u00e9 est parfaitement con\u00e7u pour la zone \u00e0 traiter.<\/p>","protected":false},"excerpt":{"rendered":"<p>Ce soin total l\u00e8vres et contour concentre les derni\u00e8res avanc\u00e9es technologiques pour restaurer la jeunesse du sourire.<\/p>","protected":false},"featured_media":3164,"comment_status":"open","ping_status":"closed","template":"","meta":[],"product_brand":[],"product_cat":[73,88],"product_tag":[],"class_list":{"0":"post-3159","1":"product","2":"type-product","3":"status-publish","4":"has-post-thumbnail","6":"product_cat-cosmeceutic","7":"product_cat-correcting-care","9":"first","10":"instock","11":"taxable","12":"shipping-taxable","13":"purchasable","14":"product-type-simple"},"_links":{"self":[{"href":"https:\/\/3rings.eu\/fr\/wp-json\/wp\/v2\/product\/3159","targetHints":{"allow":["GET"]}}],"collection":[{"href":"https:\/\/3rings.eu\/fr\/wp-json\/wp\/v2\/product"}],"about":[{"href":"https:\/\/3rings.eu\/fr\/wp-json\/wp\/v2\/types\/product"}],"replies":[{"embeddable":true,"href":"https:\/\/3rings.eu\/fr\/wp-json\/wp\/v2\/comments?post=3159"}],"version-history":[{"count":0,"href":"https:\/\/3rings.eu\/fr\/wp-json\/wp\/v2\/product\/3159\/revisions"}],"wp:featuredmedia":[{"embeddable":true,"href":"https:\/\/3rings.eu\/fr\/wp-json\/wp\/v2\/media\/3164"}],"wp:attachment":[{"href":"https:\/\/3rings.eu\/fr\/wp-json\/wp\/v2\/media?parent=3159"}],"wp:term":[{"taxonomy":"product_brand","embeddable":true,"href":"https:\/\/3rings.eu\/fr\/wp-json\/wp\/v2\/product_brand?post=3159"},{"taxonomy":"product_cat","embeddable":true,"href":"https:\/\/3rings.eu\/fr\/wp-json\/wp\/v2\/product_cat?post=3159"},{"taxonomy":"product_tag","embeddable":true,"href":"https:\/\/3rings.eu\/fr\/wp-json\/wp\/v2\/product_tag?post=3159"}],"curies":[{"name":"wp","href":"https:\/\/api.w.org\/{rel}","templated":true}]}}