{"id":3175,"date":"2021-11-10T10:46:12","date_gmt":"2021-11-10T09:46:12","guid":{"rendered":"https:\/\/3rings.eu\/?post_type=product&#038;p=3175"},"modified":"2024-10-27T20:09:30","modified_gmt":"2024-10-27T19:09:30","slug":"creme-relipidante-bio-identique-visage-nescens-100ml","status":"publish","type":"product","link":"https:\/\/3rings.eu\/fr\/produit\/creme-relipidante-bio-identique-visage-nescens-100ml\/","title":{"rendered":"Bio-Identical Lipid Replenishing Cream, Face &#8211; Nescens, 100ml"},"content":{"rendered":"<p>La formulation exclusive de la cr\u00e8me relipidante bio-identique Nescens redonne substance, volume et confort aux peaux les plus s\u00e8ches. Cette pr\u00e9paration d\u2019une grande richesse p\u00e9n\u00e8tre parfaitement les couches superficielles de l\u2019\u00e9piderme, assurant la r\u00e9manence de son action. L\u2019\u00e9pith\u00e9lium est mieux prot\u00e9g\u00e9, plus r\u00e9sistant aux agressions externes.<br \/>\nB\u00e9n\u00e9fices cosm\u00e9ceutiques<\/p>\n<p>R\u00e9solument innovante, cette formulation cosm\u00e9ceutique Nescens intervient \u00e0 deux niveaux pour :<\/p>\n<p>    compenser les d\u00e9ficits lipidiques observ\u00e9s au cours du vieillissement par l\u2019apport exog\u00e8ne de plusieurs classes de lipides bio-identiques (analogues aux lipides naturellement synth\u00e9tis\u00e9s dans l\u2019\u00e9piderme);<br \/>\n    r\u00e9activer simultan\u00e9ment la synth\u00e8se de lipides physiologiques affect\u00e9e par l\u2019avance en \u00e2ge.<\/p>\n<p>Ce processus novateur de reconstitution lipidique induit:<\/p>\n<p>    une r\u00e9hydratation profonde et de longue dur\u00e9e de l\u2019\u00e9piderme, d\u00e8s les premi\u00e8res applications.<br \/>\n    une am\u00e9lioration des propri\u00e9t\u00e9s m\u00e9caniques de la peau : r\u00e9sistance, \u00e9lasticit\u00e9 et fermet\u00e9.<br \/>\n    une r\u00e9duction significative des micro-plis et ridules.<br \/>\n    une normalisation de la desquamation excessive caract\u00e9ristique des peaux s\u00e8ches.<br \/>\n    un effacement des rugosit\u00e9s de surface.<\/p>\n<p>Consignes d\u2019utilisation<\/p>\n<p>Appliquer matin et soir, sur l\u2019ensemble du visage et du cou, ind\u00e9pendamment ou en conjonction avec les autres soins correcteurs Nescens.<\/p>\n<p class=\"translation-block\">La cr\u00e8me relipidante bio-identique est recommand\u00e9e en traitement de fond pour les \u00e9tats cutan\u00e9s secs constitutionnels, ou en cure (12 semaines), pour les \u00e9tats cutan\u00e9s secs ponctuels. Dans le cadre du dispositif cosm\u00e9ceutique Nescens, la cr\u00e8me relipidante bio-identique est appliqu\u00e9e en usage biquotidien, ind\u00e9pendamment ou en conjonction avec les autres <a href=\"https:\/\/3rings.eu\/fr\/categorie-produit\/cosmeceutique\/soin-correcteur\/\" target=\"_self\">soins correcteurs Nescens<\/a>.<\/p>\n<p>Utilisation unisexe. Test\u00e9 cliniquement sous contr\u00f4le dermatologique et ophtalmologique.<br \/>\nPrincipaux actifs<\/p>\n<p>    Ceramid AP, NP et EOP : lipides fondamentaux n\u00e9cessaires \u00e0 la restauration de la barri\u00e8re hydrolipidique. Ils assurent la coh\u00e9sion de la couche corn\u00e9e de la peau.<br \/>\n    Phytosphingosine : r\u00e9duit l'activit\u00e9 des m\u00e9talloprot\u00e9ases matricielles et augmente la production de prot\u00e9ines de la matrice extracellulaire. Stimule la diff\u00e9renciation des k\u00e9ratinocytes. Renforce la coh\u00e9sion des corn\u00e9ocytes. A des effets anti-\u00e2ge.<br \/>\n    Cholest\u00e9rol : composant essentiel de la barri\u00e8re lipidique \u00e9pidermique.<br \/>\n    Acide palmitique : r\u00e9gule l'acidification, l'int\u00e9grit\u00e9 et la coh\u00e9sion du stratum corneum. Augmente l'hydratation et l'\u00e9lasticit\u00e9 de la peau.<br \/>\n    Acide st\u00e9arique : joue un r\u00f4le cl\u00e9 dans le maintien de la flexibilit\u00e9 de la barri\u00e8re lipidique de la couche corn\u00e9e. A un effet anti-inflammatoire.<br \/>\n    Niacinamide : exerce un effet stabilisateur sur la barri\u00e8re \u00e9pidermique. Am\u00e9liore l'hydratation de la couche corn\u00e9e. Acc\u00e9l\u00e8re la diff\u00e9renciation des k\u00e9ratinocytes.<br \/>\n    Glyc\u00e9rine : r\u00e9tablit l'organisation des lamelles lipidiques intercellulaires dans la couche corn\u00e9e. Assure l'hydratation des diff\u00e9rentes couches de l'\u00e9piderme.<br \/>\n    Ur\u00e9e : r\u00e9duit l'hyperprolif\u00e9ration \u00e9pidermique et induit la diff\u00e9renciation des k\u00e9ratinocytes. R\u00e9gule \u00e0 la hausse les enzymes de synth\u00e8se des lipides \u00e9pidermiques.<br \/>\n    Isom\u00e9rate de saccharide : assure une hydratation tr\u00e8s efficace et durable dans des conditions d'air sec et de faible humidit\u00e9 relative.<\/p>","protected":false},"excerpt":{"rendered":"<p>Intens\u00e9ment relipid\u00e9e, la peau retrouve l\u2019aspect plein, souple et rebondi d\u2019une peau plus jeune. Sa surface para\u00eet plus lisse, plus soyeuse, et son teint plus \u00e9clatant. Redonne substance, volume et confort aux peaux les plus s\u00e8ches.<\/p>","protected":false},"featured_media":3176,"comment_status":"open","ping_status":"closed","template":"","meta":[],"product_brand":[],"product_cat":[73,86],"product_tag":[],"class_list":{"0":"post-3175","1":"product","2":"type-product","3":"status-publish","4":"has-post-thumbnail","6":"product_cat-cosmeceutic","7":"product_cat-mask","9":"first","10":"instock","11":"taxable","12":"shipping-taxable","13":"purchasable","14":"product-type-simple"},"_links":{"self":[{"href":"https:\/\/3rings.eu\/fr\/wp-json\/wp\/v2\/product\/3175","targetHints":{"allow":["GET"]}}],"collection":[{"href":"https:\/\/3rings.eu\/fr\/wp-json\/wp\/v2\/product"}],"about":[{"href":"https:\/\/3rings.eu\/fr\/wp-json\/wp\/v2\/types\/product"}],"replies":[{"embeddable":true,"href":"https:\/\/3rings.eu\/fr\/wp-json\/wp\/v2\/comments?post=3175"}],"version-history":[{"count":0,"href":"https:\/\/3rings.eu\/fr\/wp-json\/wp\/v2\/product\/3175\/revisions"}],"wp:featuredmedia":[{"embeddable":true,"href":"https:\/\/3rings.eu\/fr\/wp-json\/wp\/v2\/media\/3176"}],"wp:attachment":[{"href":"https:\/\/3rings.eu\/fr\/wp-json\/wp\/v2\/media?parent=3175"}],"wp:term":[{"taxonomy":"product_brand","embeddable":true,"href":"https:\/\/3rings.eu\/fr\/wp-json\/wp\/v2\/product_brand?post=3175"},{"taxonomy":"product_cat","embeddable":true,"href":"https:\/\/3rings.eu\/fr\/wp-json\/wp\/v2\/product_cat?post=3175"},{"taxonomy":"product_tag","embeddable":true,"href":"https:\/\/3rings.eu\/fr\/wp-json\/wp\/v2\/product_tag?post=3175"}],"curies":[{"name":"wp","href":"https:\/\/api.w.org\/{rel}","templated":true}]}}