{"id":3223,"date":"2022-04-26T08:53:43","date_gmt":"2022-04-26T06:53:43","guid":{"rendered":"https:\/\/3rings.eu\/?post_type=product&#038;p=3223"},"modified":"2023-01-05T08:06:22","modified_gmt":"2023-01-05T07:06:22","slug":"zombie-cell-clearing-serum-face","status":"publish","type":"product","link":"https:\/\/3rings.eu\/fr\/produit\/zombie-cell-clearing-serum-face\/","title":{"rendered":"S\u00e9rum \u00e9liminateur de cellules zombies - Visage"},"content":{"rendered":"<div class=\"app_4\">\n<h4>Probl\u00e9matiques cibl\u00e9es<\/h4>\n<p>Dans les tissus jeunes, les cellules s\u00e9nescentes s\u2019autod\u00e9truisent en activant un programme de suicide cellulaire.<\/p>\n<\/div>\n<div class=\"app_1\">\n<h4>B\u00e9n\u00e9fices cosm\u00e9ceutiques<\/h4>\n<p>Dans les tissus jeunes, les cellules s\u00e9nescentes s'\"autod\u00e9truisent\" selon un processus biologiquement programm\u00e9. Cependant, \u00e0 mesure que nous vieillissons et que nous sommes expos\u00e9s \u00e0 des sources de stress oxydatif, comme les rayons UV et la pollution, le nombre de cellules s\u00e9nescentes augmente progressivement.<\/p>\n<p>Ces cellules ne peuvent plus se renouveler et r\u00e9g\u00e9n\u00e9rer les tissus, mais elles ne peuvent pas non plus mourir, d'o\u00f9 le terme de \"cellules zombies\". Au contraire, elles s\u00e9cr\u00e8tent des substances susceptibles de provoquer une inflammation et un vieillissement, contaminant les cellules voisines et les rendant s\u00e9nescentes \u00e0 leur tour.<\/p>\n<p>Lorsque ces \"cellules zombies\" sont pr\u00e9sentes, la peau vieillit plus vite, perd de son \u00e9paisseur, gagne en rides et devient moins dense et moins \u00e9lastique. Nescens a cr\u00e9\u00e9 une formule avanc\u00e9e contenant une forte concentration d'agents s\u00e9nolytiques qui peuvent cibler les cellules s\u00e9nescentes et restaurer les tissus.<\/p>\n<p>R\u00e9sultats des essais cliniques<\/p>\n<p>Apr\u00e8s seulement quatre semaines, le s\u00e9rum a montr\u00e9 des r\u00e9sultats statistiquement significatifs dans les domaines suivants :<\/p>\n<p>R\u00e9duction des rougeurs :<\/p>\n<p>- 31% &gt; La r\u00e9duction des rougeurs montre que le s\u00e9rum att\u00e9nue le processus d'inflammation, connu pour acc\u00e9l\u00e9rer le vieillissement.<\/p>\n<p>Augmentation de l'\u00e9lasticit\u00e9 :<\/p>\n<p>+ 12 % Augmentation de la densit\u00e9 de la peau :<\/p>\n<p>+ 6,6 % &gt; L'augmentation de la densit\u00e9 et de l'\u00e9lasticit\u00e9 de la peau est la preuve que le s\u00e9rum stimule la production de collag\u00e8ne, rajeunissant la peau de l'int\u00e9rieur.<\/p>\n<p>*Test in vivo - quatre semaines - 31 volontaires, \u00e2g\u00e9s de 40 \u00e0 70 ans.<\/p>\n<p>71% des personnes interrog\u00e9es trouvent que le produit...<\/p>\n<ul>\n<li>am\u00e9liore et affine la qualit\u00e9 de la peau,<\/li>\n<li>redonne \u00e0 la peau son \u00e9lasticit\u00e9,<\/li>\n<li>aide la peau \u00e0 se sentir r\u00e9g\u00e9n\u00e9r\u00e9e et \u00e9nergis\u00e9e. 75%<\/li>\n<li>rend la peau plus belle,<\/li>\n<li>am\u00e9liore sensiblement l'\u00e9lasticit\u00e9 de la peau,<\/li>\n<li>donne \u00e0 la peau un \u00e9clat sain et une apparence radieuse,<\/li>\n<li>donne une sensation de soin intense et un fini velout\u00e9. 79%<\/li>\n<li>donne \u00e0 la peau un aspect plus frais. 82%<\/li>\n<li>laisse la peau douce et lisse pendant longtemps.<\/li>\n<\/ul>\n<p>&nbsp;<\/p>\n<p>*Auto-\u00e9valuation - quatre semaines - 28 volontaires, \u00e2g\u00e9s de 40 \u00e0 70 ans.<\/p><\/div>\n<p>&nbsp;<\/p>\n<p>&nbsp;<\/p>","protected":false},"excerpt":{"rendered":"<p>Nescens cr\u00e9e le premier s\u00e9rum \u00e9liminateur de \u00ab cellules zombies \u00bb, acc\u00e9l\u00e9ratrices de vieillissement.<\/p>\n<p>Le premier s\u00e9rum \u00e9liminateur de cellules zombie. Ses actifs s\u00e9nolytiques favorisent l\u2019\u00e9limination des cellules s\u00e9nescentes, sans affecter les cellules saines et contribuent \u00e0 la r\u00e9g\u00e9n\u00e9ration et au rajeunissement des tissus.<\/p>","protected":false},"featured_media":3213,"comment_status":"open","ping_status":"closed","template":"","meta":[],"product_brand":[],"product_cat":[73,84],"product_tag":[],"class_list":{"0":"post-3223","1":"product","2":"type-product","3":"status-publish","4":"has-post-thumbnail","6":"product_cat-cosmeceutic","7":"product_cat-serum","9":"first","10":"instock","11":"taxable","12":"shipping-taxable","13":"purchasable","14":"product-type-simple"},"_links":{"self":[{"href":"https:\/\/3rings.eu\/fr\/wp-json\/wp\/v2\/product\/3223","targetHints":{"allow":["GET"]}}],"collection":[{"href":"https:\/\/3rings.eu\/fr\/wp-json\/wp\/v2\/product"}],"about":[{"href":"https:\/\/3rings.eu\/fr\/wp-json\/wp\/v2\/types\/product"}],"replies":[{"embeddable":true,"href":"https:\/\/3rings.eu\/fr\/wp-json\/wp\/v2\/comments?post=3223"}],"version-history":[{"count":0,"href":"https:\/\/3rings.eu\/fr\/wp-json\/wp\/v2\/product\/3223\/revisions"}],"wp:featuredmedia":[{"embeddable":true,"href":"https:\/\/3rings.eu\/fr\/wp-json\/wp\/v2\/media\/3213"}],"wp:attachment":[{"href":"https:\/\/3rings.eu\/fr\/wp-json\/wp\/v2\/media?parent=3223"}],"wp:term":[{"taxonomy":"product_brand","embeddable":true,"href":"https:\/\/3rings.eu\/fr\/wp-json\/wp\/v2\/product_brand?post=3223"},{"taxonomy":"product_cat","embeddable":true,"href":"https:\/\/3rings.eu\/fr\/wp-json\/wp\/v2\/product_cat?post=3223"},{"taxonomy":"product_tag","embeddable":true,"href":"https:\/\/3rings.eu\/fr\/wp-json\/wp\/v2\/product_tag?post=3223"}],"curies":[{"name":"wp","href":"https:\/\/api.w.org\/{rel}","templated":true}]}}