{"id":1096,"date":"2020-11-08T09:53:41","date_gmt":"2020-11-08T08:53:41","guid":{"rendered":"https:\/\/3rings.eu\/anti-skin-slackening-complex-200ml\/"},"modified":"2025-01-22T11:17:08","modified_gmt":"2025-01-22T10:17:08","slug":"nescens-complesso-anti-rilassamento-della-pelle-corpo-200ml","status":"publish","type":"product","link":"https:\/\/3rings.eu\/it\/prodotto\/nescens-complesso-anti-rilassamento-della-pelle-corpo-200ml\/","title":{"rendered":"Complesso anti-rilassamento della pelle, corpo - Nescens"},"content":{"rendered":"<p>La soluzione definitiva per il trattamento anti-invecchiamento del corpo. Un complesso di ringiovanimento globale delle strutture cutanee che previene e neutralizza il rilassamento dei tessuti e ne migliora l'elasticit\u00e0. Il complesso anti-rilassamento cutaneo unisce un'alta performance cosmeceutica al confort di una formulazione galenica fluida e avvolgente.<\/p>\n<h2>Vantaggi della cosmeceutica<\/h2>\n<ul>\n<li>Ripristina la tensione fisiologica dei tessuti e ne migliora la tonicit\u00e0.<\/li>\n<li>Aumenta i meccanismi di rigenerazione dei componenti della matrice extracellulare - collagene, elastina, glicosaminoglicani - di importanza cruciale per garantire una pelle soda ed elastica.<\/li>\n<li>Regola il processo di esfoliazione naturale e rimuove le rugosit\u00e0 epidermiche.<\/li>\n<li>Ristabilisce le riserve di acqua e di lipidi nello strato corneo, essenziali per la preservazione di una pelle morbida e confortevole.<\/li>\n<li>Previene e corregge i problemi di pigmentazione legati all'invecchiamento cronologico e fotoindotto per una pelle perfettamente uniforme.<\/li>\n<\/ul>\n<h2>Istruzioni d'uso<\/h2>\n<p class=\"translation-block\">Nell'ambito del programma cosmeceutico Nescens, applicare il complesso anti-rilassamento cutaneo al mattino e alla sera su tutta la superficie del corpo con movimenti leviganti verso l'alto.  Indicato nel trattamento delle condizioni della pelle del corpo affetta da rilassamento, atrofia, disidratazione, delipidizzazione e problemi di pigmentazione. Per le zone secche e desquamate (avambracci, cosce, gambe...), procedere con l'applicazione preliminare dell'<a href=\"https:\/\/3rings.eu\/it\/prodotto\/nescens-emulsione-rigenerante-pha-corpo-200ml\/\" target=\"_self\">emulsione PHA rigenerante<\/a>. Applicare il complesso anti-rilassamento cutaneo sulle zone rimanenti.<\/p>\n<p>Unisex. Testato clinicamente sotto controllo dermatologico.<\/p>\n<h2>Principali ingredienti attivi<\/h2>\n<ul>\n<li><strong>Niacinamide:<\/strong> Esercita un effetto stabilizzante sulla barriera epidermica. Migliora l'idratazione dello strato corneo. Accelera la differenziazione dei cheratinociti.<\/li>\n<li><strong>N-acetil glucosamina:<\/strong> sostiene l'adesione cellulare (lega le glicoproteine, che a loro volta legano tra loro i corneociti). Stimola l'espressione dei marcatori di differenziazione dei cheratinociti (cheratina, involucrina).<\/li>\n<li><strong>Taurina:<\/strong> protegge le cellule epidermiche dalla disidratazione in un ambiente secco.<\/li>\n<li><strong>Retinil palmitato (vitamina A):<\/strong> accelera la rigenerazione delle cellule epidermiche e normalizza la loro differenziazione.<\/li>\n<li><strong>Ascorbil tetraisopalmitato (vitamina C):<\/strong> stimola la produzione di collagene.<\/li>\n<li><strong>Tocoferil acetato (vitamina E):<\/strong> aumenta l'idratazione della pelle. Migliora la qualit\u00e0 della superficie della pelle. Ha un effetto fotoprotettivo e migliora l'efficienza dei fattori di protezione solare (SPF). Promuove l'attivit\u00e0 antiossidante.<\/li>\n<li><strong>Mannuronato di metilsilanolo:<\/strong> favorisce la rigenerazione della pelle. Ritarda la perdita di elasticit\u00e0 della pelle e i cambiamenti nella struttura del tessuto connettivo legati al processo di invecchiamento.<\/li>\n<li><strong>Glicerina:<\/strong> Ripristina l'organizzazione delle lamelle lipidiche intercellulari nello strato corneo e assicura un'idratazione ottimale dei diversi strati dell'epidermide.<\/li>\n<li><strong>Urea:<\/strong> aumenta l'attivit\u00e0 degli enzimi coinvolti nella sintesi dei lipidi epidermici.<\/li>\n<li><strong>Pantenolo:<\/strong> partecipa alla ricostituzione degli strati lipidici epidermici. Le sue propriet\u00e0 igroscopiche favoriscono l'idratazione.<\/li>\n<\/ul>\n<p>&nbsp;<\/p>","protected":false},"excerpt":{"rendered":"<p>Contribuisce a ripristinare la capacit\u00e0 dei tessuti cutanei di ricostruire i loro principali marcatori di giovinezza: elasticit\u00e0, tonicit\u00e0, elasticit\u00e0, comfort e luminosit\u00e0.<\/p>","protected":false},"featured_media":1168,"comment_status":"open","ping_status":"closed","template":"","meta":[],"product_brand":[],"product_cat":[88,73],"product_tag":[],"class_list":{"0":"post-1096","1":"product","2":"type-product","3":"status-publish","4":"has-post-thumbnail","6":"product_cat-correcting-care","7":"product_cat-cosmeceutic","9":"first","10":"instock","11":"taxable","12":"shipping-taxable","13":"purchasable","14":"product-type-simple"},"_links":{"self":[{"href":"https:\/\/3rings.eu\/it\/wp-json\/wp\/v2\/product\/1096","targetHints":{"allow":["GET"]}}],"collection":[{"href":"https:\/\/3rings.eu\/it\/wp-json\/wp\/v2\/product"}],"about":[{"href":"https:\/\/3rings.eu\/it\/wp-json\/wp\/v2\/types\/product"}],"replies":[{"embeddable":true,"href":"https:\/\/3rings.eu\/it\/wp-json\/wp\/v2\/comments?post=1096"}],"version-history":[{"count":0,"href":"https:\/\/3rings.eu\/it\/wp-json\/wp\/v2\/product\/1096\/revisions"}],"wp:featuredmedia":[{"embeddable":true,"href":"https:\/\/3rings.eu\/it\/wp-json\/wp\/v2\/media\/1168"}],"wp:attachment":[{"href":"https:\/\/3rings.eu\/it\/wp-json\/wp\/v2\/media?parent=1096"}],"wp:term":[{"taxonomy":"product_brand","embeddable":true,"href":"https:\/\/3rings.eu\/it\/wp-json\/wp\/v2\/product_brand?post=1096"},{"taxonomy":"product_cat","embeddable":true,"href":"https:\/\/3rings.eu\/it\/wp-json\/wp\/v2\/product_cat?post=1096"},{"taxonomy":"product_tag","embeddable":true,"href":"https:\/\/3rings.eu\/it\/wp-json\/wp\/v2\/product_tag?post=1096"}],"curies":[{"name":"wp","href":"https:\/\/api.w.org\/{rel}","templated":true}]}}