{"id":1097,"date":"2020-11-08T09:53:41","date_gmt":"2020-11-08T08:53:41","guid":{"rendered":"https:\/\/3rings.eu\/bio-identical-lipid-replenishing-50ml\/"},"modified":"2024-10-31T20:05:29","modified_gmt":"2024-10-31T19:05:29","slug":"nescens-crema-relipidante-bioidentica-viso-50ml","status":"publish","type":"product","link":"https:\/\/3rings.eu\/it\/prodotto\/nescens-crema-relipidante-bioidentica-viso-50ml\/","title":{"rendered":"Crema relipidante bioidentica, viso - Nescens"},"content":{"rendered":"<p>L'esclusiva formulazione della crema lipidica bio-identica Nescens aiuta a ridare consistenza, volume e comfort alle pelli pi\u00f9 secche. Questa preparazione estremamente ricca penetra idealmente negli strati superficiali dell'epidermide, svolgendo un'azione rigenerante. L'epitelio \u00e8 meglio protetto, pi\u00f9 resistente alle aggressioni esterne.<\/p>\n<h2>Vantaggi della cosmeceutica<\/h2>\n<p>Risolutamente innovativa, questa formulazione cosmeceutica Nescens agisce a due livelli per :<\/p>\n<ol>\n<li>compensare le carenze lipidiche presenti durante il processo di invecchiamento cutaneo, attraverso l'apporto esogeno di diverse classi di lipidi bioidentici (analoghi ai lipidi prodotti naturalmente nella pelle);<\/li>\n<li>riattivare simultaneamente la sintesi dei lipidi fisiologici danneggiati dall'avanzare dell'et\u00e0.<\/li>\n<\/ol>\n<p>Questo innovativo processo di ricostituzione dei lipidi induce:<\/p>\n<ul>\n<li>una reidratazione profonda e duratura dell'epidermide, fin dalle prime applicazioni;<\/li>\n<li>un miglioramento delle propriet\u00e0 meccaniche della pelle: elasticit\u00e0, robustezza e compattezza;<\/li>\n<li>una riduzione significativa delle micro-pieghe e delle linee sottili;<\/li>\n<li>una normalizzazione della desquamazione eccessiva, caratteristica della pelle secca;<\/li>\n<li>una attenuazione della rugosit\u00e0 della superficie.<\/li>\n<\/ul>\n<h2>Istruzioni d'uso<\/h2>\n<p>Applicare al mattino e alla sera su viso e collo, da solo o insieme agli altri prodotti per il trattamento correttivo Nescens.<\/p>\n<p class=\"translation-block\">La crema relipidante bio-identica \u00e8 consigliata per il trattamento a lungo termine dei disturbi costituzionali della pelle secca o come trattamento intensivo (12 settimane) per disturbi occasionali della pelle secca. Secondo il sistema cosmeceutico Nescens, utilizzare la crema relipidante bioidentica due volte al giorno, indipendentemente o in combinazione con altri <a href=\"https:\/\/3rings.eu\/it\/categoria-prodotto\/cosmeceutica\/trattamenti-correttivi\/\" target=\"_self\">prodotti correttivi Nescens<\/a>.<\/p>\n<p>Unisex. Testato clinicamente sotto controllo dermatologico.<\/p>\n<h2>Principali ingredienti attivi<\/h2>\n<ul>\n<li><strong>Ceramid AP, NP and EOP:<\/strong> Lipidi fondamentali necessari per il ripristino della barriera idrolipidica. Assicurano la coesione dello strato corneo della pelle.<\/li>\n<li><strong>Fitosfingosina:<\/strong> riduce l'attivit\u00e0 delle metalloproteasi della matrice e aumenta la produzione di proteine della matrice extracellulare. Stimola la differenziazione dei cheratinociti. Rafforza la coesione dei corneociti. Ha effetti anti-invecchiamento.<\/li>\n<li><strong>Colesterolo<\/strong> componente essenziale della barriera lipidica epidermica.<\/li>\n<li><strong>Acido palmitico:<\/strong> Regola l'acidificazione, l'integrit\u00e0 e la coesione dello strato corneo. Aumenta l'idratazione e l'elasticit\u00e0 della pelle.<\/li>\n<li><strong>Acido stearico:<\/strong> gioca un ruolo fondamentale nel mantenere la flessibilit\u00e0 della barriera lipidica nello strato corneo. Ha un effetto antinfiammatorio.<\/li>\n<li><strong>Niacinamide:<\/strong> Esercita un effetto stabilizzante sulla barriera epidermica. Migliora l'idratazione dello strato corneo. Accelera la differenziazione dei cheratinociti.<\/li>\n<li><strong>Glicerina:<\/strong> Ripristina l'organizzazione delle lamelle lipidiche intercellulari nello strato corneo. Assicura un'idratazione ottimale dei diversi strati dell'epidermide.<\/li>\n<li><strong>Urea:<\/strong> riduce l'iperproliferazione epidermica e induce la differenziazione dei cheratinociti. Aumenta gli enzimi epidermici che sintetizzano i lipidi.<\/li>\n<li><strong>Saccaride isomerato:<\/strong> fornisce un'idratazione altamente efficace e di lunga durata in condizioni di aria secca e bassa umidit\u00e0 relativa.<\/li>\n<\/ul>","protected":false},"excerpt":{"rendered":"<p>Riempita intensivamente di lipidi, la pelle recupera l'aspetto pieno, elastico e rimpolpato di una pelle pi\u00f9 giovane. La sua superficie appare pi\u00f9 liscia e setosa e il suo incarnato pi\u00f9 luminoso. Ripristina sostanza e volume, donando comfort anche alle pelli pi\u00f9 secche.<\/p>","protected":false},"featured_media":1166,"comment_status":"open","ping_status":"closed","template":"","meta":[],"product_brand":[],"product_cat":[88,73],"product_tag":[],"class_list":{"0":"post-1097","1":"product","2":"type-product","3":"status-publish","4":"has-post-thumbnail","6":"product_cat-correcting-care","7":"product_cat-cosmeceutic","9":"first","10":"instock","11":"taxable","12":"shipping-taxable","13":"purchasable","14":"product-type-simple"},"_links":{"self":[{"href":"https:\/\/3rings.eu\/it\/wp-json\/wp\/v2\/product\/1097","targetHints":{"allow":["GET"]}}],"collection":[{"href":"https:\/\/3rings.eu\/it\/wp-json\/wp\/v2\/product"}],"about":[{"href":"https:\/\/3rings.eu\/it\/wp-json\/wp\/v2\/types\/product"}],"replies":[{"embeddable":true,"href":"https:\/\/3rings.eu\/it\/wp-json\/wp\/v2\/comments?post=1097"}],"version-history":[{"count":0,"href":"https:\/\/3rings.eu\/it\/wp-json\/wp\/v2\/product\/1097\/revisions"}],"wp:featuredmedia":[{"embeddable":true,"href":"https:\/\/3rings.eu\/it\/wp-json\/wp\/v2\/media\/1166"}],"wp:attachment":[{"href":"https:\/\/3rings.eu\/it\/wp-json\/wp\/v2\/media?parent=1097"}],"wp:term":[{"taxonomy":"product_brand","embeddable":true,"href":"https:\/\/3rings.eu\/it\/wp-json\/wp\/v2\/product_brand?post=1097"},{"taxonomy":"product_cat","embeddable":true,"href":"https:\/\/3rings.eu\/it\/wp-json\/wp\/v2\/product_cat?post=1097"},{"taxonomy":"product_tag","embeddable":true,"href":"https:\/\/3rings.eu\/it\/wp-json\/wp\/v2\/product_tag?post=1097"}],"curies":[{"name":"wp","href":"https:\/\/api.w.org\/{rel}","templated":true}]}}