{"id":1099,"date":"2020-11-08T09:53:41","date_gmt":"2020-11-08T08:53:41","guid":{"rendered":"https:\/\/3rings.eu\/bio-identical-restoring-mask-100ml\/"},"modified":"2025-01-22T11:17:24","modified_gmt":"2025-01-22T10:17:24","slug":"nescens-maschera-ristrutturante-bioidentica-viso-100ml","status":"publish","type":"product","link":"https:\/\/3rings.eu\/it\/prodotto\/nescens-maschera-ristrutturante-bioidentica-viso-100ml\/","title":{"rendered":"Maschera ristrutturante bioidentica, viso - Nescens"},"content":{"rendered":"<p>Questo processo innovativo \u00e8 chiamato \"bio-identico\" perch\u00e9 nutre la pelle apportando lipidi bio-identici che sono simili ai lipidi sintetizzati naturalmente nell'epidermide e che si integrano perfettamente nelle strutture della pelle.<\/p>\n<h2>Vantaggi della cosmeceutica<\/h2>\n<p>Questa maschera rafforza profondamente la struttura della pelle e.:<\/p>\n<ul>\n<li>Contribuisce alla rigenerazione dello strato lipidico epidermico favorendo il consolidamento del cemento intercellulare e ripristinando la funzione protettiva della barriera cutanea.<\/li>\n<li>riduce la perdita d'acqua transepidermica limitandone l'evaporazione, assicurando un equilibrio idrolipidico ottimale, indispensabile per conservare una pelle dall'aspetto giovane.<\/li>\n<li>neutralizza l'iper-reattivit\u00e0 della pelle risultante dalle aggressioni termiche, fisiche e chimiche.<\/li>\n<\/ul>\n<h2>Istruzioni d'uso<\/h2>\n<p>Applicare due volte alla settimana o pi\u00f9 frequentemente, secondo i bisogni fisiologici della propria pelle.<\/p>\n<p>Applicare uno strato sottile di questo prodotto su viso e collo puliti in precedenza.<\/p>\n<p>Lasciare per 15 minuti e risciacquare con acqua calda.<\/p>\n<p>Unisex. Testato clinicamente sotto controllo dermatologico.<\/p>\n<h2>Principali ingredienti attivi<\/h2>\n<ul>\n<li><strong>Ceramidi AP, NP e EOP:<\/strong> Lipidi fondamentali necessari per il ripristino della barriera idrolipidica. Assicurano la coesione dello strato corneo della pelle.<\/li>\n<li><strong>Fitosfingosina:<\/strong> riduce l'attivit\u00e0 delle metalloproteasi della matrice e aumenta la produzione di proteine della matrice extracellulare. Stimola la differenziazione dei cheratinociti. Rafforza la coesione dei corneociti. Ha effetti anti-invecchiamento.<\/li>\n<li><strong>Colesterolo<\/strong> componente essenziale della barriera lipidica epidermica.<\/li>\n<li><strong>Acido palmitico:<\/strong> Regola l'acidificazione, l'integrit\u00e0 e la coesione dello strato corneo. Aumenta l'idratazione e l'elasticit\u00e0 della pelle.<\/li>\n<li><strong>Acido stearico:<\/strong> gioca un ruolo fondamentale nel mantenere la flessibilit\u00e0 della barriera lipidica nello strato corneo. Ha un effetto antinfiammatorio.<\/li>\n<li><strong>Niacinamide:<\/strong> Esercita un effetto stabilizzante sulla barriera epidermica. Migliora l'idratazione dello strato corneo. Accelera la differenziazione dei cheratinociti.<\/li>\n<li><strong>Saccaride isomerato:<\/strong> fornisce un'idratazione altamente efficace e di lunga durata in condizioni di aria secca e bassa umidit\u00e0 relativa.<\/li>\n<li><strong>Palmitoyl tetrapeptide-7+ Palmitoyl tetrapeptide-1:<\/strong> attiva il processo di riparazione della pelle. Attenua le rughe e migliora il tono e l'elasticit\u00e0 della pelle. Promuove la sintesi dei componenti della matrice extracellulare.<\/li>\n<li><strong>Glicerina:<\/strong> Ripristina l'organizzazione delle lamelle lipidiche intercellulari nello strato corneo. Assicura un'idratazione ottimale dei diversi strati dell'epidermide.<\/li>\n<li><strong>Urea:<\/strong> riduce l'iperproliferazione epidermica e induce la differenziazione dei cheratinociti. Aumenta gli enzimi epidermici che sintetizzano i lipidi.<\/li>\n<li><strong>Acido pirrolidone carbossilico<\/strong> Componente del Fattore Naturale di Idratazione (NMF), questa molecola altamente igroscopica agisce come un agente idratante molto efficace. Aiuta a normalizzare le strutture lamellari lipidiche nello strato corneo.<\/li>\n<li><strong>Estratto di Tamarindus indica:<\/strong> complesso polisaccaridico filmogeno, equivalente vegetale dell'acido ialuronico.<\/li>\n<li><strong>Miscela di aminoacidi:<\/strong> contiene 10 aminoacidi con elevate propriet\u00e0 di ritenzione dell'umidit\u00e0 (arginina, glicina, alanina, serina, valina, isoleucina, prolina, treonina, istidina, fenilalanina), che partecipano alla costituzione dell'NMF.<\/li>\n<li><strong>Olio di mandorle dolci:<\/strong> ha un effetto lenitivo e rende la pelle morbida e liscia. Migliora la carnagione e il tono della pelle. Ammorbidisce e ringiovanisce la pelle. Riduce le cicatrici ipertrofiche post-operatorie.<\/li>\n<li><strong>Burro di karit\u00e9:<\/strong> si assorbe rapidamente nella pelle, agisce come agente relipidante e ha eccellenti propriet\u00e0 di legare l'acqua. I composti fenolici identificati nel burro di karit\u00e8 hanno propriet\u00e0 antiossidanti e alcuni dei suoi costituenti hanno propriet\u00e0 antinfiammatorie, emollienti e idratanti.<\/li>\n<li><strong>Ascorbil palmitato (vitamina C):<\/strong> stimola la produzione di collagene.<\/li>\n<li><strong>Tocoferolo (vitamina E):<\/strong> potente antiossidante e fotoprotettivo, previene la perossidazione dei lipidi della pelle.<\/li>\n<\/ul>","protected":false},"excerpt":{"rendered":"<p>Rilascia principi attivi essenziali per la relipidazione e il ripristino della pelle, alla quale dona idratazione, compattezza e resistenza. Profondamente restaurata, la pelle ritrova morbidezza e comfort. I tratti sono levigati e riposati. La carnagione \u00e8 radiosa.<\/p>","protected":false},"featured_media":1154,"comment_status":"open","ping_status":"closed","template":"","meta":[],"product_brand":[],"product_cat":[86,73],"product_tag":[],"class_list":{"0":"post-1099","1":"product","2":"type-product","3":"status-publish","4":"has-post-thumbnail","6":"product_cat-mask","7":"product_cat-cosmeceutic","9":"first","10":"instock","11":"taxable","12":"shipping-taxable","13":"purchasable","14":"product-type-simple"},"_links":{"self":[{"href":"https:\/\/3rings.eu\/it\/wp-json\/wp\/v2\/product\/1099","targetHints":{"allow":["GET"]}}],"collection":[{"href":"https:\/\/3rings.eu\/it\/wp-json\/wp\/v2\/product"}],"about":[{"href":"https:\/\/3rings.eu\/it\/wp-json\/wp\/v2\/types\/product"}],"replies":[{"embeddable":true,"href":"https:\/\/3rings.eu\/it\/wp-json\/wp\/v2\/comments?post=1099"}],"version-history":[{"count":0,"href":"https:\/\/3rings.eu\/it\/wp-json\/wp\/v2\/product\/1099\/revisions"}],"wp:featuredmedia":[{"embeddable":true,"href":"https:\/\/3rings.eu\/it\/wp-json\/wp\/v2\/media\/1154"}],"wp:attachment":[{"href":"https:\/\/3rings.eu\/it\/wp-json\/wp\/v2\/media?parent=1099"}],"wp:term":[{"taxonomy":"product_brand","embeddable":true,"href":"https:\/\/3rings.eu\/it\/wp-json\/wp\/v2\/product_brand?post=1099"},{"taxonomy":"product_cat","embeddable":true,"href":"https:\/\/3rings.eu\/it\/wp-json\/wp\/v2\/product_cat?post=1099"},{"taxonomy":"product_tag","embeddable":true,"href":"https:\/\/3rings.eu\/it\/wp-json\/wp\/v2\/product_tag?post=1099"}],"curies":[{"name":"wp","href":"https:\/\/api.w.org\/{rel}","templated":true}]}}