{"id":1105,"date":"2020-11-08T09:53:41","date_gmt":"2020-11-08T08:53:41","guid":{"rendered":"https:\/\/3rings.eu\/keratolytic-complex-15ml\/"},"modified":"2025-01-21T00:23:48","modified_gmt":"2025-01-20T23:23:48","slug":"nescens-complesso-cheratolitico-viso-15ml","status":"publish","type":"product","link":"https:\/\/3rings.eu\/it\/prodotto\/nescens-complesso-cheratolitico-viso-15ml\/","title":{"rendered":"Complesso cheratolitico, viso - Nescens"},"content":{"rendered":"<p>La tecnica di resurfacing di Nescens \u00e8 consigliata per agire sulla comparsa di inestetismi nel profilo della pelle. Combina un acido poliidrossilico con un agente esfoliante intensivo. Il loro effetto sinergico favorisce la desquamazione superficiale della pelle per affinare lo strato di copertura.<\/p>\n<h2>Vantaggi della cosmeceutica<\/h2>\n<ul>\n<li>Offre un potente rinnovamento dei tessuti cutanei e un'azione levigante.<\/li>\n<li>Aumenta la proliferazione cellulare e la biosintesi dei componenti molecolari, migliorando le propriet\u00e0 meccaniche dei problemi con cui si confronta (elasticit\u00e0, compattezza, tonicit\u00e0).<\/li>\n<li>Migliora le propriet\u00e0 della barriera cutanea e aumenta la resistenza della pelle alle aggressioni ambientali.<\/li>\n<li>Contrasta gli effetti del foto-invecchiamento grazie alle sue propriet\u00e0 antiossidanti, chelanti e depigmentanti.<\/li>\n<\/ul>\n<h2>Istruzioni d'uso<\/h2>\n<p>Il peeling chimico, consigliato una o due volte alla settimana, preferibilmente di notte. La frequenza d'uso di questo cosmeceutico \u00e8 determinata dalla condizione della pelle:<\/p>\n<ul>\n<li>se la pelle \u00e8 fine e delicata e\/i ha segni visibili di invecchiamento prematuro: un'unica applicazione alla settimana;<\/li>\n<li>se la pelle \u00e8 spessa e\/o ha segni visibili di invecchiamento avanzati: 2 applicazioni a settimana.<\/li>\n<\/ul>\n<p class=\"translation-block\">Applicare il complesso cheratolitico dopo l'applicazione del  <a href=\"https:\/\/3rings.eu\/it\/prodotto\/nescens-gel-detergente-viso-130ml\/\" target=\"_self\">gel detergente<\/a> preferibilmente su viso e collo, evitando ogni contatto con gli occhi. Lasciare il cosmeceutico in posa per 5 minuti. Rimuovere il prodotto con un panno umido. Asciugare bene.<\/p>\n<p>Unisex. Testato clinicamente sotto controllo dermatologico.<\/p>\n<p>Non usare prima dell'esposizione al sole o, nel caso degli uomini, dopo la rasatura.<\/p>\n<h2>Principali ingredienti attivi<\/h2>\n<ul>\n<li><strong>Acido lattobionico:<\/strong> Fornisce un'esfoliazione molto efficace, ma delicata. Stimola il rinnovamento dei cheratinociti e favorisce la coesione dello strato epidermico. Trattiene le molecole d'acqua nello strato corneo della pelle.<\/li>\n<li><strong>Acido salicilico:<\/strong> Esfolia delicatamente lo strato corneo mentre idrata la pelle.<\/li>\n<li><strong>Acido fitico:<\/strong> Previene la distrofia cutanea legata all'invecchiamento e minimizza l'accumulo di calcio nella pelle matura. Garantisce un livello di idratazione ottimale.<\/li>\n<\/ul>","protected":false},"excerpt":{"rendered":"<p>Lascia la pelle rimodellata e visibilmente levigata, come se fosse stata nuovamente trattata. La rugosit\u00e0 della pelle appare diminuita, mentre l'aspetto dei pori \u00e8 attenuato. Un incarnato pi\u00f9 uniforme. L'aspetto giovanile dei tratti del viso \u00e8 ripristinato.<\/p>","protected":false},"featured_media":1150,"comment_status":"open","ping_status":"closed","template":"","meta":[],"product_brand":[],"product_cat":[85,73],"product_tag":[],"class_list":{"0":"post-1105","1":"product","2":"type-product","3":"status-publish","4":"has-post-thumbnail","6":"product_cat-exfoliator","7":"product_cat-cosmeceutic","9":"first","10":"instock","11":"taxable","12":"shipping-taxable","13":"purchasable","14":"product-type-simple"},"_links":{"self":[{"href":"https:\/\/3rings.eu\/it\/wp-json\/wp\/v2\/product\/1105","targetHints":{"allow":["GET"]}}],"collection":[{"href":"https:\/\/3rings.eu\/it\/wp-json\/wp\/v2\/product"}],"about":[{"href":"https:\/\/3rings.eu\/it\/wp-json\/wp\/v2\/types\/product"}],"replies":[{"embeddable":true,"href":"https:\/\/3rings.eu\/it\/wp-json\/wp\/v2\/comments?post=1105"}],"version-history":[{"count":0,"href":"https:\/\/3rings.eu\/it\/wp-json\/wp\/v2\/product\/1105\/revisions"}],"wp:featuredmedia":[{"embeddable":true,"href":"https:\/\/3rings.eu\/it\/wp-json\/wp\/v2\/media\/1150"}],"wp:attachment":[{"href":"https:\/\/3rings.eu\/it\/wp-json\/wp\/v2\/media?parent=1105"}],"wp:term":[{"taxonomy":"product_brand","embeddable":true,"href":"https:\/\/3rings.eu\/it\/wp-json\/wp\/v2\/product_brand?post=1105"},{"taxonomy":"product_cat","embeddable":true,"href":"https:\/\/3rings.eu\/it\/wp-json\/wp\/v2\/product_cat?post=1105"},{"taxonomy":"product_tag","embeddable":true,"href":"https:\/\/3rings.eu\/it\/wp-json\/wp\/v2\/product_tag?post=1105"}],"curies":[{"name":"wp","href":"https:\/\/api.w.org\/{rel}","templated":true}]}}