{"id":1106,"date":"2020-11-08T09:53:41","date_gmt":"2020-11-08T08:53:41","guid":{"rendered":"https:\/\/3rings.eu\/metabolic-activator-toner-150ml\/"},"modified":"2023-01-05T08:29:36","modified_gmt":"2023-01-05T07:29:36","slug":"nescens-tonico-attivatore-del-metabolismo-viso-150ml","status":"publish","type":"product","link":"https:\/\/3rings.eu\/it\/prodotto\/nescens-tonico-attivatore-del-metabolismo-viso-150ml\/","title":{"rendered":"Tonico attivatore del metabolismo, viso - Nescens"},"content":{"rendered":"<p>Trattiene le molecole d'acqua nello strato corneo e calma le eventuali irritazioni. Favorisce l'esfoliazione naturale dell'epidermide e mantiene l'idratazione, rivelando il colorito fresco e radioso di una pelle giovane.<\/p>\n<h2>Vantaggi della cosmeceutica<\/h2>\n<ul>\n<li>Stimola le funzioni metaboliche delle cellule.<\/li>\n<li>Stimola l'esfoliazione naturale dell'epidermide.<\/li>\n<li>Migliora la penetrazione delle sostanze attive.<\/li>\n<li>Trattiene le molecole d'acqua nello strato corneo.<\/li>\n<li>Ripristina la naturale funzione di barriera idrolipidica e il pH cutaneo.<\/li>\n<li>Calma le possibili irritazioni.<\/li>\n<li>Elimina le ultime tracce di residui della fase di pulizia e neutralizza i depositi lasciati dall'acqua dura.<\/li>\n<\/ul>\n<h2>Istruzioni d'uso<\/h2>\n<p class=\"translation-block\">Secondo il sistema cosmeceutico Nescens, utilizzare il tonico attivatore del metabolismo due volte al giorno prima di applicare i <a href=\"https:\/\/3rings.eu\/it\/categoria-prodotto\/cosmeceutica-2\/trattamenti-correttivi\/\" target=\"_self\">trattamenti correttivi Nescens<\/a> per ottimizzarne l'assorbimento e potenziarne i benefici, oppure utilizzarlo da solo per tonificare la pelle e chiudere i pori.<\/p>\n<p>Spruzzare il tonico attivatore del metabolismo nel palmo della mano, quindi applicare su viso e collo perfettamente puliti e asciutti.<\/p>\n<p>Massaggiare i tessuti cutanei con movimenti rilassanti per favorire l'assorbimento del prodotto.<\/p>\n<p>Unisex. Testato clinicamente sotto controllo dermatologico.<\/p>\n<h2>Principali ingredienti attivi<\/h2>\n<ul>\n<li><strong>Acido lattobionico:<\/strong> Fornisce un'esfoliazione molto efficace, ma delicata. Stimola il rinnovamento dei cheratinociti e favorisce la coesione dello strato epidermico.<\/li>\n<li><strong>Acido salicilico:<\/strong> promuove un'esfoliazione superficiale e non aggressiva della pelle, mentre la idrata.<\/li>\n<li><strong>Niacinamide:<\/strong> Svolge un effetto stabilizzante sulla barriera epidermica. Aumenta la sintesi di ceramide. Migliora il contenuto di umidit\u00e0 dello strato corneo. Aumenta la vascolarizzazione delle papille dermiche.<\/li>\n<li><strong>Taurina:<\/strong> protegge le cellule epidermiche dalla disidratazione in un ambiente secco.<\/li>\n<li><strong>Saccaride isomerato:<\/strong> fornisce un'idratazione altamente efficace e di lunga durata.<\/li>\n<li><strong>Glicerina:<\/strong> Ripristina l'organizzazione delle lamelle lipidiche intercellulari nello strato corneo. Assicura un'idratazione ottimale dei diversi strati dell'epidermide.<\/li>\n<li><strong>Urea:<\/strong> aumenta l'attivit\u00e0 degli enzimi fondamentali necessari per la sintesi dei lipidi nell'epidermide.<\/li>\n<li><strong>Pantenolo:<\/strong> Elemento fondamentale nella produzione di energia aerobica nei cheratinociti. Partecipa alla ricostituzione degli strati lipidici epidermici. Le sue propriet\u00e0 igroscopiche favoriscono l'idratazione.<\/li>\n<li><strong>Estratto di Fomes officinalis (fungo):<\/strong> Garantisce un effetto astringente che ha come risultato un aspetto della pelle pi\u00f9 teso, tonico e rinvigorito.<\/li>\n<\/ul>","protected":false},"excerpt":{"rendered":"<p>Stimola la funzione cellulare e tonifica i tessuti della pelle. I pori risultano pi\u00f9 chiusi e la struttura della pelle pi\u00f9 raffinata, con una superficie dall'aspetto pi\u00f9 liscio.<\/p>","protected":false},"featured_media":1274,"comment_status":"open","ping_status":"closed","template":"","meta":[],"product_brand":[],"product_cat":[87],"product_tag":[],"class_list":{"0":"post-1106","1":"product","2":"type-product","3":"status-publish","4":"has-post-thumbnail","6":"product_cat-priming-care","8":"first","9":"instock","10":"taxable","11":"shipping-taxable","12":"purchasable","13":"product-type-simple"},"_links":{"self":[{"href":"https:\/\/3rings.eu\/it\/wp-json\/wp\/v2\/product\/1106","targetHints":{"allow":["GET"]}}],"collection":[{"href":"https:\/\/3rings.eu\/it\/wp-json\/wp\/v2\/product"}],"about":[{"href":"https:\/\/3rings.eu\/it\/wp-json\/wp\/v2\/types\/product"}],"replies":[{"embeddable":true,"href":"https:\/\/3rings.eu\/it\/wp-json\/wp\/v2\/comments?post=1106"}],"version-history":[{"count":0,"href":"https:\/\/3rings.eu\/it\/wp-json\/wp\/v2\/product\/1106\/revisions"}],"wp:featuredmedia":[{"embeddable":true,"href":"https:\/\/3rings.eu\/it\/wp-json\/wp\/v2\/media\/1274"}],"wp:attachment":[{"href":"https:\/\/3rings.eu\/it\/wp-json\/wp\/v2\/media?parent=1106"}],"wp:term":[{"taxonomy":"product_brand","embeddable":true,"href":"https:\/\/3rings.eu\/it\/wp-json\/wp\/v2\/product_brand?post=1106"},{"taxonomy":"product_cat","embeddable":true,"href":"https:\/\/3rings.eu\/it\/wp-json\/wp\/v2\/product_cat?post=1106"},{"taxonomy":"product_tag","embeddable":true,"href":"https:\/\/3rings.eu\/it\/wp-json\/wp\/v2\/product_tag?post=1106"}],"curies":[{"name":"wp","href":"https:\/\/api.w.org\/{rel}","templated":true}]}}