{"id":1107,"date":"2020-11-08T09:53:42","date_gmt":"2020-11-08T08:53:42","guid":{"rendered":"https:\/\/3rings.eu\/molecular-regeneration-emulsion-day-30ml\/"},"modified":"2023-10-29T13:46:21","modified_gmt":"2023-10-29T12:46:21","slug":"nescens-emulsione-giorno-rigenerazione-molecolare-viso-30ml","status":"publish","type":"product","link":"https:\/\/3rings.eu\/it\/prodotto\/nescens-emulsione-giorno-rigenerazione-molecolare-viso-30ml\/","title":{"rendered":"Emulsione giorno rigenerazione molecolare, viso - Nescens"},"content":{"rendered":"<p>L'emulsione di rigenerazione molecolare Nescens, un concentrato di principi attivi appositamente selezionati per i loro effetti sinergici, serve a neutralizzare i meccanismi di danno molecolare legati all'invecchiamento naturale e fotoindotto e a favorire il rinnovamento delle macromolecole della matrice extracellulare.<\/p>\n<h2>Vantaggi della cosmeceutica<\/h2>\n<ul>\n<li>Contribuisce a neutralizzare i processi di glicazione e di ossidazione per ripristinare la funzione ottimale delle cellule e impedire l'indurimento delle fibre di collagene ed elastina.<\/li>\n<li>Riduce l'attivit\u00e0 delle metalloproteasi - enzimi coinvolti nella scomposizione e frammentazione delle proteine strutturali - per impedire la formazione di fratture nell'architettura di sostegno dei tessuti, origine delle rughe.<\/li>\n<li>Aumenta la resistenza della pelle ai raggi UV, limitando il processo di fotoinvecchiamento.<\/li>\n<li>Partecipa al rinnovamento delle macromolecole della matrice extracellulare, facilitando la compattezza e la densit\u00e0 dei tessuti.<\/li>\n<li>Contribuisce a limitare l'infiammazione dei tessuti causata da aggressioni esogene ed endogene.<\/li>\n<li>Fornisce un'idratazione intensa e duratura grazie alla presenza di agenti idratanti ad effetto graduale.<\/li>\n<li>Nutre la pelle fornendole lipidi bio-identici (simili ai lipidi sintetizzati naturalmente nell'epidermide).<\/li>\n<\/ul>\n<h2>Istruzioni d'uso<\/h2>\n<p class=\"translation-block\">Utilizzare l'emulsione di rigenerazione molecolare ogni mattina dopo l'applicazione <a href=\"https:\/\/3rings.eu\/it\/categoria-prodotto\/cosmeceutica-2\/trattamenti-preparatori\/\" target=\"_self\">prodotti di trattamento di base<\/a> e il <a href=\"https:\/\/3rings.eu\/it\/categoria-prodotto\/cosmeceutica-2\/sieri\/\" target=\"_self\">siero Nescens<\/a> adeguato. Questa formulazione \u00e8 molto efficace se usata insieme all'<a href=\"https:\/\/3rings.eu\/it\/prodotto\/nescens-emulsione-rinnovamento-cellulare-notte-viso-30ml\/\" target=\"_self\">emulsione di rinnovamento cellulare<\/a> (trattamento correttivo notturno).<\/p>\n<p>Applicare la sera su viso e collo con movimenti leviganti, evitando il contorno occhi. Terminare con leggeri picchiettamenti per favorire la penetrazione del cosmeceutico.<\/p>\n<p>Unisex. Testato clinicamente sotto controllo dermatologico.<\/p>\n<h2>Principali ingredienti attivi<\/h2>\n<ul>\n<li><strong>Niacinamide:<\/strong> stimola la produzione di collagene e previene la sua degradazione. Attenua le macchie di pigmentazione. Garantisce un effetto fotoprotettivo.<\/li>\n<li><strong>Ascorbil tetraisopalmitato (forma stabilizzata di vitamina C), Tocoferolo e Tocoferil acetato (vitamine E):<\/strong> potenti antiossidanti e fotoprotettori. Contribuiscono a prevenire i danni cellulari e molecolari (perossidazione dei lipidi della pelle) causati dai radicali liberi dell'ossigeno. Migliorano la luminosit\u00e0 della pelle e la tonicit\u00e0 dei tessuti.<\/li>\n<li><strong>Decarbossi-carnosina HCL<\/strong> ferma il processo di glicazione. Un importante antiossidante. Un dipeptide sintetico estremamente stabile e non soggetto a degradazione.<\/li>\n<li><strong>Urea:<\/strong> aumenta l'attivit\u00e0 degli enzimi coinvolti nella sintesi dei lipidi epidermici.<\/li>\n<li><strong>Glicerina:<\/strong> Ripristina l'organizzazione delle lamelle lipidiche intercellulari nello strato corneo e assicura un'idratazione ottimale dei diversi strati dell'epidermide.<\/li>\n<li><strong>Taurina:<\/strong> protegge le cellule epidermiche dalla disidratazione in un ambiente secco.<\/li>\n<li><strong>Saccaride isomerato:<\/strong> Fornisce un'idratazione intensa e duratura<\/li>\n<li><strong>Pantenolo:<\/strong> Elemento fondamentale nella produzione di energia aerobica nei cheratinociti. Partecipa alla ricostituzione degli strati lipidici epidermici. Le sue propriet\u00e0 igroscopiche favoriscono l'idratazione.<\/li>\n<li><strong>Ceramidi AP, NP e EOP:<\/strong> Lipidi fondamentali necessari per il ripristino della barriera idrolipidica. Assicurano la coesione dello strato corneo della pelle.<\/li>\n<li><strong>Fitosfingosina:<\/strong> riduce l'attivit\u00e0 delle metalloproteasi della matrice e aumenta la produzione di proteine della matrice extracellulare. Stimola la differenziazione dei cheratinociti. Rafforza la coesione dei corneociti. Ha effetti anti-invecchiamento.<\/li>\n<li><strong>Colesterolo<\/strong> componente essenziale della barriera lipidica epidermica.<\/li>\n<li><strong>Burro di karit\u00e9:<\/strong> Contribuisce a ritardare il processo di invecchiamento della pelle. Ha propriet\u00e0 ammorbidenti, idratanti e ristrutturanti.<\/li>\n<li><strong>N-acetilglucosamina:<\/strong> sostiene l'adesione cellulare (lega le glicoproteine, che a loro volta legano tra loro i corneociti). Stimola l'espressione dei marcatori di differenziazione dei cheratinociti (cheratina, involucrina).<\/li>\n<li><strong>Mannuronato di metilsilanolo:<\/strong> favorisce la rigenerazione della pelle. Ritarda la perdita di elasticit\u00e0 della pelle e i cambiamenti nella struttura del tessuto connettivo legati al processo di invecchiamento.<\/li>\n<li><strong>Estratto di foglie di camelia sinensis:<\/strong> Il t\u00e8 bianco ha propriet\u00e0 antiossidanti e antiradicali ancora pi\u00f9 potenti del t\u00e8 verde. Avendo un effetto antiossidante e inibitore dei radicali liberi, svolge un'azione protettiva particolarmente forte sulla pelle.<\/li>\n<li><strong>Estratto di Silybum marianum (fitosoma di fosfolipidi di soia contenente silibinina):<\/strong> Inibisce la perossidazione lipidica e contribuisce alla riparazione del DNA. Massimizza la sintesi intracellulare di glutatione. Ha un effetto antinfiammatorio e immunoregolatore.<\/li>\n<li><strong>Estratto di foglie di Cynara scolymus (carciofo):<\/strong> normalizza la crescita dei cheratinociti nell'epidermide, stimola la sintesi del collagene nel derma e lo protegge dai danni.<\/li>\n<li><strong>Estratto di bulbo di Crocus chrysanthus:<\/strong> favorisce la comunicazione intercellulare. Aumenta la produzione di fattori di crescita dei cheratinociti (TGF \u03b2-like), che stimolano la sintesi di collagene ed elastina da parte dei fibroblasti.<\/li>\n<\/ul>","protected":false},"excerpt":{"rendered":"<p>Ripristina la capacit\u00e0 dei tessuti cutanei di ricostituire i loro principali marcatori di giovinezza: elasticit\u00e0, densit\u00e0 e compattezza. Le rughe sono meno visibili e la superficie della pelle ha un aspetto pi\u00f9 liscio. L'incarnato appare pi\u00f9 radioso.<\/p>","protected":false},"featured_media":1146,"comment_status":"open","ping_status":"closed","template":"","meta":[],"product_brand":[],"product_cat":[88,73],"product_tag":[],"class_list":{"0":"post-1107","1":"product","2":"type-product","3":"status-publish","4":"has-post-thumbnail","6":"product_cat-correcting-care","7":"product_cat-cosmeceutic","9":"first","10":"instock","11":"taxable","12":"shipping-taxable","13":"purchasable","14":"product-type-simple"},"_links":{"self":[{"href":"https:\/\/3rings.eu\/it\/wp-json\/wp\/v2\/product\/1107","targetHints":{"allow":["GET"]}}],"collection":[{"href":"https:\/\/3rings.eu\/it\/wp-json\/wp\/v2\/product"}],"about":[{"href":"https:\/\/3rings.eu\/it\/wp-json\/wp\/v2\/types\/product"}],"replies":[{"embeddable":true,"href":"https:\/\/3rings.eu\/it\/wp-json\/wp\/v2\/comments?post=1107"}],"version-history":[{"count":0,"href":"https:\/\/3rings.eu\/it\/wp-json\/wp\/v2\/product\/1107\/revisions"}],"wp:featuredmedia":[{"embeddable":true,"href":"https:\/\/3rings.eu\/it\/wp-json\/wp\/v2\/media\/1146"}],"wp:attachment":[{"href":"https:\/\/3rings.eu\/it\/wp-json\/wp\/v2\/media?parent=1107"}],"wp:term":[{"taxonomy":"product_brand","embeddable":true,"href":"https:\/\/3rings.eu\/it\/wp-json\/wp\/v2\/product_brand?post=1107"},{"taxonomy":"product_cat","embeddable":true,"href":"https:\/\/3rings.eu\/it\/wp-json\/wp\/v2\/product_cat?post=1107"},{"taxonomy":"product_tag","embeddable":true,"href":"https:\/\/3rings.eu\/it\/wp-json\/wp\/v2\/product_tag?post=1107"}],"curies":[{"name":"wp","href":"https:\/\/api.w.org\/{rel}","templated":true}]}}