{"id":1108,"date":"2020-11-08T09:53:42","date_gmt":"2020-11-08T08:53:42","guid":{"rendered":"https:\/\/3rings.eu\/pha-resurfacing-emulsion-200ml\/"},"modified":"2024-10-22T14:59:37","modified_gmt":"2024-10-22T12:59:37","slug":"nescens-emulsione-rigenerante-pha-corpo-200ml","status":"publish","type":"product","link":"https:\/\/3rings.eu\/it\/prodotto\/nescens-emulsione-rigenerante-pha-corpo-200ml\/","title":{"rendered":"Emulsione Rigenerante PHA corpo - Nescens"},"content":{"rendered":"<p>Nescens Emulsione Riigenerante PHA contribuisce a ridurre la comparsa di un'eccessiva desquamazione nei casi in cui la pelle secca \u00e8 associata al processo di invecchiamento. Basata su una strategia innovativa di acidificazione acuta ed esfoliazione dello strato corneo, contribuisce alla rimozione della desquamazione esistente e ne previene la ricomparsa.<\/p>\n<h2>Vantaggi della cosmeceutica<\/h2>\n<ul>\n<li>Ripristina l'integrit\u00e0 del cemento intercellulare, migliorando le propriet\u00e0 meccaniche e fisiche dell'epidermide..<\/li>\n<li>Contrasta il fenomeno dell'eccessiva desquamazione in condizioni di pelle secca, mediante una doppia azione: acidificazione acuta (formulazione a pH acido) ed esfoliazione intensa dello strato corneo.<\/li>\n<li>Ripristina la funzione di barriera della pelle e aumenta la sua resistenza alle aggressioni ambientali.<\/li>\n<li>Favorisce il legame d'acqua negli strati superiori dell'epidermide e aumenta l'attivit\u00e0 dei suoi fattori idratanti naturali.<\/li>\n<\/ul>\n<h2>Istruzioni d'uso<\/h2>\n<p>Secondo il sistema cosmeceutico Nescens, si consiglia di applicare l'Emulsione rigenerante PHA mattina e sera, mirando alle zone secche e desquamate della pelle (avambracci, cosce, gambe...), con movimenti leviganti verso l'alto.<\/p>\n<p>Unisex. Testato clinicamente sotto controllo dermatologico.<\/p>\n<h2>Principali ingredienti attivi<\/h2>\n<ul>\n<li><strong>Acido lattobionico:<\/strong> Fornisce un'esfoliazione molto efficace, ma delicata. Stimola il rinnovamento dei cheratinociti e favorisce la coesione dello strato epidermico. Trattiene le molecole d'acqua nello strato corneo della pelle.<\/li>\n<li><strong>Niacinamide:<\/strong> Esercita un effetto stabilizzante sulla barriera epidermica. Migliora l'idratazione dello strato corneo. Accelera la differenziazione dei cheratinociti.<\/li>\n<li><strong>N-acetil glucosamina:<\/strong> sostiene l'adesione cellulare (lega le glicoproteine, che a loro volta legano tra loro i corneociti). Stimola l'espressione dei marcatori di differenziazione dei cheratinociti (cheratina, involucrina).<\/li>\n<li><strong>Glicerina:<\/strong> Ripristina l'organizzazione delle lamelle lipidiche intercellulari nello strato corneo. Assicura un'idratazione ottimale dei diversi strati dell'epidermide.<\/li>\n<li><strong>Urea:<\/strong> aumenta l'attivit\u00e0 degli enzimi fondamentali necessari per la sintesi dei lipidi nell'epidermide.<\/li>\n<li><strong>Pantenolo:<\/strong> partecipa alla ricostruzione degli stradi lipidici epidermici. Le sue propriet\u00e0 igroscopiche favoriscono l'idratazione<\/li>\n<\/ul>","protected":false},"excerpt":{"rendered":"<p>Dopo solo poche applicazioni, l'aspetto ruvido della pelle \u00e8 diminuito. La pelle riacquista le caratteristiche di un viso pi\u00f9 giovane, un aspetto vellutato e una sensazione di morbidezza ed elasticit\u00e0.<\/p>","protected":false},"featured_media":1144,"comment_status":"open","ping_status":"closed","template":"","meta":[],"product_brand":[],"product_cat":[88,73],"product_tag":[],"class_list":{"0":"post-1108","1":"product","2":"type-product","3":"status-publish","4":"has-post-thumbnail","6":"product_cat-correcting-care","7":"product_cat-cosmeceutic","9":"first","10":"instock","11":"taxable","12":"shipping-taxable","13":"purchasable","14":"product-type-simple"},"_links":{"self":[{"href":"https:\/\/3rings.eu\/it\/wp-json\/wp\/v2\/product\/1108","targetHints":{"allow":["GET"]}}],"collection":[{"href":"https:\/\/3rings.eu\/it\/wp-json\/wp\/v2\/product"}],"about":[{"href":"https:\/\/3rings.eu\/it\/wp-json\/wp\/v2\/types\/product"}],"replies":[{"embeddable":true,"href":"https:\/\/3rings.eu\/it\/wp-json\/wp\/v2\/comments?post=1108"}],"version-history":[{"count":0,"href":"https:\/\/3rings.eu\/it\/wp-json\/wp\/v2\/product\/1108\/revisions"}],"wp:featuredmedia":[{"embeddable":true,"href":"https:\/\/3rings.eu\/it\/wp-json\/wp\/v2\/media\/1144"}],"wp:attachment":[{"href":"https:\/\/3rings.eu\/it\/wp-json\/wp\/v2\/media?parent=1108"}],"wp:term":[{"taxonomy":"product_brand","embeddable":true,"href":"https:\/\/3rings.eu\/it\/wp-json\/wp\/v2\/product_brand?post=1108"},{"taxonomy":"product_cat","embeddable":true,"href":"https:\/\/3rings.eu\/it\/wp-json\/wp\/v2\/product_cat?post=1108"},{"taxonomy":"product_tag","embeddable":true,"href":"https:\/\/3rings.eu\/it\/wp-json\/wp\/v2\/product_tag?post=1108"}],"curies":[{"name":"wp","href":"https:\/\/api.w.org\/{rel}","templated":true}]}}