{"id":1109,"date":"2020-11-08T09:53:42","date_gmt":"2020-11-08T08:53:42","guid":{"rendered":"https:\/\/3rings.eu\/renewing-gel-mask-eye-contour-30ml\/"},"modified":"2025-02-11T04:02:33","modified_gmt":"2025-02-11T03:02:33","slug":"nescens-maschera-gel-ristrutturante-contorno-occhi-30ml","status":"publish","type":"product","link":"https:\/\/3rings.eu\/it\/prodotto\/nescens-maschera-gel-ristrutturante-contorno-occhi-30ml\/","title":{"rendered":"Maschera gel ristrutturante, contorno occhi - Nescens"},"content":{"rendered":"<p>I segni della stanchezza e dell'invecchiamento precoce si riducono. Gli occhi si illuminano di una vitalit\u00e0 nuova.<\/p>\n<h2>Vantaggi della cosmeceutica<\/h2>\n<ul>\n<li>Anti-occhiaie: schiarisce le aree scure attivando la microcircolazione.<\/li>\n<li>Anti-borse: riassorbe i grassi accumulati sotto le palpebre inferiori e riattiva il sistema linfatico. Decongestiona e rinfresca.<\/li>\n<li>Antirughe: fornisce acqua all'epidermide. Attiva i meccanismi di rigenerazione cellulare. Contribuisce al riempimento delle micro-rughe.<\/li>\n<\/ul>\n<h2>Istruzioni d'uso<\/h2>\n<p>Applicare 2-3 volte alla settimana.<\/p>\n<p>Come parte del programma cosmeceutico Nescens per la cura della pelle, applicare la maschera gel rinnovatrice su una zona del contorno occhi perfettamente detersa e asciutta.<\/p>\n<p>Applicare generosamente su tutta la superficie periorbitale (palpebre superiori e inferiori, cos\u00ec come sulle rughe di espressione).<\/p>\n<p>Lasciare per 10 minuti e risciacquare con acqua tiepida o semplicemente rimuovere il prodotto in eccesso.<\/p>\n<p class=\"translation-block\">Proceed with the application of day or night <a href=\"https:\/\/3rings.eu\/it\/categoria-prodotto\/cosmeceutica-2\/trattamenti-correttivi\/\" target=\"_self\">correcting care products<\/a>.<\/p>\n<p>Unisex. Testato clinicamente sotto controllo dermatologico.<\/p>\n<h2>Principali ingredienti attivi<\/h2>\n<ul>\n<li><strong>Mannuronato di metilsilanolo:<\/strong> derivato organico del silicio. Propriet\u00e0 idratanti. Contribuisce anche a nutrire la pelle. Azione citostimolante. Effetto anti-radicali liberi e anti-glicazione. Migliora la tonicit\u00e0 venosa e ha propriet\u00e0 rassodanti e lipolitiche, oltre a un effetto antinfiammatorio. Contribuisce a promuovere la rigenerazione della pelle. Ritarda la perdita di elasticit\u00e0 della pelle e i cambiamenti nella struttura del tessuto connettivo legati al processo di invecchiamento.<\/li>\n<li><strong>Glicerina:<\/strong> Ripristina l'organizzazione delle lamelle lipidiche intercellulari nello strato corneo e assicura un'idratazione ottimale dei diversi strati dell'epidermide.<\/li>\n<li><strong>Urea:<\/strong> aumenta l'attivit\u00e0 degli enzimi fondamentali necessari per la sintesi dei lipidi nell'epidermide.<\/li>\n<li><strong>Pantenolo (provitamina B5):<\/strong> favorisce la rigenerazione dello strato lipidico epidermico. Le sue propriet\u00e0 igroscopiche facilitano l'idratazione. Stimola la proliferazione cellulare e favorisce la rigenerazione dei tessuti. Protegge e rende l'epidermide morbida e vellutata.<\/li>\n<li><strong>Acido pirrolidone carbossilico<\/strong> Componente del Fattore Naturale di Idratazione (NMF), questa molecola altamente igroscopica agisce come un agente idratante molto efficace. Aiuta a normalizzare le strutture lamellari lipidiche nello strato corneo.<\/li>\n<li><strong>Miscela di aminoacidi:<\/strong> contiene 10 aminoacidi con elevate propriet\u00e0 di ritenzione dell'umidit\u00e0 (arginina, glicina, alanina, serina, valina, isoleucina, prolina, treonina, istidina, fenilalanina), che partecipano alla costituzione dell'NMF.<\/li>\n<li><strong>Decarbossi-carnosina HCL<\/strong> ferma il processo di glicazione. Un importante antiossidante. Un dipeptide sintetico estremamente stabile e non soggetto a degradazione.<\/li>\n<li><strong>Xilitilglucoside + Anidrossilitolo + Xilitolo:<\/strong> armonizzazione del flusso idrico della pelle. Svolge un'azione idratante e ristrutturante. Ottimizza le riserve di idratazione migliorando il livello di idratazione dell'epidermide e aumentando le riserve di acqua della pelle. Contribuisce a limitare la perdita d'acqua transepidermica stimolando la sintesi di ceramide, che rafforza l'effetto barriera e rende la pelle pi\u00f9 forte e resistente. Fornisce un miglioramento visivo della superficie della pelle normalizzando lo spargimento e levigando il microrilievo cutaneo.<\/li>\n<li><strong>Caffeina :<\/strong> riduce le adiposit\u00e0 localizzate, favorendo la disintossicazione dei tessuti.<\/li>\n<li><strong>Trealosio:<\/strong> disacharride di origine naturale. Protegge i danni alla pelle e ai capelli causati dalla disidratazione in condizioni normali ed estreme.<\/li>\n<li><strong>Acqua di fiori di Hamamelis Virginiana:<\/strong> viene utilizzata per le sue propriet\u00e0 astringenti, emostatiche e vasocostrittrici.<\/li>\n<li><strong>Acido glicirretinico:<\/strong> propriet\u00e0 calmanti.<\/li>\n<li><strong>Ialuronato di sodio:<\/strong> Vanta un'eccellente capacit\u00e0 idratante e filmogena. Contribuisce a preservare le caratteristiche pi\u00f9 importanti della pelle giovane, come la morbidezza, l'elasticit\u00e0 e la tonicit\u00e0.<\/li>\n<li><strong>Fosfolipidi + Escina + Beta-Sitosterolo:<\/strong> l'estratto di escina contenuto nei fitosomi (complessi fosfolipidici vegetali biocompatibili) \u00e8 utilizzato per combattere i rossori e illuminare l'incarnato.<\/li>\n<li><strong>Chondrus Crispus Powder (Carragine o Alga Rossa):<\/strong> possiede propriet\u00e0 lenitive, idratanti e ristrutturanti. Ha anche qualit\u00e0 filmogene.<\/li>\n<li><strong>Saccharide Isomerate:<\/strong> ha un alto potenziale di ritenzione idrica e si lega chimicamente alla cheratina (rendendola impossibile da eliminare), migliorando, in questo modo, la ritenzione idrica da parte della cheratina, in quantit\u00e0 considerevoli e in maniera sostenibile. Questo agente calmante e idratante riduce la secchezza e la rugosit\u00e0 della pelle e la lenisce.<\/li>\n<li><strong>Glicole pentilenico:<\/strong> migliora la capacit\u00e0 di ritenzione idrica della pelle e aumenta il suo livello di idratazione. Contribuisce a rigenerare il film idrolipidico dell'epidermide.<\/li>\n<\/ul>","protected":false},"excerpt":{"rendered":"<p>Occhiaie - borse - rughe: corregge i 3 segni di invecchiamento specifici del contorno occhi in un solo gesto. Riunisce 30 principi attivi in una texture gel senza precedenti per restituire l'aspetto giovanile degli occhi dopo poche applicazioni.<\/p>","protected":false},"featured_media":1132,"comment_status":"open","ping_status":"closed","template":"","meta":[],"product_brand":[],"product_cat":[86,73],"product_tag":[],"class_list":{"0":"post-1109","1":"product","2":"type-product","3":"status-publish","4":"has-post-thumbnail","6":"product_cat-mask","7":"product_cat-cosmeceutic","9":"first","10":"instock","11":"taxable","12":"shipping-taxable","13":"purchasable","14":"product-type-simple"},"_links":{"self":[{"href":"https:\/\/3rings.eu\/it\/wp-json\/wp\/v2\/product\/1109","targetHints":{"allow":["GET"]}}],"collection":[{"href":"https:\/\/3rings.eu\/it\/wp-json\/wp\/v2\/product"}],"about":[{"href":"https:\/\/3rings.eu\/it\/wp-json\/wp\/v2\/types\/product"}],"replies":[{"embeddable":true,"href":"https:\/\/3rings.eu\/it\/wp-json\/wp\/v2\/comments?post=1109"}],"version-history":[{"count":0,"href":"https:\/\/3rings.eu\/it\/wp-json\/wp\/v2\/product\/1109\/revisions"}],"wp:featuredmedia":[{"embeddable":true,"href":"https:\/\/3rings.eu\/it\/wp-json\/wp\/v2\/media\/1132"}],"wp:attachment":[{"href":"https:\/\/3rings.eu\/it\/wp-json\/wp\/v2\/media?parent=1109"}],"wp:term":[{"taxonomy":"product_brand","embeddable":true,"href":"https:\/\/3rings.eu\/it\/wp-json\/wp\/v2\/product_brand?post=1109"},{"taxonomy":"product_cat","embeddable":true,"href":"https:\/\/3rings.eu\/it\/wp-json\/wp\/v2\/product_cat?post=1109"},{"taxonomy":"product_tag","embeddable":true,"href":"https:\/\/3rings.eu\/it\/wp-json\/wp\/v2\/product_tag?post=1109"}],"curies":[{"name":"wp","href":"https:\/\/api.w.org\/{rel}","templated":true}]}}