{"id":1112,"date":"2020-11-08T09:53:42","date_gmt":"2020-11-08T08:53:42","guid":{"rendered":"https:\/\/3rings.eu\/sequential-peeling-body-175ml\/"},"modified":"2024-12-05T23:51:00","modified_gmt":"2024-12-05T22:51:00","slug":"nescens-peeling-sequenziale-corpo-175ml","status":"publish","type":"product","link":"https:\/\/3rings.eu\/it\/prodotto\/nescens-peeling-sequenziale-corpo-175ml\/","title":{"rendered":"Peeling sequenziale, corpo - Nescens"},"content":{"rendered":"<p>Con questo peeling sequenziale, l'esfoliazione \u00e8 alla base dell'approccio anti-et\u00e0 Nescens, segnando un significativo passo avanti. La ricerca Nescens ha sviluppato un processo di esfoliazione unico che si basa su una tripla azione sequenziale al fine di portare un potente effetto rinnovatore all'epidermide: biomimetico, enzimatico e meccanico.<\/p>\n<h2>Vantaggi della cosmeceutica<\/h2>\n<ul>\n<li>Pulisce la pelle in profondit\u00e0 e rimuove le impurit\u00e0.<\/li>\n<li>Stimola il rinnovamento cellulare e migliora le propriet\u00e0 meccaniche del tessuto cutaneo (elasticit\u00e0, compattezza, tonicit\u00e0, ecc.).<\/li>\n<li>Rafforza il tessuto cutaneo e contribuisce ad aumentare la sua resistenza ai fattori esterni.<\/li>\n<li>Leviga la superficie della pelle, elimina le rugosit\u00e0 e riduce i difetti superficiali.<\/li>\n<\/ul>\n<h2>Istruzioni d'uso<\/h2>\n<p class=\"translation-block\">Nell'ambito del programma di trattamenti cosmeceutici della pelle, sviluppato da Nescens, utilizzare il peeling sequenziale due volte alla settimana, su tutto il corpo. Si consiglia di applicarlo prima dell'applicazione dei <a href=\"https:\/\/3rings.eu\/it\/categoria-prodotto\/cosmeceutica\/trattamenti-correttivi\/\" target=\"_self\"> trattamenti correttivi Nescens <a \/> per favorirne l'assorbimento e massimizzarne i risultati.<\/p>\n<p>Unisex. Testato clinicamente sotto controllo dermatologico.<\/p>\n<h2>Principali ingredienti attivi<\/h2>\n<ul>\n<li><strong>Acido polilattico (esfoliante meccanico):<\/strong> l'azione lucidante delle microparticelle di acido polilattico rinnova la superficie dell'epidermide. La dimensione delle microparticelle \u00e8 stata scelta per fare uno scrub non aggressivo. Questo polimero naturale, biodegradabile ed ecologico, agisce come un agente esfoliante delicato e non irritante.<\/li>\n<li><strong>Bacillus ferment (esfoliante enzimatico):<\/strong> elimina le cellule morte dalla superficie della pelle attraverso una scissione proteolitica. Migliora l'aspetto e la consistenza della pelle.<\/li>\n<li><strong>Esanoil dipeptide-3 norleucina acetato (esfoliante biomimetico):<\/strong> questa formulazione liposomiale, che incapsula un tripeptide specifico, attiva la rigenerazione delle cellule della pelle accelerando il naturale processo di esfoliazione dell'epidermide.<\/li>\n<\/ul>","protected":false},"excerpt":{"rendered":"<p>Il rinnovamento cellulare, che rallenta con l'et\u00e0, viene riattivato, migliorando le propriet\u00e0 meccaniche dei tessuti (elasticit\u00e0, compattezza, tonicit\u00e0, ecc.). La qualit\u00e0 della pelle viene ripristinata: diventa vellutata e liscia all'istante.<\/p>","protected":false},"featured_media":1135,"comment_status":"open","ping_status":"closed","template":"","meta":[],"product_brand":[],"product_cat":[85,73],"product_tag":[],"class_list":{"0":"post-1112","1":"product","2":"type-product","3":"status-publish","4":"has-post-thumbnail","6":"product_cat-exfoliator","7":"product_cat-cosmeceutic","9":"first","10":"instock","11":"taxable","12":"shipping-taxable","13":"purchasable","14":"product-type-simple"},"_links":{"self":[{"href":"https:\/\/3rings.eu\/it\/wp-json\/wp\/v2\/product\/1112","targetHints":{"allow":["GET"]}}],"collection":[{"href":"https:\/\/3rings.eu\/it\/wp-json\/wp\/v2\/product"}],"about":[{"href":"https:\/\/3rings.eu\/it\/wp-json\/wp\/v2\/types\/product"}],"replies":[{"embeddable":true,"href":"https:\/\/3rings.eu\/it\/wp-json\/wp\/v2\/comments?post=1112"}],"version-history":[{"count":0,"href":"https:\/\/3rings.eu\/it\/wp-json\/wp\/v2\/product\/1112\/revisions"}],"wp:featuredmedia":[{"embeddable":true,"href":"https:\/\/3rings.eu\/it\/wp-json\/wp\/v2\/media\/1135"}],"wp:attachment":[{"href":"https:\/\/3rings.eu\/it\/wp-json\/wp\/v2\/media?parent=1112"}],"wp:term":[{"taxonomy":"product_brand","embeddable":true,"href":"https:\/\/3rings.eu\/it\/wp-json\/wp\/v2\/product_brand?post=1112"},{"taxonomy":"product_cat","embeddable":true,"href":"https:\/\/3rings.eu\/it\/wp-json\/wp\/v2\/product_cat?post=1112"},{"taxonomy":"product_tag","embeddable":true,"href":"https:\/\/3rings.eu\/it\/wp-json\/wp\/v2\/product_tag?post=1112"}],"curies":[{"name":"wp","href":"https:\/\/api.w.org\/{rel}","templated":true}]}}