{"id":1116,"date":"2020-11-08T09:53:42","date_gmt":"2020-11-08T08:53:42","guid":{"rendered":"https:\/\/3rings.eu\/scent-candle-black-tea-180gr\/"},"modified":"2025-02-11T03:12:40","modified_gmt":"2025-02-11T02:12:40","slug":"nescens-candela-profumata-te-nero-180gr","status":"publish","type":"product","link":"https:\/\/3rings.eu\/it\/prodotto\/nescens-candela-profumata-te-nero-180gr\/","title":{"rendered":"Candela profumata, t\u00e8 nero - Nescens"},"content":{"rendered":"<p>Bicchiere di colore nero ornato di foglie di t\u00e8, che mostra il delicato contrasto tra la lucentezza di una finitura lucida e i toni pi\u00f9 sobri del nero opaco. Presentata in un contenitore pregiato, nero e oro. Candela con 3 stoppini 100% cotone, senza piombo, posizionati a mano. Contiene il 10% di profumo. Prodotta in Francia, a Grasse, capitale del profumo. Durata di combustione: circa 150 ore.<\/p>\n<p>Profumo senza allergeni.<\/p>\n<h2>Vantaggi<\/h2>\n<ul>\n<li>Profuma sottilmente e piacevolmente gli spazi comuni.<\/li>\n<li>Crea un'atmosfera calda e rilassante.<\/li>\n<\/ul>\n<h2>Piramide olfattiva<\/h2>\n<p><img fetchpriority=\"high\" decoding=\"async\" class=\"alignnone wp-image-2036 size-full\" title=\"Nescens - Candela profumata - T\u00e8 nero - Piramide olfattiva\" src=\"https:\/\/3rings.eu\/wp-content\/uploads\/2020\/11\/nescens-scented-candle-black-tea-olfactive-pyramid.jpg\" alt=\"Nescens - Candela profumata - T\u00e8 nero - Piramide olfattiva\" width=\"716\" height=\"475\" srcset=\"https:\/\/3rings.eu\/wp-content\/uploads\/2020\/11\/nescens-scented-candle-black-tea-olfactive-pyramid.jpg 716w, https:\/\/3rings.eu\/wp-content\/uploads\/2020\/11\/nescens-scented-candle-black-tea-olfactive-pyramid-300x199.jpg 300w, https:\/\/3rings.eu\/wp-content\/uploads\/2020\/11\/nescens-scented-candle-black-tea-olfactive-pyramid-16x12.jpg 16w, https:\/\/3rings.eu\/wp-content\/uploads\/2020\/11\/nescens-scented-candle-black-tea-olfactive-pyramid-600x398.jpg 600w\" sizes=\"(max-width: 716px) 100vw, 716px\" \/><\/p>\n<h2>Istruzioni d'uso<\/h2>\n<p>Seguire le istruzioni sulla confezione.<\/p>","protected":false},"excerpt":{"rendered":"<p>Sofisticata fragranza dell'inverno, la candela T\u00e8 nero svela le sue note calde e avvolgenti: un saporito profumo di t\u00e8 nero, con l'armonia speziata e legnosa dello zafferano, del rhum e del vetiver associati ai delicati profumi dei boccioli di rosa e del fico bianco. Una candela profumata sottile per un'atmosfera elegante.<\/p>","protected":false},"featured_media":1179,"comment_status":"open","ping_status":"closed","template":"","meta":[],"product_brand":[],"product_cat":[89,73],"product_tag":[],"class_list":{"0":"post-1116","1":"product","2":"type-product","3":"status-publish","4":"has-post-thumbnail","6":"product_cat-fragrance-candle","7":"product_cat-cosmeceutic","9":"first","10":"instock","11":"taxable","12":"shipping-taxable","13":"purchasable","14":"product-type-simple"},"_links":{"self":[{"href":"https:\/\/3rings.eu\/it\/wp-json\/wp\/v2\/product\/1116","targetHints":{"allow":["GET"]}}],"collection":[{"href":"https:\/\/3rings.eu\/it\/wp-json\/wp\/v2\/product"}],"about":[{"href":"https:\/\/3rings.eu\/it\/wp-json\/wp\/v2\/types\/product"}],"replies":[{"embeddable":true,"href":"https:\/\/3rings.eu\/it\/wp-json\/wp\/v2\/comments?post=1116"}],"version-history":[{"count":0,"href":"https:\/\/3rings.eu\/it\/wp-json\/wp\/v2\/product\/1116\/revisions"}],"wp:featuredmedia":[{"embeddable":true,"href":"https:\/\/3rings.eu\/it\/wp-json\/wp\/v2\/media\/1179"}],"wp:attachment":[{"href":"https:\/\/3rings.eu\/it\/wp-json\/wp\/v2\/media?parent=1116"}],"wp:term":[{"taxonomy":"product_brand","embeddable":true,"href":"https:\/\/3rings.eu\/it\/wp-json\/wp\/v2\/product_brand?post=1116"},{"taxonomy":"product_cat","embeddable":true,"href":"https:\/\/3rings.eu\/it\/wp-json\/wp\/v2\/product_cat?post=1116"},{"taxonomy":"product_tag","embeddable":true,"href":"https:\/\/3rings.eu\/it\/wp-json\/wp\/v2\/product_tag?post=1116"}],"curies":[{"name":"wp","href":"https:\/\/api.w.org\/{rel}","templated":true}]}}