{"id":1122,"date":"2020-11-08T09:53:43","date_gmt":"2020-11-08T08:53:43","guid":{"rendered":"https:\/\/3rings.eu\/total-anti-aging-oil-body-150ml\/"},"modified":"2024-07-25T13:58:50","modified_gmt":"2024-07-25T11:58:50","slug":"nescens-olio-totale-anti-invecchiamento-corpo-150ml","status":"publish","type":"product","link":"https:\/\/3rings.eu\/it\/prodotto\/nescens-olio-totale-anti-invecchiamento-corpo-150ml\/","title":{"rendered":"Olio corpo totale anti-invecchiamento - Nescens"},"content":{"rendered":"<p>Le eccezionali propriet\u00e0 delle piante sono alla base del primo olio da massaggio e trattamento di Nescens, che rende la pelle pi\u00f9 soda, liscia e tonica. La formula esclusiva di questo composto a base di olio combina 4 oli vegetali di prima qualit\u00e0 con vitamine contro i radicali liberi. Questi oli sono stati attentamente selezionati per le propriet\u00e0 nutrienti, protettive e riparatrici e per i comprovati effetti di ringiovanimento dei loro ingredienti (vitamine, minerali, antiossidanti e acidi grassi essenziali).<\/p>\n<h2>Vantaggi della cosmeceutica<\/h2>\n<p>Gli ingredienti:<\/p>\n<ul>\n<li>Idratare e nutrire intensamente la pelle, evitando la sua disidratazione.<\/li>\n<li>Attivare il ringiovanimento cellulare, migliorando l'elasticit\u00e0 e la compattezza dei tessuti.<\/li>\n<li>Fornire protezione contro gli agenti esterni.<\/li>\n<li>Ripristinare la luminosit\u00e0 della pelle e lenire le irritazioni.<\/li>\n<li>Levigare, ammorbidire e tonificare i tessuti.<\/li>\n<\/ul>\n<h2>Istruzioni d'uso<\/h2>\n<p>Uso quotidiano, con movimenti modellanti e di rilassamento.<\/p>\n<p>Unisex. Testato clinicamente sotto controllo dermatologico.<\/p>\n<h2>Principali ingredienti attivi<\/h2>\n<ul>\n<li><strong>Olio di Prunus amygdalus dulcis (olio mandorle dolci):<\/strong> agisce come una sostanza lenitiva, dando alla pelle un aspetto morbido e liscio. Migliora la luminosit\u00e0 e la tonicit\u00e0 della pelle. Ha un effetto ringiovanente e levigante. Riduce le cicatrici ipertrofiche nel dopo interventi chirurgici.<\/li>\n<li><strong>Olio di semi di Simmondsia chinensis (olio di jojoba):<\/strong> un olio idratante ed emolliente. Diminuisce la perdita d'acqua trans-epidermica, donando alla pelle morbidezza ed elasticit\u00e0.<\/li>\n<li><strong>Olea europaea fruit oil (olio di oliva):<\/strong> naturalmente ricco di antiossidanti (anti-invecchiamento), squalene (idratante), vitamine, minerali e acidi grassi naturali. Previene la comparsa delle linee sottili e delle rughe; nutre, rigenera e protegge la pelle. Migliora l'elasticit\u00e0 della pelle durante il massaggio.<\/li>\n<li><strong>Olio di nocciolo di Argania spinosa (olio di argan):<\/strong> regola il livello di pH della pelle, contribuisce a proteggere la pelle dalle radiazioni solari e da altri effetti dannosi. Nutre e idrata la pelle secca e squamosa. Stimola il rinnovamento cellulare e migliora l'elasticit\u00e0 della pelle, attenuando le rughe e le linee sottili.<\/li>\n<li><strong>Ascorbil palmitato (vitamina C):<\/strong> stimola la produzione di collagene.<\/li>\n<li><strong>Tocoferolo e acetato di tocoferile (vitamina E):<\/strong> aumenta l'idratazione della pelle. Migliora la qualit\u00e0 della superficie della pelle. Ha un effetto fotoprotettivo e migliora l'efficienza dei fattori di protezione solare (SPF). Promuove l'attivit\u00e0 antiossidante.<\/li>\n<\/ul>","protected":false},"excerpt":{"rendered":"<p>Insieme ai movimenti modellanti e leviganti, l'olio antiet\u00e0 totale Nescens migliora l'espressione dei principali marcatori di giovinezza della pelle: elasticit\u00e0, compattezza, morbidezza, comfort, elasticit\u00e0, tono.<\/p>","protected":false},"featured_media":1127,"comment_status":"open","ping_status":"closed","template":"","meta":[],"product_brand":[],"product_cat":[90,73],"product_tag":[],"class_list":{"0":"post-1122","1":"product","2":"type-product","3":"status-publish","4":"has-post-thumbnail","6":"product_cat-modeling-care","7":"product_cat-cosmeceutic","9":"first","10":"instock","11":"taxable","12":"shipping-taxable","13":"purchasable","14":"product-type-simple"},"_links":{"self":[{"href":"https:\/\/3rings.eu\/it\/wp-json\/wp\/v2\/product\/1122","targetHints":{"allow":["GET"]}}],"collection":[{"href":"https:\/\/3rings.eu\/it\/wp-json\/wp\/v2\/product"}],"about":[{"href":"https:\/\/3rings.eu\/it\/wp-json\/wp\/v2\/types\/product"}],"replies":[{"embeddable":true,"href":"https:\/\/3rings.eu\/it\/wp-json\/wp\/v2\/comments?post=1122"}],"version-history":[{"count":0,"href":"https:\/\/3rings.eu\/it\/wp-json\/wp\/v2\/product\/1122\/revisions"}],"wp:featuredmedia":[{"embeddable":true,"href":"https:\/\/3rings.eu\/it\/wp-json\/wp\/v2\/media\/1127"}],"wp:attachment":[{"href":"https:\/\/3rings.eu\/it\/wp-json\/wp\/v2\/media?parent=1122"}],"wp:term":[{"taxonomy":"product_brand","embeddable":true,"href":"https:\/\/3rings.eu\/it\/wp-json\/wp\/v2\/product_brand?post=1122"},{"taxonomy":"product_cat","embeddable":true,"href":"https:\/\/3rings.eu\/it\/wp-json\/wp\/v2\/product_cat?post=1122"},{"taxonomy":"product_tag","embeddable":true,"href":"https:\/\/3rings.eu\/it\/wp-json\/wp\/v2\/product_tag?post=1122"}],"curies":[{"name":"wp","href":"https:\/\/api.w.org\/{rel}","templated":true}]}}