{"id":1170,"date":"2020-11-08T10:50:43","date_gmt":"2020-11-08T09:50:43","guid":{"rendered":"https:\/\/3rings.eu\/?post_type=product&#038;p=1170"},"modified":"2024-10-20T20:21:32","modified_gmt":"2024-10-20T18:21:32","slug":"nescens-attivatore-siero-cellule-staminali-viso-30ml","status":"publish","type":"product","link":"https:\/\/3rings.eu\/it\/prodotto\/nescens-attivatore-siero-cellule-staminali-viso-30ml\/","title":{"rendered":"Siero attivatore, cellule staminali, viso - Nescens"},"content":{"rendered":"<p>Il siero attivatore, l'ultima creazione della ricerca anti-et\u00e0 di Nescens Biological, aumenta il potere rigenerativo delle cellule staminali nell'epidermide.<\/p>\n<p>Le capacit\u00e0 rigenerative dell'epidermide sono riattivate in modo spettacolare*. In questo modo, Nescens riesce a ricreare le condizioni perfette necessarie per dare vita alle qualit\u00e0 della pelle giovane: compattezza, densit\u00e0, levigatezza, lucentezza, idratazione e uniformit\u00e0. La pelle \u00e8 rinfrescata alla fonte, rimodellata dall'interno, ringiovanita*.<\/p>\n<p><em>*Test in vitro sugli ingredienti. \/ Test in vivo sulla formula.<\/em><\/p>\n<h2>Vantaggi della cosmeceutica<\/h2>\n<ul>\n<li>Rinnovo cellulare accelerato.<\/li>\n<li>Aumento della densit\u00e0 dermica + epidermica.<\/li>\n<li>Riduzione dell'aspetto delle rughe.<\/li>\n<\/ul>\n<h2>Istruzioni d'uso<\/h2>\n<p>Mattina e sera, applicare qualche goccia su viso e collo, prima dell'applicazione dei trattamenti correttivi.<\/p>\n<p class=\"translation-block\">Nell'ambito del piano cosmeceutico Nescens, il siero attivatore, cellule staminali, \u00e8 concepito per essere utilizzato due volte al giorno, prima dell'applicazione della <a href=\"https:\/\/3rings.eu\/it\/categoria-prodotto\/cosmeceutica-2\/trattamenti-correttivi\/\" target=\"_self\">gamma di trattamenti correttivi Nescens<\/a>, per aumentare il potenziale rigenerativo delle cellule epidermiche.<\/p>\n<ol>\n<li class=\"translation-block\"><strong> Nescens trattamento di preparazione<\/strong><br>\n<em>Fase 1<\/em>: Lavare il viso e il collo con <a href=\"https:\/\/3rings.eu\/it\/prodotto\/nescens-gel-detergente-viso-130ml\/\" target=\"_self\">gel detergente<\/a>. Asciugare bene.<br>\n<em>Fase 2<\/em>: Spruzzare <a href=\"https:\/\/3rings.eu\/it\/prodotto\/metabolic-activator-toner-face-150ml\/\" target=\"_self\"> il tonico attivatore metabolico<\/a> sulle mani e applicare su viso e collo perfettamente puliti e asciugati. Massaggiare leggermente la pelle per ottimizzare la penetrazione del tonico.<\/li>\n<li><strong>Siero Nescens<\/strong><br \/>\nUna volta che il tonico attivatore metabolico \u00e8 stato assorbito con successo, procedere con l'applicazione del siero attivatore, cellule staminali.<\/li>\n<li class=\"translation-block\"><strong>Nescens trattamento correttivo<\/strong><br> \nSeguire applicando i <a href=\"https:\/\/3rings.eu\/it\/categoria-prodotto\/cosmeceutica-2\/trattamenti-correttivi\/\" target=\"_self\">trattamenti correttivi Nescens<\/li>\n<\/ol>\n<p>Il siero attivatore, cellule staminali \u00e8 raccomandato in particolare per:<\/p>\n<ul>\n<li>trattamento a lungo termine, per pelli mature che mancano di densit\u00e0 e compattezza.<\/li>\n<li>trattamento temporaneo, per la pelle sottile e sensibile causata da circostanze specifiche ( interventi medici o chirurgia plastica). Chiedete consiglio al vostro medico.<\/li>\n<\/ul>\n<p>Unisex. Testato clinicamente sotto controllo dermatologico.<\/p>\n<h2>Principali ingredienti attivi<\/h2>\n<ul>\n<li><strong>Estratto di cultura del callo di Saponaria pumila (PhytoCellTec Nunatak):<\/strong> questo principio attivo, sviluppato a partire da cellule staminali di Saponaria pumila, protegge le cellule staminali dermiche dalla perdita del loro potenziale di rigenerazione cellulare causata dalle radiazioni solari. La pelle recupera la sua elasticit\u00e0, compattezza e densit\u00e0 dopo 4 settimane di trattamento.<\/li>\n<li><strong>Estratto di cultura del callo di Symphytum officinale (PhytoCellTec Symphytum):<\/strong> principio attivo sviluppato dalle cellule staminali della radice di consolida maggiore. Preserva le capacit\u00e0 di divisione cellulare delle cellule staminali epidermiche dagli effetti dell'invecchiamento. In vitro, sostiene le cellule staminali epidermiche nello sviluppo di una nuova epidermide (3D), pi\u00f9 densa e ricca di acido ialuronico. Aiuta a prevenire la riduzione (atrofia) dell'epidermide causata dall'et\u00e0. Aumenta il contenuto di acqua delle cellule epidermiche, portando ad un miglioramento dell'idratazione profonda.<\/li>\n<li><strong>Estratto di fermentazione di Pichia\/resveratrolo:<\/strong> combatte il sintomo replicativo dell'invecchiamento (riduzione della capacit\u00e0 rigenerativa cellulare), aumentando l'azione della telomerasi (complesso enzimatico coinvolto nella divisione cellulare). Riduce le reazioni infiammatorie (infiammazione) e aumenta la sintesi del collagene IV, una proteina di matrice essenziale per il mantenimento dell'integrit\u00e0 strutturale delle cellule dermiche. Aiuta a ridurre le rughe, migliorare il tono e la consistenza della pelle e controllare la pigmentazione.<\/li>\n<li><strong>Baicalina:<\/strong> Frazione purificata di radici di Scutellaria baicalensis, standardizzata in baicalina. Protegge le cellule staminali epidermiche dagli effetti citotossici dei raggi ultravioletti e aumenta la loro capacit\u00e0 proliferativa. Ritarda il processo di invecchiamento dei fibroblasti cutanei. I fibroblasti trattati con questo principio attivo sono in grado di subire cinque divisioni supplementari, il che equivale a un aumento del 10% delle duplicazioni. Aiuta a rallentare l'invecchiamento della pelle. Test in vivo hanno anche dimostrato un miglioramento della struttura della pelle, cos\u00ec come un aumento della compattezza e dell'elasticit\u00e0.<\/li>\n<li><strong>Palmitoyl tetrapeptide-7+ Palmitoyl tetrapeptide-1:<\/strong> contiene matrikine che attivano la sintesi delle macromolecole della matrice extracellulare, sulla base dell'azione dei geni coinvolti nella ristrutturazione e riparazione della pelle. Garantisce un'efficacia antirughe visibile. Inoltre fornisce un significativo e sostanziale miglioramento dell'elasticit\u00e0 e del tono della pelle.<\/li>\n<li><strong>Retinil-Palmitato<\/strong> Accelera la rigenerazione delle cellule epidermiche e regola la loro differenziazione. Aiuta a migliorare la struttura e la compattezza della pelle. Previene la desquamazione e la secchezza della pelle.<\/li>\n<li><strong>Niacinamide:<\/strong> principio attivo multifunzionale. Attiva la proliferazione dei cheratinociti e dei fibroblasti. Rafforza la barriera epidermica aumentando la sua resistenza alla degradazione. Aumenta l'idratazione dello strato corneo. Accelera la differenziazione dei cheratinociti. Stimola selettivamente la sintesi del collagene e migliora cos\u00ec l'aspetto della pelle matura. Contribuisce allo schiarimento della pelle intervenendo sul trasferimento dei melanosomi ai cheratinociti. Test in vivo hanno dimostrato che la niacinamide riduce significativamente le macchie dell'et\u00e0, riequilibrando cos\u00ec la carnagione.<\/li>\n<li><strong>Acetyl glucosamine (N-Acetyl glucosamine):<\/strong> attiva la sintesi di collagene ed elastina da parte dei fibroblasti e la produzione di acido ialuronico e glicosaminoglicani da parte dei cheratinociti. Promuove l'adesione cellulare (lega le glicoproteine che assicurano la coesione dei corneociti). Stimola l'azione dei marcatori di differenziazione dei cheratinociti (cheratina, involucrina).<\/li>\n<li><strong>Sodio ialuronato (acido ialuronico frammentato):<\/strong> aiuta a mantenere l'idratazione e la compattezza della pelle grazie alla stimolazione della coesione cellulare e della sintesi del collagene. Impedisce la perdita di idratazione dell'epidermide rafforzando i legami tra i cheratinociti. Grazie alla sua capacit\u00e0 igroscopica unica, mantiene l'idratazione formando depositi d'acqua nel derma.<\/li>\n<li><strong>Pantenolo (provitamina B5):<\/strong> aiuta a ripristinare gli strati lipidici epidermici. Idrata e stimola la divisione cellulare, oltre a promuovere la rigenerazione dei tessuti. Protegge e fornisce alla pelle morbidezza ed elasticit\u00e0.<\/li>\n<\/ul>","protected":false},"excerpt":{"rendered":"<p>L'attivazione mirata delle cellule staminali epidermiche d\u00e0 vita a nuove cellule, ottimizzando la rigenerazione epidermica e donando un aspetto giovanile alla pelle.<\/p>","protected":false},"featured_media":1171,"comment_status":"open","ping_status":"closed","template":"","meta":[],"product_brand":[],"product_cat":[84,73],"product_tag":[],"class_list":{"0":"post-1170","1":"product","2":"type-product","3":"status-publish","4":"has-post-thumbnail","6":"product_cat-serum","7":"product_cat-cosmeceutic","9":"first","10":"instock","11":"taxable","12":"shipping-taxable","13":"purchasable","14":"product-type-simple"},"_links":{"self":[{"href":"https:\/\/3rings.eu\/it\/wp-json\/wp\/v2\/product\/1170","targetHints":{"allow":["GET"]}}],"collection":[{"href":"https:\/\/3rings.eu\/it\/wp-json\/wp\/v2\/product"}],"about":[{"href":"https:\/\/3rings.eu\/it\/wp-json\/wp\/v2\/types\/product"}],"replies":[{"embeddable":true,"href":"https:\/\/3rings.eu\/it\/wp-json\/wp\/v2\/comments?post=1170"}],"version-history":[{"count":0,"href":"https:\/\/3rings.eu\/it\/wp-json\/wp\/v2\/product\/1170\/revisions"}],"wp:featuredmedia":[{"embeddable":true,"href":"https:\/\/3rings.eu\/it\/wp-json\/wp\/v2\/media\/1171"}],"wp:attachment":[{"href":"https:\/\/3rings.eu\/it\/wp-json\/wp\/v2\/media?parent=1170"}],"wp:term":[{"taxonomy":"product_brand","embeddable":true,"href":"https:\/\/3rings.eu\/it\/wp-json\/wp\/v2\/product_brand?post=1170"},{"taxonomy":"product_cat","embeddable":true,"href":"https:\/\/3rings.eu\/it\/wp-json\/wp\/v2\/product_cat?post=1170"},{"taxonomy":"product_tag","embeddable":true,"href":"https:\/\/3rings.eu\/it\/wp-json\/wp\/v2\/product_tag?post=1170"}],"curies":[{"name":"wp","href":"https:\/\/api.w.org\/{rel}","templated":true}]}}