{"id":3175,"date":"2021-11-10T10:46:12","date_gmt":"2021-11-10T09:46:12","guid":{"rendered":"https:\/\/3rings.eu\/?post_type=product&#038;p=3175"},"modified":"2024-10-27T20:09:30","modified_gmt":"2024-10-27T19:09:30","slug":"crema-relipidante-bioidentica-viso-nescens-100ml","status":"publish","type":"product","link":"https:\/\/3rings.eu\/it\/prodotto\/crema-relipidante-bioidentica-viso-nescens-100ml\/","title":{"rendered":"Bio-Identical Lipid Replenishing Cream, Face &#8211; Nescens, 100ml"},"content":{"rendered":"<p>L'esclusiva formulazione della crema lipidica bio-identica Nescens aiuta a ridare consistenza, volume e comfort alle pelli pi\u00f9 secche. Questa preparazione estremamente ricca penetra idealmente negli strati superficiali dell'epidermide, svolgendo un'azione rigenerante. L'epitelio \u00e8 meglio protetto, pi\u00f9 resistente alle aggressioni esterne.<br \/>\nVantaggi della cosmeceutica<\/p>\n<p>Risolutamente innovativa, questa formulazione cosmeceutica Nescens agisce a due livelli per :<\/p>\n<p>    compensare le carenze lipidiche presenti durante il processo di invecchiamento cutaneo, attraverso l'apporto esogeno di diverse classi di lipidi bioidentici (analoghi ai lipidi prodotti naturalmente nella pelle);<br \/>\n    riattivare simultaneamente la sintesi dei lipidi fisiologici danneggiati dall'avanzare dell'et\u00e0.<\/p>\n<p>Questo innovativo processo di ricostituzione dei lipidi induce:<\/p>\n<p>    una reidratazione profonda e duratura dell'epidermide, fin dalle prime applicazioni;<br \/>\n    un miglioramento delle propriet\u00e0 meccaniche della pelle: elasticit\u00e0, robustezza e compattezza;<br \/>\n    una riduzione significativa delle micro-pieghe e delle linee sottili;<br \/>\n    una normalizzazione della desquamazione eccessiva, caratteristica della pelle secca;<br \/>\n    una attenuazione della rugosit\u00e0 della superficie.<\/p>\n<p>Istruzioni d'uso<\/p>\n<p>Applicare al mattino e alla sera su viso e collo, da solo o insieme agli altri prodotti per il trattamento correttivo Nescens.<\/p>\n<p class=\"translation-block\">La crema relipidante bio-identica \u00e8 consigliata per il trattamento a lungo termine dei disturbi costituzionali della pelle secca o come trattamento intensivo (12 settimane) per disturbi occasionali della pelle secca. Secondo il sistema cosmeceutico Nescens, utilizzare la crema relipidante bioidentica due volte al giorno, indipendentemente o in combinazione con altri <a href=\"https:\/\/3rings.eu\/it\/categoria-prodotto\/cosmeceutica\/trattamenti-correttivi\/\" target=\"_self\">prodotti correttivi Nescens<\/a>.<\/p>\n<p>Unisex. Testato clinicamente sotto controllo dermatologico.<br \/>\nPrincipali ingredienti attivi<\/p>\n<p>    Ceramid AP, NP e EOP: lipidi fondamentali necessari per il ripristino della barriera idrolipidica. Assicurano la coesione dello strato corneo della pelle.<br \/>\n    Fitosfingosina: riduce l'attivit\u00e0 delle metalloproteasi della matrice e aumenta la produzione di proteine della matrice extracellulare. Stimola la differenziazione dei cheratinociti. Rafforza la coesione dei corneociti. Ha effetti anti-invecchiamento.<br \/>\n    Colesterolo: componente essenziale della barriera lipidica epidermica.<br \/>\n    Acido palmitico: regola l'acidificazione, l'integrit\u00e0 e la coesione dello strato corneo. Aumenta l'idratazione e l'elasticit\u00e0 della pelle.<br \/>\n    Acido stearico: gioca un ruolo chiave nel mantenere la flessibilit\u00e0 della barriera lipidica nello strato corneo. Ha un effetto antinfiammatorio.<br \/>\n    Niacinamide: esercita un effetto stabilizzante sulla barriera epidermica. Migliora l'idratazione dello strato corneo. Accelera la differenziazione dei cheratinociti.<br \/>\n    Glicerina: ripristina l'organizzazione delle lamelle lipidiche intercellulari nello strato corneo. Fornisce idratazione ai diversi strati dell'epidermide.<br \/>\n    Urea: riduce l'iperproliferazione epidermica e induce la differenziazione dei cheratinociti. Aumenta gli enzimi epidermici che sintetizzano i lipidi<br \/>\n    Saccaride isomerato: fornisce un'idratazione molto efficace e duratura in condizioni di aria secca e bassa umidit\u00e0 relativa.<\/p>","protected":false},"excerpt":{"rendered":"<p>Riempita intensivamente di lipidi, la pelle recupera l'aspetto pieno, elastico e rimpolpato di una pelle pi\u00f9 giovane. La sua superficie appare pi\u00f9 liscia e setosa e il suo incarnato pi\u00f9 luminoso. Ripristina sostanza e volume, donando comfort anche alle pelli pi\u00f9 secche.<\/p>","protected":false},"featured_media":3176,"comment_status":"open","ping_status":"closed","template":"","meta":[],"product_brand":[],"product_cat":[73,86],"product_tag":[],"class_list":{"0":"post-3175","1":"product","2":"type-product","3":"status-publish","4":"has-post-thumbnail","6":"product_cat-cosmeceutic","7":"product_cat-mask","9":"first","10":"instock","11":"taxable","12":"shipping-taxable","13":"purchasable","14":"product-type-simple"},"_links":{"self":[{"href":"https:\/\/3rings.eu\/it\/wp-json\/wp\/v2\/product\/3175","targetHints":{"allow":["GET"]}}],"collection":[{"href":"https:\/\/3rings.eu\/it\/wp-json\/wp\/v2\/product"}],"about":[{"href":"https:\/\/3rings.eu\/it\/wp-json\/wp\/v2\/types\/product"}],"replies":[{"embeddable":true,"href":"https:\/\/3rings.eu\/it\/wp-json\/wp\/v2\/comments?post=3175"}],"version-history":[{"count":0,"href":"https:\/\/3rings.eu\/it\/wp-json\/wp\/v2\/product\/3175\/revisions"}],"wp:featuredmedia":[{"embeddable":true,"href":"https:\/\/3rings.eu\/it\/wp-json\/wp\/v2\/media\/3176"}],"wp:attachment":[{"href":"https:\/\/3rings.eu\/it\/wp-json\/wp\/v2\/media?parent=3175"}],"wp:term":[{"taxonomy":"product_brand","embeddable":true,"href":"https:\/\/3rings.eu\/it\/wp-json\/wp\/v2\/product_brand?post=3175"},{"taxonomy":"product_cat","embeddable":true,"href":"https:\/\/3rings.eu\/it\/wp-json\/wp\/v2\/product_cat?post=3175"},{"taxonomy":"product_tag","embeddable":true,"href":"https:\/\/3rings.eu\/it\/wp-json\/wp\/v2\/product_tag?post=3175"}],"curies":[{"name":"wp","href":"https:\/\/api.w.org\/{rel}","templated":true}]}}