{"id":3223,"date":"2022-04-26T08:53:43","date_gmt":"2022-04-26T06:53:43","guid":{"rendered":"https:\/\/3rings.eu\/?post_type=product&#038;p=3223"},"modified":"2023-01-05T08:06:22","modified_gmt":"2023-01-05T07:06:22","slug":"zombie-cell-clearing-serum-face","status":"publish","type":"product","link":"https:\/\/3rings.eu\/it\/prodotto\/zombie-cell-clearing-serum-face\/","title":{"rendered":"Zombie Cell Elimination Serum - Face"},"content":{"rendered":"<div class=\"app_4\">\n<h4>Targeted issues<\/h4>\n<p>Global skin-aging, redness and lack of density and elasticity.<\/p>\n<\/div>\n<div class=\"app_1\">\n<h4>Vantaggi della cosmeceutica<\/h4>\n<p>Nei tessuti giovani, le cellule senescenti si \"autodistruggono\" attraverso un processo biologicamente programmato. Tuttavia, quando invecchiamo e siamo esposti a fonti di stress ossidativo, come i raggi UV e l'inquinamento, il numero di cellule senescenti aumenta gradualmente.<\/p>\n<p>Queste cellule non possono pi\u00f9 rinnovarsi e rigenerare i tessuti, ma nemmeno morire, da cui il termine \"cellule zombie\". Invece, secernono sostanze che possono causare infiammazione e invecchiamento, contaminando le cellule vicine e facendo diventare senescenti anche loro.<\/p>\n<p>Quando queste \"cellule zombie\" sono presenti, la pelle invecchia pi\u00f9 velocemente, perdendo il suo spessore, guadagnando rughe e diventando meno densa ed elastica. Nescens ha creato una formula avanzata che contiene un'alta concentrazione di agenti senolitici che possono colpire le cellule senescenti e ripristinare il tessuto.<\/p>\n<p>Risultati dello studio clinico*<\/p>\n<p>Dopo solo quattro settimane, il siero ha mostrato risultati statisticamente significativi nelle seguenti aree:<\/p>\n<p>Riduzione del rossore:<\/p>\n<p>- 31% &gt; La riduzione del rossore dimostra che il siero allevia il processo di infiammazione, che \u00e8 noto per accelerare l'invecchiamento.<\/p>\n<p>Maggiore elasticit\u00e0:<\/p>\n<p>+ 12% Aumento della densit\u00e0 della pelle:<\/p>\n<p>+ 6,6% &gt; L'aumento della densit\u00e0 e dell'elasticit\u00e0 della pelle \u00e8 la prova che il siero aumenta la produzione di collagene, ringiovanendo la pelle dall'interno.<\/p>\n<p>*Test in vivo - quattro settimane - 31 volontari, dai 40 ai 70 anni.<\/p>\n<p>Il 71% delle persone intervistate trova che il prodotto...<\/p>\n<ul>\n<li>migliora e affina la qualit\u00e0 della pelle,<\/li>\n<li>restituisce alla pelle la sua elasticit\u00e0,<\/li>\n<li>aiuta la pelle a sentirsi rigenerata ed energizzata. 75%<\/li>\n<li>rende la pelle pi\u00f9 bella,<\/li>\n<li>migliora significativamente l'elasticit\u00e0 della pelle,<\/li>\n<li>dona alla pelle un bagliore sano e un aspetto radioso,<\/li>\n<li>dona una sensazione di cura intensa e una finitura vellutata. 79%<\/li>\n<li>rende la pelle pi\u00f9 fresca. 82%<\/li>\n<li>lascia la pelle morbida e liscia per molto tempo.<\/li>\n<\/ul>\n<p>&nbsp;<\/p>\n<p>*Autovalutazione - quattro settimane - 28 volontari, dai 40 ai 70 anni.<\/p><\/div>\n<p>&nbsp;<\/p>\n<p>&nbsp;<\/p>","protected":false},"excerpt":{"rendered":"<p>Nescens crea il primo siero per eliminare le \"cellule zombie\", che accelerano l'invecchiamento.<\/p>\n<p>Senolytic agents contribute to clearing senescent cells without harming healthy cells while contributing to the regeneration and rejuvenation of tissue.<\/p>","protected":false},"featured_media":3213,"comment_status":"open","ping_status":"closed","template":"","meta":[],"product_brand":[],"product_cat":[73,84],"product_tag":[],"class_list":{"0":"post-3223","1":"product","2":"type-product","3":"status-publish","4":"has-post-thumbnail","6":"product_cat-cosmeceutic","7":"product_cat-serum","9":"first","10":"instock","11":"taxable","12":"shipping-taxable","13":"purchasable","14":"product-type-simple"},"_links":{"self":[{"href":"https:\/\/3rings.eu\/it\/wp-json\/wp\/v2\/product\/3223","targetHints":{"allow":["GET"]}}],"collection":[{"href":"https:\/\/3rings.eu\/it\/wp-json\/wp\/v2\/product"}],"about":[{"href":"https:\/\/3rings.eu\/it\/wp-json\/wp\/v2\/types\/product"}],"replies":[{"embeddable":true,"href":"https:\/\/3rings.eu\/it\/wp-json\/wp\/v2\/comments?post=3223"}],"version-history":[{"count":0,"href":"https:\/\/3rings.eu\/it\/wp-json\/wp\/v2\/product\/3223\/revisions"}],"wp:featuredmedia":[{"embeddable":true,"href":"https:\/\/3rings.eu\/it\/wp-json\/wp\/v2\/media\/3213"}],"wp:attachment":[{"href":"https:\/\/3rings.eu\/it\/wp-json\/wp\/v2\/media?parent=3223"}],"wp:term":[{"taxonomy":"product_brand","embeddable":true,"href":"https:\/\/3rings.eu\/it\/wp-json\/wp\/v2\/product_brand?post=3223"},{"taxonomy":"product_cat","embeddable":true,"href":"https:\/\/3rings.eu\/it\/wp-json\/wp\/v2\/product_cat?post=3223"},{"taxonomy":"product_tag","embeddable":true,"href":"https:\/\/3rings.eu\/it\/wp-json\/wp\/v2\/product_tag?post=3223"}],"curies":[{"name":"wp","href":"https:\/\/api.w.org\/{rel}","templated":true}]}}